{"id":2,"date":"2020-10-07T08:26:25","date_gmt":"2020-10-07T08:26:25","guid":{"rendered":"https:\/\/www.elementsescaperoom.com\/?page_id=2"},"modified":"2025-09-02T20:45:25","modified_gmt":"2025-09-02T20:45:25","slug":"elements-escape-room-barcelona","status":"publish","type":"page","link":"https:\/\/thecityescaperoom.com\/barcelona\/","title":{"rendered":"inicio"},"content":{"rendered":"<section class=\"l-section wpb_row us_custom_a45b747c has_text_color height_medium\"><div class=\"l-section-overlay\" style=\"background:var(--color-header-transparent-bg)\"><\/div><div class=\"l-section-h i-cf\"><div class=\"g-cols vc_row via_flex valign_middle type_default\"><div class=\"vc_col-sm-6 wpb_column vc_column_container\"><div class=\"vc_column-inner\"><div class=\"wpb_wrapper\">[vc_custom_heading text=\u00bbTHE CITY ESCAPE ROOM BARCELONA\u00bb font_container=\u00bbtag:h1|text_align:left\u00bb use_theme_fonts=\u00bbyes\u00bb css=\u00bb%7B%22default%22%3A%7B%22font-weight%22%3A%22800%22%2C%22font-size%22%3A%222.4rem%22%2C%22margin-bottom%22%3A%223rem%22%7D%2C%22tablets%22%3A%7B%22font-weight%22%3A%22800%22%2C%22font-size%22%3A%222.4rem%22%7D%2C%22mobiles%22%3A%7B%22font-weight%22%3A%22800%22%2C%22font-size%22%3A%221.9rem%22%7D%7D\u00bb]<div class=\"wpb_text_column us_custom_9146cba2\"><div class=\"wpb_wrapper\"><p>En 2093, Barcelona est\u00e1 controlada por un gobierno totalitario. El Gran L\u00edder, Neil Parker, lo vigila absolutamente todo.<\/p>\n<p>La mano ejecutora de Parker, los Guardianes de la Ciudad, controlan cada aspecto de la vida de los ciudadanos. Las estrictas normas impuestas estos Guardianes, oprimen a todos los habitantes de la City hasta tal punto que pasarlo bien no es una opci\u00f3n: el ocio est\u00e1 prohibido y re\u00edr es delito.<\/p>\n<p>La resistencia que lucha contra Parker no descansa. \u00bfTe unes a ellos? Te esperamos a The City Escape Room Barcelona, ubicado en Terrassa, junto al Parc Vall\u00e8s.<\/p>\n<\/div><\/div><div class=\"w-btn-wrapper align_left\"><a class=\"w-btn us-btn-style_1 us_custom_efba323b juegos-btn has_text_color\" title=\"Juegos\" href=\"#juegos\"><span class=\"w-btn-label\">VER TODOS LOS JUEGOS<\/span><\/a><\/div><\/div><\/div><\/div><div class=\"vc_col-sm-6 vc_hidden-xs wpb_column vc_column_container\"><div class=\"vc_column-inner\"><div class=\"wpb_wrapper\"><div class=\"w-image us_custom_a0a01ed5 align_center\"><div class=\"w-image-h\"><img width=\"945\" height=\"611\" src=\"https:\/\/thecityescaperoom.com\/barcelona\/wp-content\/uploads\/2022\/10\/barcelona_1.png\" class=\"attachment-full size-full\" alt=\"The City Escape Room Barcelona\" decoding=\"async\" loading=\"lazy\" srcset=\"https:\/\/thecityescaperoom.com\/barcelona\/wp-content\/uploads\/2022\/10\/barcelona_1.png 945w, https:\/\/thecityescaperoom.com\/barcelona\/wp-content\/uploads\/2022\/10\/barcelona_1-300x194.png 300w, https:\/\/thecityescaperoom.com\/barcelona\/wp-content\/uploads\/2022\/10\/barcelona_1-230x149.png 230w\" sizes=\"(max-width: 945px) 100vw, 945px\" \/><\/div><\/div><\/div><\/div><\/div><\/div><\/div><\/section><section class=\"l-section wpb_row us_custom_1e68e05c has_text_color height_medium\" id=\"juegos\"><div class=\"l-section-h i-cf\"><div class=\"g-cols vc_row via_flex valign_top type_default\"><div class=\"vc_col-sm-12 wpb_column vc_column_container\"><div class=\"vc_column-inner\"><div class=\"wpb_wrapper\">[vc_custom_heading text=\u00bbNuestras salas en Terrassa\u00bb font_container=\u00bbtag:h3|text_align:center\u00bb use_theme_fonts=\u00bbyes\u00bb css=\u00bb%7B%22default%22%3A%7B%22font-weight%22%3A%22700%22%2C%22font-size%22%3A%222.2rem%22%7D%7D\u00bb]<div class=\"wpb_text_column us_custom_42d76bbe\"><div class=\"wpb_wrapper\"><p>La resistencia que lucha contra Parker no descansa. En su pugna por derrotar al tirano y recuperar el poder, la resistencia cuenta con varios locales clandestinos desde los que se organizan los ataques incesantes al r\u00e9gimen. En esos locales, pasarlo bien est\u00e1 permitido y re\u00edr es obligado. A continuaci\u00f3n puedes ver los distintos locales clandestinos de The City Escape Room Barcelona, en los que os esperamos muy pronto para derrotar al tirano Neil Parker:<\/p>\n<\/div><\/div><div class=\"w-html us_custom_8d0ff714\"><div class=\"ct-grid\">\n        <a class=\"ct-room\" href=\"\/barcelona\/estudio-de-television\/\" style=\"background: #047788\">\n          <img src=\"https:\/\/thecityescaperoom.com\/barcelona\/wp-content\/uploads\/2022\/10\/estudio-de-television.png\" \/>\n          <h3>Estudio de televisi\u00f3n<\/h3>\n      \n          <div class=\"ct-iconography\">\n            <div>\n              <img title=\"Duraci\u00f3n\" src=\"https:\/\/thecityescaperoom.com\/barcelona\/wp-content\/uploads\/2022\/10\/reloj.png\" \/>\n              <span>75 min<\/span>\n            <\/div>\n            <div>\n              <img title=\"N\u00famero de jugadores\" src=\"https:\/\/thecityescaperoom.com\/barcelona\/wp-content\/uploads\/2022\/10\/grupos-e1664804262775.png\" \/>\n              <span>2-4<\/span>\n            <\/div>\n            <div>\n              <img title=\"Dificultad\" src=\"https:\/\/thecityescaperoom.com\/barcelona\/wp-content\/uploads\/2022\/10\/volumen.png\" \/>\n              <span>Medio<\/span>\n            <\/div>\n          <\/div>\n        <\/a>\n      \n        <a class=\"ct-room\" href=\"\/barcelona\/academia-de-cocina-megachef\/\" style=\"background: #be36ad\">\n          <img src=\"https:\/\/thecityescaperoom.com\/barcelona\/wp-content\/uploads\/2022\/10\/academia-de-cocina.png\" \/>\n          <h3>Academia de cocina<\/h3>\n      \n          <div class=\"ct-iconography\">\n            <div>\n              <img title=\"Duraci\u00f3n\" src=\"https:\/\/thecityescaperoom.com\/barcelona\/wp-content\/uploads\/2022\/10\/reloj.png\" \/>\n              <span>75 min<\/span>\n            <\/div>\n            <div>\n              <img title=\"N\u00famero de jugadores\" src=\"https:\/\/thecityescaperoom.com\/barcelona\/wp-content\/uploads\/2022\/10\/grupos-e1664804262775.png\" \/>\n              <span>4-16<\/span>\n            <\/div>\n            <div>\n              <img title=\"Dificultad\" src=\"https:\/\/thecityescaperoom.com\/barcelona\/wp-content\/uploads\/2022\/10\/volumen.png\" \/>\n              <span>Medio\/Alto<\/span>\n            <\/div>\n          <\/div>\n        <\/a>\n      \n        <a class=\"ct-room\" href=\"\/barcelona\/la-taberna\/\" style=\"background: #a732ff\">\n          <img src=\"https:\/\/thecityescaperoom.com\/barcelona\/wp-content\/uploads\/2023\/05\/la-taberna-1.png\" \/>\n          <h3>La taberna<\/h3>\n      \n          <div class=\"ct-iconography\">\n            <div>\n              <img title=\"Duraci\u00f3n\" src=\"https:\/\/thecityescaperoom.com\/barcelona\/wp-content\/uploads\/2022\/10\/reloj.png\" \/>\n              <span>120 min<\/span>\n            <\/div>\n            <div>\n              <img title=\"N\u00famero de jugadores\" src=\"https:\/\/thecityescaperoom.com\/barcelona\/wp-content\/uploads\/2022\/10\/grupos-e1664804262775.png\" \/>\n              <span>2-7<\/span>\n            <\/div>\n            <div>\n              <img title=\"Dificultad\" src=\"https:\/\/thecityescaperoom.com\/barcelona\/wp-content\/uploads\/2022\/10\/volumen.png\" \/>\n              <span>Medio<\/span>\n            <\/div>\n          <\/div>\n        <\/a>\n      \n        <div class=\"ct-room\" style=\"display: none;\" href=\"#\" style=\"background: #797979\">\n          <img src=\"https:\/\/thecityescaperoom.com\/barcelona\/wp-content\/uploads\/2022\/10\/en-construccion.png\" \/>\n          <h3>En construcci\u00f3n<\/h3>\n        <\/div>\n        <a class=\"ct-room\" href=\"\/barcelona\/la-lanzadera\/\" style=\"background: #d332ff\">\n            <img src=\"https:\/\/thecityescaperoom.com\/barcelona\/wp-content\/uploads\/2023\/12\/lanzadera.jpg\" \/>\n            <h3>La lanzadera<\/h3>\n        \n            <div class=\"ct-iconography\">\n              <div>\n                <img title=\"Duraci\u00f3n\" src=\"https:\/\/thecityescaperoom.com\/barcelona\/wp-content\/uploads\/2022\/10\/reloj.png\" \/>\n                <span>60 min<\/span>\n              <\/div>\n              <div>\n                <img title=\"N\u00famero de jugadores\" src=\"https:\/\/thecityescaperoom.com\/barcelona\/wp-content\/uploads\/2022\/10\/grupos-e1664804262775.png\" \/>\n                <span>2-18<\/span>\n              <\/div>\n              <div>\n                <img title=\"Tipo de juego\" src=\"https:\/\/thecityescaperoom.com\/barcelona\/wp-content\/uploads\/2023\/12\/icons8-joystick-64.png\" \/>\n                <span>Arcade<\/span>\n              <\/div>\n            <\/div>\n          <\/a>\n\n        <a class=\"ct-room\" href=\"\/barcelona\/la-agencia\/\" style=\"background: #3a7cd2\">\n            <img src=\"https:\/\/thecityescaperoom.com\/barcelona\/wp-content\/uploads\/2024\/07\/la-agencia-virtual-game.jpg\" \/>\n            <h3>La agencia<\/h3>\n        \n            <div class=\"ct-iconography\">\n              <div>\n                <img title=\"Duraci\u00f3n\" src=\"https:\/\/thecityescaperoom.com\/barcelona\/wp-content\/uploads\/2022\/10\/reloj.png\" \/>\n                <span>60 min<\/span>\n              <\/div>\n              <div>\n                <img title=\"N\u00famero de jugadores\" src=\"https:\/\/thecityescaperoom.com\/barcelona\/wp-content\/uploads\/2022\/10\/grupos-e1664804262775.png\" \/>\n                <span>2-8<\/span>\n              <\/div>\n              <div>\n                <img title=\"Tipo de juego\" src=\"https:\/\/thecityescaperoom.com\/barcelona\/wp-content\/uploads\/2023\/12\/icons8-joystick-64.png\" \/>\n                <span>Realidad Virtual<\/span>\n              <\/div>\n            <\/div>\n          <\/a>\n\n        <a class=\"ct-room\" href=\"\/barcelona\/base-secreta\/\" style=\"background: #de1943\">\n          <img src=\"https:\/\/thecityescaperoom.com\/barcelona\/wp-content\/uploads\/2024\/08\/imagen-codigo-rojo-juegos.jpg\" \/>\n          <h3>Base secreta: C\u00f3digo rojo<\/h3>\n      \n          <div class=\"ct-iconography\">\n            <div>\n              <img title=\"Duraci\u00f3n\" src=\"https:\/\/thecityescaperoom.com\/barcelona\/wp-content\/uploads\/2022\/10\/reloj.png\" \/>\n              <span>80 min<\/span>\n            <\/div>\n            <div>\n              <img title=\"N\u00famero de jugadores\" src=\"https:\/\/thecityescaperoom.com\/barcelona\/wp-content\/uploads\/2022\/10\/grupos-e1664804262775.png\" \/>\n              <span>2-8<\/span>\n            <\/div>\n            <div>\n              <img title=\"Dificultad\" src=\"https:\/\/thecityescaperoom.com\/barcelona\/wp-content\/uploads\/2022\/10\/volumen.png\" \/>\n              <span>Medio<\/span>\n            <\/div>\n          <\/div>\n        <\/a>\n        \n      <\/div><\/div><\/div><\/div><\/div><\/div><\/div><\/section><section class=\"l-section wpb_row us_custom_64071cf0 height_medium\" id=\"donde\"><div class=\"l-section-h i-cf\"><div class=\"g-cols vc_row via_flex valign_top type_default\"><div class=\"vc_col-sm-12 wpb_column vc_column_container\"><div class=\"vc_column-inner\"><div class=\"wpb_wrapper\">[vc_custom_heading text=\u00bb\u00bfD\u00f3nde estamos?\u00bb font_container=\u00bbtag:h3|text_align:center\u00bb use_theme_fonts=\u00bbyes\u00bb css=\u00bb%7B%22default%22%3A%7B%22font-weight%22%3A%22700%22%2C%22font-size%22%3A%222.2rem%22%2C%22margin-bottom%22%3A%2224px%22%7D%7D\u00bb]<\/div><\/div><\/div><div class=\"vc_col-sm-6 wpb_column vc_column_container\"><div class=\"vc_column-inner us_custom_e7f5d98a\"><div class=\"wpb_wrapper\"><div class=\"wpb_text_column\"><div class=\"wpb_wrapper\"><p style=\"text-align: center;\"><iframe loading=\"lazy\" src=\"https:\/\/www.google.com\/maps\/d\/u\/0\/embed?mid=1f8-A8tbfwfab1djMFRogI8DBq-CGUZsh&amp;amp%3Behbc=2E312F&amp;ll=41.54663470000002%2C2.0269031999999942&amp;z=13\" width=\"640\" height=\"380\"><\/iframe><\/p>\n<\/div><\/div><\/div><\/div><\/div><div class=\"vc_col-sm-6 wpb_column vc_column_container\"><div class=\"vc_column-inner\"><div class=\"wpb_wrapper\"><div class=\"w-hwrapper align_none valign_top\"><div class=\"wpb_text_column us_custom_f73f4019\"><div class=\"wpb_wrapper\"><p><strong>The City Escape Room<\/strong><br \/>\nC\/ Llobregat 4B, Local 11,<br \/>\nTerrassa, 08223<br \/>\n<em>A 2 minutos andando del Parc Valles<\/em><\/p>\n<p><strong>The City Centre<\/strong><br \/>\nLa Base Secreta: C\u00f3digo Rojo<br \/>\nC\/ Nicolau Tall\u00f3 108<br \/>\nTerrassa, <span class=\"fMYBhe\">08224<\/span><\/p>\n<p><strong>Tel\u00e9fono<\/strong><br \/>\n<a href=\"tel:682289441\">+34 682 289 441<\/a><\/p>\n<p><strong>Email<\/strong><br \/>\n<a href=\"mailto:barcelona@thecityescaperoom.com\">barcelona@thecityescaperoom.com <\/a><\/p>\n<\/div><\/div><\/div><\/div><\/div><\/div><\/div><\/div><\/section><section class=\"l-section wpb_row us_custom_2b991ef7 height_medium\"><div class=\"l-section-overlay\" style=\"background:#bb2eef\"><\/div><div class=\"l-section-h i-cf\"><div class=\"g-cols vc_row via_flex valign_middle type_default\"><div class=\"vc_col-sm-12 wpb_column vc_column_container\"><div class=\"vc_column-inner\"><div class=\"wpb_wrapper\">[vc_custom_heading text=\u00bbInscr\u00edbete a nuestra newsletter de The City Escape Room Barcelona<br \/>\ny no te pierdas nada\u00bb font_container=\u00bbtag:h3|text_align:center\u00bb use_theme_fonts=\u00bbyes\u00bb css=\u00bb%7B%22default%22%3A%7B%22font-weight%22%3A%22700%22%2C%22font-size%22%3A%223rem%22%7D%2C%22tablets%22%3A%7B%22font-weight%22%3A%22700%22%2C%22font-size%22%3A%223rem%22%7D%2C%22mobiles%22%3A%7B%22font-weight%22%3A%22700%22%2C%22font-size%22%3A%222.1rem%22%7D%7D\u00bb]<div class=\"wpb_text_column inlines\"><div class=\"wpb_wrapper\"><div role=\"form\" class=\"wpcf7\" id=\"wpcf7-f302-o1\" lang=\"es-ES\" dir=\"ltr\">\n<div class=\"screen-reader-response\"><p role=\"status\" aria-live=\"polite\" aria-atomic=\"true\"><\/p> <ul><\/ul><\/div>\n<form action=\"\/barcelona\/wp-json\/wp\/v2\/pages\/2#wpcf7-f302-o1\" method=\"post\" class=\"wpcf7-form init\" novalidate=\"novalidate\" data-status=\"init\">\n<div style=\"display: none;\">\n<input type=\"hidden\" name=\"_wpcf7\" value=\"302\" \/>\n<input type=\"hidden\" name=\"_wpcf7_version\" value=\"5.6\" \/>\n<input type=\"hidden\" name=\"_wpcf7_locale\" value=\"es_ES\" \/>\n<input type=\"hidden\" name=\"_wpcf7_unit_tag\" value=\"wpcf7-f302-o1\" \/>\n<input type=\"hidden\" name=\"_wpcf7_container_post\" value=\"0\" \/>\n<input type=\"hidden\" name=\"_wpcf7_posted_data_hash\" value=\"\" \/>\n<\/div>\n<p><span class=\"wpcf7-form-control-wrap\" data-name=\"your-email\"><input type=\"email\" name=\"your-email\" value=\"\" size=\"40\" class=\"wpcf7-form-control wpcf7-text wpcf7-email wpcf7-validates-as-required wpcf7-validates-as-email\" aria-required=\"true\" aria-invalid=\"false\" placeholder=\"Correo electr\u00f3nico\" \/><\/span><input type=\"submit\" value=\"Enviar\" class=\"wpcf7-form-control has-spinner wpcf7-submit w-btn us-btn-style_3\" \/><\/p>\n<input type='hidden' class='wpcf7-pum' value='{\"closepopup\":false,\"closedelay\":0,\"openpopup\":false,\"openpopup_id\":0}' \/><div class=\"wpcf7-response-output\" aria-hidden=\"true\"><\/div><\/form><\/div>\n<\/div><\/div><\/div><\/div><\/div><\/div><\/div><\/section>\n","protected":false},"excerpt":{"rendered":"[vc_custom_heading text=\"THE CITY ESCAPE ROOM BARCELONA\" font_container=\"tag:h1|text_align:left\" use_theme_fonts=\"yes\" css=\"%7B%22default%22%3A%7B%22font-weight%22%3A%22800%22%2C%22font-size%22%3A%222.4rem%22%2C%22margin-bottom%22%3A%223rem%22%7D%2C%22tablets%22%3A%7B%22font-weight%22%3A%22800%22%2C%22font-size%22%3A%222.4rem%22%7D%2C%22mobiles%22%3A%7B%22font-weight%22%3A%22800%22%2C%22font-size%22%3A%221.9rem%22%7D%7D\"]En 2093, Barcelona est\u00e1 controlada por un gobierno totalitario. El Gran L\u00edder, Neil Parker, lo vigila absolutamente todo. La mano ejecutora de Parker, los Guardianes de la Ciudad, controlan cada aspecto de la vida de los ciudadanos. Las estrictas normas impuestas estos Guardianes, oprimen a todos los...","protected":false},"author":1,"featured_media":3504,"parent":0,"menu_order":0,"comment_status":"closed","ping_status":"open","template":"","meta":[],"yoast_head":"<!-- This site is optimized with the Yoast SEO plugin v19.1 - https:\/\/yoast.com\/wordpress\/plugins\/seo\/ -->\n<title>The City Escape Room Barcelona - Terrassa<\/title>\n<meta name=\"description\" content=\"Ven a The City Escape Room, el mayor centro de ocio con escape room, realidad virtual y juegos arcade, en Terrassa, junto al Parc Valles\" \/>\n<meta name=\"robots\" content=\"index, follow, max-snippet:-1, max-image-preview:large, max-video-preview:-1\" \/>\n<link rel=\"canonical\" href=\"https:\/\/thecityescaperoom.com\/barcelona\/\" \/>\n<meta property=\"og:locale\" content=\"es_ES\" \/>\n<meta property=\"og:type\" content=\"article\" \/>\n<meta property=\"og:title\" content=\"The City Escape Room Barcelona - Terrassa\" \/>\n<meta property=\"og:description\" content=\"Ven a The City Escape Room, el mayor centro de ocio con escape room, realidad virtual y juegos arcade, en Terrassa, junto al Parc Valles\" \/>\n<meta property=\"og:url\" content=\"https:\/\/thecityescaperoom.com\/barcelona\/\" \/>\n<meta property=\"og:site_name\" content=\"The City Escape Room\" \/>\n<meta property=\"article:publisher\" content=\"https:\/\/fb.me\/elementsescaperoom\" \/>\n<meta property=\"article:modified_time\" content=\"2025-09-02T20:45:25+00:00\" \/>\n<meta property=\"og:image\" content=\"https:\/\/thecityescaperoom.com\/barcelona\/wp-content\/uploads\/2023\/06\/imagen_generica-The-City-Barna.jpg\" \/>\n\t<meta property=\"og:image:width\" content=\"1627\" \/>\n\t<meta property=\"og:image:height\" content=\"852\" \/>\n\t<meta property=\"og:image:type\" content=\"image\/jpeg\" \/>\n<meta name=\"twitter:card\" content=\"summary_large_image\" \/>\n<meta name=\"twitter:image\" content=\"https:\/\/thecityescaperoom.com\/barcelona\/wp-content\/uploads\/2023\/06\/imagen_generica-The-City-Barna.jpg\" \/>\n<meta name=\"twitter:site\" content=\"@elementsescape\" \/>\n<meta name=\"twitter:label1\" content=\"Tiempo de lectura\" \/>\n\t<meta name=\"twitter:data1\" content=\"2 minutos\" \/>\n<script type=\"application\/ld+json\" class=\"yoast-schema-graph\">{\"@context\":\"https:\/\/schema.org\",\"@graph\":[{\"@type\":\"WebSite\",\"@id\":\"https:\/\/thecityescaperoom.com\/barcelona\/#website\",\"url\":\"https:\/\/thecityescaperoom.com\/barcelona\/\",\"name\":\"The City Escape Room\",\"description\":\"The City Escape Room\",\"potentialAction\":[{\"@type\":\"SearchAction\",\"target\":{\"@type\":\"EntryPoint\",\"urlTemplate\":\"https:\/\/thecityescaperoom.com\/barcelona\/?s={search_term_string}\"},\"query-input\":\"required name=search_term_string\"}],\"inLanguage\":\"es\"},{\"@type\":\"ImageObject\",\"inLanguage\":\"es\",\"@id\":\"https:\/\/thecityescaperoom.com\/barcelona\/#primaryimage\",\"url\":\"https:\/\/thecityescaperoom.com\/barcelona\/wp-content\/uploads\/2023\/06\/imagen_generica-The-City-Barna.jpg\",\"contentUrl\":\"https:\/\/thecityescaperoom.com\/barcelona\/wp-content\/uploads\/2023\/06\/imagen_generica-The-City-Barna.jpg\",\"width\":1627,\"height\":852},{\"@type\":\"WebPage\",\"@id\":\"https:\/\/thecityescaperoom.com\/barcelona\/#webpage\",\"url\":\"https:\/\/thecityescaperoom.com\/barcelona\/\",\"name\":\"The City Escape Room Barcelona - Terrassa\",\"isPartOf\":{\"@id\":\"https:\/\/thecityescaperoom.com\/barcelona\/#website\"},\"primaryImageOfPage\":{\"@id\":\"https:\/\/thecityescaperoom.com\/barcelona\/#primaryimage\"},\"datePublished\":\"2020-10-07T08:26:25+00:00\",\"dateModified\":\"2025-09-02T20:45:25+00:00\",\"description\":\"Ven a The City Escape Room, el mayor centro de ocio con escape room, realidad virtual y juegos arcade, en Terrassa, junto al Parc Valles\",\"breadcrumb\":{\"@id\":\"https:\/\/thecityescaperoom.com\/barcelona\/#breadcrumb\"},\"inLanguage\":\"es\",\"potentialAction\":[{\"@type\":\"ReadAction\",\"target\":[\"https:\/\/thecityescaperoom.com\/barcelona\/\"]}]},{\"@type\":\"BreadcrumbList\",\"@id\":\"https:\/\/thecityescaperoom.com\/barcelona\/#breadcrumb\",\"itemListElement\":[{\"@type\":\"ListItem\",\"position\":1,\"name\":\"Portada\",\"item\":\"https:\/\/thecityescaperoom.com\/barcelona\/\"},{\"@type\":\"ListItem\",\"position\":2,\"name\":\"inicio\"}]}]}<\/script>\n<!-- \/ Yoast SEO plugin. -->","yoast_head_json":{"title":"The City Escape Room Barcelona - Terrassa","description":"Ven a The City Escape Room, el mayor centro de ocio con escape room, realidad virtual y juegos arcade, en Terrassa, junto al Parc Valles","robots":{"index":"index","follow":"follow","max-snippet":"max-snippet:-1","max-image-preview":"max-image-preview:large","max-video-preview":"max-video-preview:-1"},"canonical":"https:\/\/thecityescaperoom.com\/barcelona\/","og_locale":"es_ES","og_type":"article","og_title":"The City Escape Room Barcelona - Terrassa","og_description":"Ven a The City Escape Room, el mayor centro de ocio con escape room, realidad virtual y juegos arcade, en Terrassa, junto al Parc Valles","og_url":"https:\/\/thecityescaperoom.com\/barcelona\/","og_site_name":"The City Escape Room","article_publisher":"https:\/\/fb.me\/elementsescaperoom","article_modified_time":"2025-09-02T20:45:25+00:00","og_image":[{"width":1627,"height":852,"url":"https:\/\/thecityescaperoom.com\/barcelona\/wp-content\/uploads\/2023\/06\/imagen_generica-The-City-Barna.jpg","type":"image\/jpeg"}],"twitter_card":"summary_large_image","twitter_image":"https:\/\/thecityescaperoom.com\/barcelona\/wp-content\/uploads\/2023\/06\/imagen_generica-The-City-Barna.jpg","twitter_site":"@elementsescape","twitter_misc":{"Tiempo de lectura":"2 minutos"},"schema":{"@context":"https:\/\/schema.org","@graph":[{"@type":"WebSite","@id":"https:\/\/thecityescaperoom.com\/barcelona\/#website","url":"https:\/\/thecityescaperoom.com\/barcelona\/","name":"The City Escape Room","description":"The City Escape Room","potentialAction":[{"@type":"SearchAction","target":{"@type":"EntryPoint","urlTemplate":"https:\/\/thecityescaperoom.com\/barcelona\/?s={search_term_string}"},"query-input":"required name=search_term_string"}],"inLanguage":"es"},{"@type":"ImageObject","inLanguage":"es","@id":"https:\/\/thecityescaperoom.com\/barcelona\/#primaryimage","url":"https:\/\/thecityescaperoom.com\/barcelona\/wp-content\/uploads\/2023\/06\/imagen_generica-The-City-Barna.jpg","contentUrl":"https:\/\/thecityescaperoom.com\/barcelona\/wp-content\/uploads\/2023\/06\/imagen_generica-The-City-Barna.jpg","width":1627,"height":852},{"@type":"WebPage","@id":"https:\/\/thecityescaperoom.com\/barcelona\/#webpage","url":"https:\/\/thecityescaperoom.com\/barcelona\/","name":"The City Escape Room Barcelona - Terrassa","isPartOf":{"@id":"https:\/\/thecityescaperoom.com\/barcelona\/#website"},"primaryImageOfPage":{"@id":"https:\/\/thecityescaperoom.com\/barcelona\/#primaryimage"},"datePublished":"2020-10-07T08:26:25+00:00","dateModified":"2025-09-02T20:45:25+00:00","description":"Ven a The City Escape Room, el mayor centro de ocio con escape room, realidad virtual y juegos arcade, en Terrassa, junto al Parc Valles","breadcrumb":{"@id":"https:\/\/thecityescaperoom.com\/barcelona\/#breadcrumb"},"inLanguage":"es","potentialAction":[{"@type":"ReadAction","target":["https:\/\/thecityescaperoom.com\/barcelona\/"]}]},{"@type":"BreadcrumbList","@id":"https:\/\/thecityescaperoom.com\/barcelona\/#breadcrumb","itemListElement":[{"@type":"ListItem","position":1,"name":"Portada","item":"https:\/\/thecityescaperoom.com\/barcelona\/"},{"@type":"ListItem","position":2,"name":"inicio"}]}]}},"_links":{"self":[{"href":"https:\/\/thecityescaperoom.com\/barcelona\/wp-json\/wp\/v2\/pages\/2"}],"collection":[{"href":"https:\/\/thecityescaperoom.com\/barcelona\/wp-json\/wp\/v2\/pages"}],"about":[{"href":"https:\/\/thecityescaperoom.com\/barcelona\/wp-json\/wp\/v2\/types\/page"}],"author":[{"embeddable":true,"href":"https:\/\/thecityescaperoom.com\/barcelona\/wp-json\/wp\/v2\/users\/1"}],"replies":[{"embeddable":true,"href":"https:\/\/thecityescaperoom.com\/barcelona\/wp-json\/wp\/v2\/comments?post=2"}],"version-history":[{"count":258,"href":"https:\/\/thecityescaperoom.com\/barcelona\/wp-json\/wp\/v2\/pages\/2\/revisions"}],"predecessor-version":[{"id":3833,"href":"https:\/\/thecityescaperoom.com\/barcelona\/wp-json\/wp\/v2\/pages\/2\/revisions\/3833"}],"wp:featuredmedia":[{"embeddable":true,"href":"https:\/\/thecityescaperoom.com\/barcelona\/wp-json\/wp\/v2\/media\/3504"}],"wp:attachment":[{"href":"https:\/\/thecityescaperoom.com\/barcelona\/wp-json\/wp\/v2\/media?parent=2"}],"curies":[{"name":"wp","href":"https:\/\/api.w.org\/{rel}","templated":true}]}}