{"id":2973,"date":"2022-09-12T09:50:45","date_gmt":"2022-09-12T09:50:45","guid":{"rendered":"https:\/\/www.elementsescaperoom.com\/?page_id=2973"},"modified":"2025-06-25T20:49:53","modified_gmt":"2025-06-25T20:49:53","slug":"estudio-de-television","status":"publish","type":"page","link":"https:\/\/thecityescaperoom.com\/barcelona\/estudio-de-television\/","title":{"rendered":"Estudio de televisi\u00f3n"},"content":{"rendered":"<section class=\"l-section wpb_row us_custom_f791410b has_text_color height_large with_img\" id=\"herobanner\"><div class=\"l-section-img\" style=\"background-image: url(https:\/\/thecityescaperoom.com\/barcelona\/wp-content\/uploads\/2022\/10\/estudio-bg.png);\" data-img-width=\"1920\" data-img-height=\"853\"><\/div><div class=\"l-section-h i-cf\"><div class=\"g-cols vc_row via_flex valign_middle type_default\"><div class=\"vc_col-sm-12 wpb_column vc_column_container\"><div class=\"vc_column-inner us_custom_bfc0abad\"><div class=\"wpb_wrapper\"><div class=\"w-image us_custom_c254ce97 img-ini align_center\"><div class=\"w-image-h\"><img width=\"334\" height=\"336\" src=\"https:\/\/thecityescaperoom.com\/barcelona\/wp-content\/uploads\/2022\/10\/LOGO-NEVERA-e1665043229802.png\" class=\"attachment-full size-full\" alt=\"The City Escape Room Barcelona\" decoding=\"async\" loading=\"lazy\" srcset=\"https:\/\/thecityescaperoom.com\/barcelona\/wp-content\/uploads\/2022\/10\/LOGO-NEVERA-e1665043229802.png 334w, https:\/\/thecityescaperoom.com\/barcelona\/wp-content\/uploads\/2022\/10\/LOGO-NEVERA-e1665043229802-298x300.png 298w, https:\/\/thecityescaperoom.com\/barcelona\/wp-content\/uploads\/2022\/10\/LOGO-NEVERA-e1665043229802-150x150.png 150w, https:\/\/thecityescaperoom.com\/barcelona\/wp-content\/uploads\/2022\/10\/LOGO-NEVERA-e1665043229802-230x230.png 230w\" sizes=\"(max-width: 334px) 100vw, 334px\" \/><\/div><\/div>[vc_custom_heading text=\u00bbESTUDIO DE TELEVISI\u00d3N: LA NEVERA SHOW\u00bb font_container=\u00bbtag:h1|text_align:center\u00bb use_theme_fonts=\u00bbyes\u00bb css=\u00bb%7B%22default%22%3A%7B%22font-weight%22%3A%22700%22%2C%22font-size%22%3A%2236px%22%2C%22margin-bottom%22%3A%226px%22%2C%22padding-bottom%22%3A%220%22%7D%2C%22tablets%22%3A%7B%22font-weight%22%3A%22800%22%2C%22font-size%22%3A%223rem%22%7D%2C%22mobiles%22%3A%7B%22color%22%3A%22%23ffffff%22%2C%22font-weight%22%3A%22800%22%2C%22font-size%22%3A%223rem%22%7D%7D\u00bb]<div class=\"wpb_text_column us_custom_4a335424 has_text_color\"><div class=\"wpb_wrapper\"><p style=\"text-align: center; font-size: 21px; margin-top: 0;\">\u00a1Tan solo uno saldr\u00e1 siendo millonario!<\/p>\n<\/div><\/div><div class=\"g-cols wpb_row via_flex valign_top type_default\"><div class=\"vc_col-sm-6 vc_col-xs-6 wpb_column vc_column_container\"><div class=\"vc_column-inner\"><div class=\"wpb_wrapper\"><div class=\"w-btn-wrapper align_right\"><a class=\"w-btn us-btn-style_1 us_custom_28aa883f\" title=\"Bono regalo\" href=\"https:\/\/thecityescaperoom.com\/barcelona\/bono-regalo\/\"><span class=\"w-btn-label\">REGALAR<\/span><\/a><\/div><\/div><\/div><\/div><div class=\"vc_col-sm-6 vc_col-xs-6 wpb_column vc_column_container\"><div class=\"vc_column-inner\"><div class=\"wpb_wrapper\"><div class=\"w-btn-wrapper align_none\"><a class=\"w-btn us-btn-style_1 us_custom_b4198c51\" title=\"Reserva Estudio de televisi\u00f3n\" href=\"https:\/\/thecityescaperoom.com\/barcelona\/reserva-estudio-de-television\/\"><span class=\"w-btn-label\">RESERVAR<\/span><\/a><\/div><\/div><\/div><\/div><\/div><\/div><\/div><\/div><\/div><\/div><\/section><section class=\"l-section wpb_row us_custom_5fd62819 icoico has_text_color height_small\"><div class=\"l-section-h i-cf\"><div class=\"g-cols vc_row via_flex valign_top type_default\"><div class=\"vc_col-sm-4 vc_col-xs-4 wpb_column vc_column_container\"><div class=\"vc_column-inner\"><div class=\"wpb_wrapper\"><div class=\"w-iconbox iconpos_top style_default color_custom align_center no_text\"><div class=\"w-iconbox-icon\" style=\"font-size:45px;color:#ffffff;\"><i class=\"far fa-users\"><\/i><\/div><div class=\"w-iconbox-meta\"><h4 class=\"w-iconbox-title\" style=\"font-size:1.2rem;\">2-4 Jugadores<\/h4><\/div><\/div><\/div><\/div><\/div><div class=\"vc_col-sm-4 vc_col-xs-4 wpb_column vc_column_container\"><div class=\"vc_column-inner\"><div class=\"wpb_wrapper\"><div class=\"w-iconbox iconpos_top style_default color_custom align_center no_text\"><div class=\"w-iconbox-icon\" style=\"font-size:45px;color:#ffffff;\"><i class=\"far fa-alarm-clock\"><\/i><\/div><div class=\"w-iconbox-meta\"><h4 class=\"w-iconbox-title\" style=\"font-size:1.2rem;\">Tiempo 75 min.<\/h4><\/div><\/div><\/div><\/div><\/div><div class=\"vc_col-sm-4 vc_col-xs-4 wpb_column vc_column_container\"><div class=\"vc_column-inner\"><div class=\"wpb_wrapper\"><div class=\"w-iconbox iconpos_top style_default color_custom align_center no_text\"><div class=\"w-iconbox-icon\" style=\"font-size:45px;color:#ffffff;\"><i class=\"far fa-chart-bar\"><\/i><\/div><div class=\"w-iconbox-meta\"><h4 class=\"w-iconbox-title\" style=\"font-size:1.2rem;\">Dificultad Media<\/h4><\/div><\/div><\/div><\/div><\/div><\/div><\/div><\/section><section class=\"l-section wpb_row height_medium\"><div class=\"l-section-h i-cf\"><div class=\"g-cols vc_row via_flex valign_top type_default\"><div class=\"vc_col-sm-12 wpb_column vc_column_container\"><div class=\"vc_column-inner\"><div class=\"wpb_wrapper\"><div class=\"g-cols wpb_row via_flex valign_top type_default\"><div class=\"vc_col-sm-3\/5 wpb_column vc_column_container\"><div class=\"vc_column-inner\"><div class=\"wpb_wrapper\"><div class=\"wpb_text_column us_custom_8f97baf3\"><div class=\"wpb_wrapper\"><p>En el coraz\u00f3n del Sector 4 de The City Escape Room Barceona, hay un local clandestino llamado el Estudio de Televisi\u00f3n. Desde ah\u00ed, la Resistencia que lucha contra Neil Parker emite de forma ilegal una extensa y anodina programaci\u00f3n llena de proclamas contra el tirano, pero que causan poco efecto entre la poblaci\u00f3n general de la City. El famos\u00edsimo y c\u00e9lebre programa de televisi\u00f3n La Nevera show, no es una excepci\u00f3n. Esta semana, el concurso precisa de un nuevo equipo de entre 2 y 4 personas para su pr\u00f3ximo episodio.<\/p>\n<p>El programa estrena horario en prime time y cada vez es m\u00e1s importante la buena elecci\u00f3n de sus concursantes que deber\u00e1n competir para ganar el Trill\u00f3n de \u20acuros.<\/p>\n<p>Deber\u00e9is dar lo mejor de vosotros mismos, pues desde producci\u00f3n se ha dado el aviso que la audiencia est\u00e1 disminuyendo y todos los focos est\u00e1n sobre los concursantes&#8230; \u00a1Empieza el show!<\/p>\n<p><strong>*Parte del juego transcurre de forma individual en un espacio peque\u00f1o. No se recomienda para personas con claustrofobia<\/strong><\/p>\n<p><em>**No rejugable si has realizado La Nevera Show MADRID<br \/>\n<\/em><\/p>\n<\/div><\/div><div class=\"w-btn-wrapper align_none\"><a class=\"w-btn us-btn-style_1 us_custom_45a58b74\" title=\"Reserva Estudio de televisi\u00f3n\" href=\"https:\/\/thecityescaperoom.com\/barcelona\/reserva-estudio-de-television\/\"><span class=\"w-btn-label\">RESERVAR<\/span><\/a><\/div><\/div><\/div><\/div><div class=\"vc_col-sm-2\/5 wpb_column vc_column_container\"><div class=\"vc_column-inner\"><div class=\"wpb_wrapper\"><div class=\"w-image align_center\"><div class=\"w-image-h\"><img width=\"598\" height=\"587\" src=\"https:\/\/thecityescaperoom.com\/barcelona\/wp-content\/uploads\/2022\/10\/estudio-de-television-grid.jpg\" class=\"attachment-full size-full\" alt=\"The City Escape Room Barcelona\" decoding=\"async\" loading=\"lazy\" srcset=\"https:\/\/thecityescaperoom.com\/barcelona\/wp-content\/uploads\/2022\/10\/estudio-de-television-grid.jpg 598w, https:\/\/thecityescaperoom.com\/barcelona\/wp-content\/uploads\/2022\/10\/estudio-de-television-grid-300x294.jpg 300w, https:\/\/thecityescaperoom.com\/barcelona\/wp-content\/uploads\/2022\/10\/estudio-de-television-grid-230x226.jpg 230w\" sizes=\"(max-width: 598px) 100vw, 598px\" \/><\/div><\/div><\/div><\/div><\/div><\/div><\/div><\/div><\/div><\/div><\/div><\/section><section class=\"l-section wpb_row us_custom_11582849 has_text_color height_medium\"><div class=\"l-section-h i-cf\"><div class=\"g-cols vc_row via_flex valign_top type_default\"><div class=\"vc_col-sm-12 wpb_column vc_column_container\"><div class=\"vc_column-inner\"><div class=\"wpb_wrapper\"><div class=\"wpb_text_column\"><div class=\"wpb_wrapper\"><h2 style=\"text-align: center;\"><strong>Mensaje de la Resistencia:<\/strong><\/h2>\n<p style=\"text-align: center;\">Neil Parker sabe de la existencia de canales de TV clandestinos, pero los permite debido a su poco alcance y contenido totalmente inocuo. Lo que no espera es el impacto que un equipo como el vuestro puede llegar a generar, consiguiendo hacer un espect\u00e1culo divertid\u00edsimo, golpeando fuerte al r\u00e9gimen y consiguiendo sumar un mont\u00f3n de telespectadores a nuestra Resistencia. \u00a1Confiamos en vosotros!<\/p>\n<\/div><\/div><div class=\"w-btn-wrapper align_none\"><a class=\"w-btn us-btn-style_1 us_custom_45a58b74\" title=\"Reserva Estudio de TV\" href=\"https:\/\/thecityescaperoom.com\/barcelona\/reserva-estudio-de-television\/\"><span class=\"w-btn-label\">SI EST\u00c1S PREPARADO HAZ CLICK<\/span><\/a><\/div><\/div><\/div><\/div><\/div><\/div><\/section><section class=\"l-section wpb_row us_custom_f79f9eb1 height_medium\"><div class=\"l-section-h i-cf\"><div class=\"g-cols vc_row via_flex valign_middle type_default\"><div class=\"vc_col-sm-6 wpb_column vc_column_container\"><div class=\"vc_column-inner\"><div class=\"wpb_wrapper\"><div class=\"w-image us_custom_78d73903 imgprice align_none\"><div class=\"w-image-h\"><img width=\"1024\" height=\"1024\" src=\"https:\/\/thecityescaperoom.com\/barcelona\/wp-content\/uploads\/2025\/06\/PRECIOS_NEVERA-1024x1024.png\" class=\"attachment-large size-large\" alt=\"\" decoding=\"async\" loading=\"lazy\" srcset=\"https:\/\/thecityescaperoom.com\/barcelona\/wp-content\/uploads\/2025\/06\/PRECIOS_NEVERA-1024x1024.png 1024w, https:\/\/thecityescaperoom.com\/barcelona\/wp-content\/uploads\/2025\/06\/PRECIOS_NEVERA-300x300.png 300w, https:\/\/thecityescaperoom.com\/barcelona\/wp-content\/uploads\/2025\/06\/PRECIOS_NEVERA-150x150.png 150w, https:\/\/thecityescaperoom.com\/barcelona\/wp-content\/uploads\/2025\/06\/PRECIOS_NEVERA-230x230.png 230w, https:\/\/thecityescaperoom.com\/barcelona\/wp-content\/uploads\/2025\/06\/PRECIOS_NEVERA.png 1050w\" sizes=\"(max-width: 1024px) 100vw, 1024px\" \/><\/div><\/div><\/div><\/div><\/div><div class=\"vc_col-sm-6 wpb_column vc_column_container\"><div class=\"vc_column-inner\"><div class=\"wpb_wrapper\"><div class=\"wpb_text_column\"><div class=\"wpb_wrapper\"><h3>Experiencia para grupos peque\u00f1os<\/h3>\n<p>Estudio de Televisi\u00f3n es un juego pensado especialmente para grupos peque\u00f1os. Con el objetivo de adaptar la experiencia lo mejor posible a grupos de 2 \u2013 4 personas, este juego se ha creado pensando los espacios, cantidad y dificultad de pruebas y las distintas din\u00e1micas para ser jugado por grupos peque\u00f1os.<\/p>\n<p>\u00a1As\u00ed que no lo dudes m\u00e1s y ven con tu c\u00edrculo m\u00e1s \u00edntimo para conseguir un trill\u00f3n de euros en el programa m\u00e1s famosos de The City!<\/p>\n<\/div><\/div><\/div><\/div><\/div><\/div><\/div><\/section><section class=\"l-section wpb_row height_medium\"><div class=\"l-section-overlay\" style=\"background:#bb2eef\"><\/div><div class=\"l-section-h i-cf\"><div class=\"g-cols vc_row via_flex valign_middle type_default\"><div class=\"vc_col-sm-2 wpb_column vc_column_container\"><div class=\"vc_column-inner\"><div class=\"wpb_wrapper\"><\/div><\/div><\/div><div class=\"vc_col-sm-8 wpb_column vc_column_container\"><div class=\"vc_column-inner\"><div class=\"wpb_wrapper\">[vc_custom_heading text=\u00bbInscr\u00edbete a nuestra newsletter<br \/>\ny no te pierdas nada\u00bb font_container=\u00bbtag:h3|text_align:center\u00bb use_theme_fonts=\u00bbyes\u00bb css=\u00bb%7B%22default%22%3A%7B%22font-weight%22%3A%22700%22%2C%22font-size%22%3A%223rem%22%7D%2C%22tablets%22%3A%7B%22font-weight%22%3A%22700%22%2C%22font-size%22%3A%223rem%22%7D%2C%22mobiles%22%3A%7B%22font-weight%22%3A%22700%22%2C%22font-size%22%3A%222.1rem%22%7D%7D\u00bb]<div class=\"wpb_text_column inlines\"><div class=\"wpb_wrapper\"><div role=\"form\" class=\"wpcf7\" id=\"wpcf7-f302-o1\" lang=\"es-ES\" dir=\"ltr\">\n<div class=\"screen-reader-response\"><p role=\"status\" aria-live=\"polite\" aria-atomic=\"true\"><\/p> <ul><\/ul><\/div>\n<form action=\"\/barcelona\/wp-json\/wp\/v2\/pages\/2973#wpcf7-f302-o1\" method=\"post\" class=\"wpcf7-form init\" novalidate=\"novalidate\" data-status=\"init\">\n<div style=\"display: none;\">\n<input type=\"hidden\" name=\"_wpcf7\" value=\"302\" \/>\n<input type=\"hidden\" name=\"_wpcf7_version\" value=\"5.6\" \/>\n<input type=\"hidden\" name=\"_wpcf7_locale\" value=\"es_ES\" \/>\n<input type=\"hidden\" name=\"_wpcf7_unit_tag\" value=\"wpcf7-f302-o1\" \/>\n<input type=\"hidden\" name=\"_wpcf7_container_post\" value=\"0\" \/>\n<input type=\"hidden\" name=\"_wpcf7_posted_data_hash\" value=\"\" \/>\n<\/div>\n<p><span class=\"wpcf7-form-control-wrap\" data-name=\"your-email\"><input type=\"email\" name=\"your-email\" value=\"\" size=\"40\" class=\"wpcf7-form-control wpcf7-text wpcf7-email wpcf7-validates-as-required wpcf7-validates-as-email\" aria-required=\"true\" aria-invalid=\"false\" placeholder=\"Correo electr\u00f3nico\" \/><\/span><input type=\"submit\" value=\"Enviar\" class=\"wpcf7-form-control has-spinner wpcf7-submit w-btn us-btn-style_3\" \/><\/p>\n<input type='hidden' class='wpcf7-pum' value='{\"closepopup\":false,\"closedelay\":0,\"openpopup\":false,\"openpopup_id\":0}' \/><div class=\"wpcf7-response-output\" aria-hidden=\"true\"><\/div><\/form><\/div>\n<\/div><\/div><\/div><\/div><\/div><div class=\"vc_col-sm-2 wpb_column vc_column_container\"><div class=\"vc_column-inner\"><div class=\"wpb_wrapper\"><\/div><\/div><\/div><\/div><\/div><\/section>\n","protected":false},"excerpt":{"rendered":"[vc_custom_heading text=\"ESTUDIO DE TELEVISI\u00d3N: LA NEVERA SHOW\" font_container=\"tag:h1|text_align:center\" use_theme_fonts=\"yes\" css=\"%7B%22default%22%3A%7B%22font-weight%22%3A%22700%22%2C%22font-size%22%3A%2236px%22%2C%22margin-bottom%22%3A%226px%22%2C%22padding-bottom%22%3A%220%22%7D%2C%22tablets%22%3A%7B%22font-weight%22%3A%22800%22%2C%22font-size%22%3A%223rem%22%7D%2C%22mobiles%22%3A%7B%22color%22%3A%22%23ffffff%22%2C%22font-weight%22%3A%22800%22%2C%22font-size%22%3A%223rem%22%7D%7D\"]\u00a1Tan solo uno saldr\u00e1 siendo millonario! REGALARRESERVAR2-4 JugadoresTiempo 75 min.Dificultad MediaEn el coraz\u00f3n del Sector 4 de The City Escape Room Barceona, hay un local clandestino llamado el Estudio de Televisi\u00f3n. Desde ah\u00ed, la Resistencia que lucha contra Neil Parker emite de forma ilegal una extensa...","protected":false},"author":1,"featured_media":3501,"parent":0,"menu_order":0,"comment_status":"closed","ping_status":"closed","template":"","meta":[],"yoast_head":"<!-- This site is optimized with the Yoast SEO plugin v19.1 - https:\/\/yoast.com\/wordpress\/plugins\/seo\/ -->\n<title>Estudio de televisi\u00f3n - The City Escape Room<\/title>\n<meta name=\"description\" content=\"Ven al Estudio de Televisi\u00f3n de The City Escape Room a participar en el programa La Nevera Show, \u00a1el concurso m\u00e1s divertido de la TV!\" \/>\n<meta name=\"robots\" content=\"index, follow, max-snippet:-1, max-image-preview:large, max-video-preview:-1\" \/>\n<link rel=\"canonical\" href=\"https:\/\/thecityescaperoom.com\/barcelona\/estudio-de-television\/\" \/>\n<meta property=\"og:locale\" content=\"es_ES\" \/>\n<meta property=\"og:type\" content=\"article\" \/>\n<meta property=\"og:title\" content=\"Estudio de televisi\u00f3n - The City Escape Room\" \/>\n<meta property=\"og:description\" content=\"Ven al Estudio de Televisi\u00f3n de The City Escape Room a participar en el programa La Nevera Show, \u00a1el concurso m\u00e1s divertido de la TV!\" \/>\n<meta property=\"og:url\" content=\"https:\/\/thecityescaperoom.com\/barcelona\/estudio-de-television\/\" \/>\n<meta property=\"og:site_name\" content=\"The City Escape Room\" \/>\n<meta property=\"article:publisher\" content=\"https:\/\/fb.me\/elementsescaperoom\" \/>\n<meta property=\"article:modified_time\" content=\"2025-06-25T20:49:53+00:00\" \/>\n<meta property=\"og:image\" content=\"https:\/\/thecityescaperoom.com\/barcelona\/wp-content\/uploads\/2023\/06\/nevera.jpg\" \/>\n\t<meta property=\"og:image:width\" content=\"1627\" \/>\n\t<meta property=\"og:image:height\" content=\"852\" \/>\n\t<meta property=\"og:image:type\" content=\"image\/jpeg\" \/>\n<meta name=\"twitter:card\" content=\"summary_large_image\" \/>\n<meta name=\"twitter:image\" content=\"https:\/\/thecityescaperoom.com\/barcelona\/wp-content\/uploads\/2023\/06\/nevera.jpg\" \/>\n<meta name=\"twitter:site\" content=\"@elementsescape\" \/>\n<meta name=\"twitter:label1\" content=\"Tiempo de lectura\" \/>\n\t<meta name=\"twitter:data1\" content=\"2 minutos\" \/>\n<script type=\"application\/ld+json\" class=\"yoast-schema-graph\">{\"@context\":\"https:\/\/schema.org\",\"@graph\":[{\"@type\":\"WebSite\",\"@id\":\"https:\/\/thecityescaperoom.com\/barcelona\/#website\",\"url\":\"https:\/\/thecityescaperoom.com\/barcelona\/\",\"name\":\"The City Escape Room\",\"description\":\"The City Escape Room\",\"potentialAction\":[{\"@type\":\"SearchAction\",\"target\":{\"@type\":\"EntryPoint\",\"urlTemplate\":\"https:\/\/thecityescaperoom.com\/barcelona\/?s={search_term_string}\"},\"query-input\":\"required name=search_term_string\"}],\"inLanguage\":\"es\"},{\"@type\":\"ImageObject\",\"inLanguage\":\"es\",\"@id\":\"https:\/\/thecityescaperoom.com\/barcelona\/estudio-de-television\/#primaryimage\",\"url\":\"https:\/\/thecityescaperoom.com\/barcelona\/wp-content\/uploads\/2023\/06\/nevera.jpg\",\"contentUrl\":\"https:\/\/thecityescaperoom.com\/barcelona\/wp-content\/uploads\/2023\/06\/nevera.jpg\",\"width\":1627,\"height\":852},{\"@type\":\"WebPage\",\"@id\":\"https:\/\/thecityescaperoom.com\/barcelona\/estudio-de-television\/#webpage\",\"url\":\"https:\/\/thecityescaperoom.com\/barcelona\/estudio-de-television\/\",\"name\":\"Estudio de televisi\u00f3n - The City Escape Room\",\"isPartOf\":{\"@id\":\"https:\/\/thecityescaperoom.com\/barcelona\/#website\"},\"primaryImageOfPage\":{\"@id\":\"https:\/\/thecityescaperoom.com\/barcelona\/estudio-de-television\/#primaryimage\"},\"datePublished\":\"2022-09-12T09:50:45+00:00\",\"dateModified\":\"2025-06-25T20:49:53+00:00\",\"description\":\"Ven al Estudio de Televisi\u00f3n de The City Escape Room a participar en el programa La Nevera Show, \u00a1el concurso m\u00e1s divertido de la TV!\",\"breadcrumb\":{\"@id\":\"https:\/\/thecityescaperoom.com\/barcelona\/estudio-de-television\/#breadcrumb\"},\"inLanguage\":\"es\",\"potentialAction\":[{\"@type\":\"ReadAction\",\"target\":[\"https:\/\/thecityescaperoom.com\/barcelona\/estudio-de-television\/\"]}]},{\"@type\":\"BreadcrumbList\",\"@id\":\"https:\/\/thecityescaperoom.com\/barcelona\/estudio-de-television\/#breadcrumb\",\"itemListElement\":[{\"@type\":\"ListItem\",\"position\":1,\"name\":\"Portada\",\"item\":\"https:\/\/thecityescaperoom.com\/barcelona\/\"},{\"@type\":\"ListItem\",\"position\":2,\"name\":\"Estudio de televisi\u00f3n\"}]}]}<\/script>\n<!-- \/ Yoast SEO plugin. -->","yoast_head_json":{"title":"Estudio de televisi\u00f3n - The City Escape Room","description":"Ven al Estudio de Televisi\u00f3n de The City Escape Room a participar en el programa La Nevera Show, \u00a1el concurso m\u00e1s divertido de la TV!","robots":{"index":"index","follow":"follow","max-snippet":"max-snippet:-1","max-image-preview":"max-image-preview:large","max-video-preview":"max-video-preview:-1"},"canonical":"https:\/\/thecityescaperoom.com\/barcelona\/estudio-de-television\/","og_locale":"es_ES","og_type":"article","og_title":"Estudio de televisi\u00f3n - The City Escape Room","og_description":"Ven al Estudio de Televisi\u00f3n de The City Escape Room a participar en el programa La Nevera Show, \u00a1el concurso m\u00e1s divertido de la TV!","og_url":"https:\/\/thecityescaperoom.com\/barcelona\/estudio-de-television\/","og_site_name":"The City Escape Room","article_publisher":"https:\/\/fb.me\/elementsescaperoom","article_modified_time":"2025-06-25T20:49:53+00:00","og_image":[{"width":1627,"height":852,"url":"https:\/\/thecityescaperoom.com\/barcelona\/wp-content\/uploads\/2023\/06\/nevera.jpg","type":"image\/jpeg"}],"twitter_card":"summary_large_image","twitter_image":"https:\/\/thecityescaperoom.com\/barcelona\/wp-content\/uploads\/2023\/06\/nevera.jpg","twitter_site":"@elementsescape","twitter_misc":{"Tiempo de lectura":"2 minutos"},"schema":{"@context":"https:\/\/schema.org","@graph":[{"@type":"WebSite","@id":"https:\/\/thecityescaperoom.com\/barcelona\/#website","url":"https:\/\/thecityescaperoom.com\/barcelona\/","name":"The City Escape Room","description":"The City Escape Room","potentialAction":[{"@type":"SearchAction","target":{"@type":"EntryPoint","urlTemplate":"https:\/\/thecityescaperoom.com\/barcelona\/?s={search_term_string}"},"query-input":"required name=search_term_string"}],"inLanguage":"es"},{"@type":"ImageObject","inLanguage":"es","@id":"https:\/\/thecityescaperoom.com\/barcelona\/estudio-de-television\/#primaryimage","url":"https:\/\/thecityescaperoom.com\/barcelona\/wp-content\/uploads\/2023\/06\/nevera.jpg","contentUrl":"https:\/\/thecityescaperoom.com\/barcelona\/wp-content\/uploads\/2023\/06\/nevera.jpg","width":1627,"height":852},{"@type":"WebPage","@id":"https:\/\/thecityescaperoom.com\/barcelona\/estudio-de-television\/#webpage","url":"https:\/\/thecityescaperoom.com\/barcelona\/estudio-de-television\/","name":"Estudio de televisi\u00f3n - The City Escape Room","isPartOf":{"@id":"https:\/\/thecityescaperoom.com\/barcelona\/#website"},"primaryImageOfPage":{"@id":"https:\/\/thecityescaperoom.com\/barcelona\/estudio-de-television\/#primaryimage"},"datePublished":"2022-09-12T09:50:45+00:00","dateModified":"2025-06-25T20:49:53+00:00","description":"Ven al Estudio de Televisi\u00f3n de The City Escape Room a participar en el programa La Nevera Show, \u00a1el concurso m\u00e1s divertido de la TV!","breadcrumb":{"@id":"https:\/\/thecityescaperoom.com\/barcelona\/estudio-de-television\/#breadcrumb"},"inLanguage":"es","potentialAction":[{"@type":"ReadAction","target":["https:\/\/thecityescaperoom.com\/barcelona\/estudio-de-television\/"]}]},{"@type":"BreadcrumbList","@id":"https:\/\/thecityescaperoom.com\/barcelona\/estudio-de-television\/#breadcrumb","itemListElement":[{"@type":"ListItem","position":1,"name":"Portada","item":"https:\/\/thecityescaperoom.com\/barcelona\/"},{"@type":"ListItem","position":2,"name":"Estudio de televisi\u00f3n"}]}]}},"_links":{"self":[{"href":"https:\/\/thecityescaperoom.com\/barcelona\/wp-json\/wp\/v2\/pages\/2973"}],"collection":[{"href":"https:\/\/thecityescaperoom.com\/barcelona\/wp-json\/wp\/v2\/pages"}],"about":[{"href":"https:\/\/thecityescaperoom.com\/barcelona\/wp-json\/wp\/v2\/types\/page"}],"author":[{"embeddable":true,"href":"https:\/\/thecityescaperoom.com\/barcelona\/wp-json\/wp\/v2\/users\/1"}],"replies":[{"embeddable":true,"href":"https:\/\/thecityescaperoom.com\/barcelona\/wp-json\/wp\/v2\/comments?post=2973"}],"version-history":[{"count":39,"href":"https:\/\/thecityescaperoom.com\/barcelona\/wp-json\/wp\/v2\/pages\/2973\/revisions"}],"predecessor-version":[{"id":3819,"href":"https:\/\/thecityescaperoom.com\/barcelona\/wp-json\/wp\/v2\/pages\/2973\/revisions\/3819"}],"wp:featuredmedia":[{"embeddable":true,"href":"https:\/\/thecityescaperoom.com\/barcelona\/wp-json\/wp\/v2\/media\/3501"}],"wp:attachment":[{"href":"https:\/\/thecityescaperoom.com\/barcelona\/wp-json\/wp\/v2\/media?parent=2973"}],"curies":[{"name":"wp","href":"https:\/\/api.w.org\/{rel}","templated":true}]}}