{"id":3,"date":"2020-10-07T08:26:25","date_gmt":"2020-10-07T08:26:25","guid":{"rendered":"https:\/\/www.elementsescaperoom.com\/?page_id=3"},"modified":"2022-10-20T20:02:43","modified_gmt":"2022-10-20T20:02:43","slug":"politica-privacidad","status":"publish","type":"page","link":"https:\/\/thecityescaperoom.com\/barcelona\/politica-privacidad\/","title":{"rendered":"Pol\u00edtica de privacidad"},"content":{"rendered":"<section class=\"l-section wpb_row height_medium\"><div class=\"l-section-h i-cf\"><div class=\"g-cols vc_row via_flex valign_top type_default\"><div class=\"vc_col-sm-12 wpb_column vc_column_container\"><div class=\"vc_column-inner\"><div class=\"wpb_wrapper\"><h2 class=\"w-post-elm post_title entry-title color_link_inherit\">Pol\u00edtica de privacidad<\/h2><div class=\"wpb_text_column\"><div class=\"wpb_wrapper\"><ol>\n<li><strong>Responsable del tratamiento<\/strong><\/li>\n<\/ol>\n<ul>\n<li>Identidad: City Escape, S.L., como responsable de \u00abThe City Escape Barcelona\u00bb<\/li>\n<li>NIF: B10791507<\/li>\n<li>Direcci\u00f3n postal: C\/ Llobregat 4B, Local 11, Terrassa, 08223<\/li>\n<li>Email de contacto: barcelona@thecityescaperoom.com<\/li>\n<\/ul>\n<p>The City Escape Room, como responsable del sitio web, de conformidad con lo dispuesto en el Reglamento (UE) 2016\/679, de 27 de abril, relativo a la protecci\u00f3n de las personas f\u00edsicas en lo que respecta al tratamiento de datos personales (en adelante, \u00abRGPD\u00bb), y la Ley 34\/2002, de 11 de julio, de servicios de la sociedad de la informaci\u00f3n y del comercio electr\u00f3nico (LSSICE), le informa de que ha implantado las medidas de seguridad necesarias, de \u00edndole t\u00e9cnica y organizativa, para garantizar y proteger la confidencialidad, la integridad y la disponibilidad de los datos introducidos.<\/p>\n<ol start=\"2\">\n<li><strong>Finalidad del tratamiento<\/strong><\/li>\n<\/ol>\n<p>Sus datos personales solo se utilizar\u00e1n para las siguientes finalidades:<\/p>\n<ul>\n<li>Gestionar la relaci\u00f3n contractual con usted obtenida mediante la reserva de una sesi\u00f3n en nuestra web www.thecityescaperoom.com\/barcelona<\/li>\n<li>Gestionar el env\u00edo de informaci\u00f3n sobre la futura oferta de servicios de The City Escape Room as\u00ed como conocer su opini\u00f3n con respecto a los servicios prestados.<\/li>\n<\/ul>\n<p>No trataremos sus datos personales con otra finalidad que las aqu\u00ed descritas excepto por obligaci\u00f3n legal o requerimiento judicial.<\/p>\n<ol start=\"3\">\n<li><strong>Duraci\u00f3n<\/strong><\/li>\n<\/ol>\n<p>Los datos correspondientes a la gesti\u00f3n contractual relacionada con la reserva de una sesi\u00f3n se bloquear\u00e1n tras la realizaci\u00f3n de dicha sesi\u00f3n.<\/p>\n<p>Los datos correspondientes a la gesti\u00f3n del env\u00edo de informaci\u00f3n sobre la futura oferta de servicios de The City Escape Room se conservar\u00e1n durante el plazo necesario a efectos de realizar esta actividad. Posteriormente, quedar\u00e1n bloqueados hasta que transcurran los plazos de prescripci\u00f3n aplicables.<\/p>\n<p>Los datos facilitados por el interesado en relaci\u00f3n a la gesti\u00f3n del env\u00edo de informaci\u00f3n sobre la futura oferta de servicios de Elements Escape Room se conservar\u00e1n hasta que este manifieste su voluntad de que sean suprimidos.<\/p>\n<ol start=\"4\">\n<li><strong>Legitimaci\u00f3n del tratamiento<\/strong><\/li>\n<\/ol>\n<p>La base legal para el tratamiento es el consentimiento del interesado. Para poder gestionar el env\u00edo de informaci\u00f3n sobre la futura oferta de servicios de The City Escape Room se requiere del consentimiento del interesado con esta pol\u00edtica de privacidad.<\/p>\n<ol start=\"5\">\n<li><strong>Lugar donde se guarda la informaci\u00f3n<\/strong><\/li>\n<\/ol>\n<p>La informaci\u00f3n proporcionada se guarda en los servidores de The City Escape Room o en proveedores y empresas encargados del tratamiento de datos que tengan los servidores en el territorio de la Uni\u00f3n Europea o est\u00e9n amparados por el Privacy Shield.<\/p>\n<ol start=\"6\">\n<li><strong>Cesi\u00f3n y transferencia<\/strong><\/li>\n<\/ol>\n<p>Los datos facilitados pueden cederse a empresas del grupo Elements Escape Room (Italian Countdown Escape Barcelona, S.L.) y empresas encargadas del tratamiento de datos (como proveedores de servicios para el env\u00edo de comunicaciones, etc.).<\/p>\n<p>Los datos no se ceder\u00e1n a terceros salvo en los casos en que exista una obligaci\u00f3n legal.<\/p>\n<ol start=\"7\">\n<li><strong>Derechos de las personas interesadas<\/strong><\/li>\n<\/ol>\n<p>Puede solicitar el ejercicio de los siguientes derechos ante The City Escape Room presentando un escrito a la direcci\u00f3n postal del encabezado o enviando un mensaje electr\u00f3nico a barcelona@thecityescaperoom.com y adjuntando una fotocopia del DNI o cualquier otro documento an\u00e1logo en derecho, como indica la ley.<\/p>\n<ul>\n<li><strong>Derecho de acceso:<\/strong> permite al interesado conocer y obtener informaci\u00f3n sobre sus datos de car\u00e1cter personal sometidos a tratamiento.<\/li>\n<li><strong>Derecho de rectificaci\u00f3n o supresi\u00f3n:<\/strong> permite corregir errores y modificar los datos que resulten inexactos o incompletos.<\/li>\n<li><strong>Derecho de cancelaci\u00f3n<\/strong>: permite que se supriman los datos que resulten inadecuados o excesivos.<\/li>\n<li><strong>Derecho de supresi\u00f3n:<\/strong> derecho del interesado a que no se realice el tratamiento de sus datos de car\u00e1cter personal o se cese en su tratamiento.<\/li>\n<li><strong>Limitaci\u00f3n del tratamiento:<\/strong> conlleva el marcaje de los datos personales conservados, con el fin de limitar su futuro tratamiento.<\/li>\n<li><strong>Portabilidad de los datos:<\/strong> facilitaci\u00f3n de los datos objeto de tratamiento al interesado, para que pueda transmitirlos a otro responsable sin impedimentos.<\/li>\n<li><strong>Derecho a no ser objeto de decisiones individuales automatizadas<\/strong> respecto a las cuales el interesado no haya expresado su consentimiento (incluida la elaboraci\u00f3n de perfiles).<\/li>\n<li><strong>Derecho a no ser objeto de una decisi\u00f3n basada en el tratamiento automatizado<\/strong> que produzca efectos o afecte significativamente.<\/li>\n<li><strong>Derecho de Oposici\u00f3n:<\/strong> permite que se solicite que no se traten tus datos personales.<\/li>\n<li><strong>Derecho a retirar el consentimiento prestado<\/strong> en cualquier momento.<\/li>\n<\/ul>\n<p>El interesado tambi\u00e9n tiene derecho a presentar una reclamaci\u00f3n ante la autoridad de control si considera que pueden haberse vulnerado sus derechos con respecto a la protecci\u00f3n de sus datos.<\/p>\n<ol start=\"8\">\n<li><strong>Cambios en la presente pol\u00edtica de privacidad<\/strong><\/li>\n<\/ol>\n<p>The City Escape Room se reserva el derecho a modificar la presente pol\u00edtica para adaptarla a novedades legislativas o jurisprudenciales.<\/p>\n<h2>Acciones en caso de incumplimiento<\/h2>\n<p>The City Escape Room se reserva el derecho a ejercer cuantas acciones est\u00e9n disponibles en derecho para exigir las responsabilidades que se deriven del incumplimiento de cualquiera de las disposiciones de estas Condiciones Generales de Uso del Sitio Web por parte de un Usuario.<\/p>\n<h2>Nulidad parcial<\/h2>\n<p>La declaraci\u00f3n de cualquiera de estas condiciones generales como nula, inv\u00e1lida o ineficaz no afectar\u00e1 a la validez o eficacia de las restantes, que seguir\u00e1n siendo vinculantes entre las partes. La renuncia por cualquiera de las partes a exigir en un momento determinado el cumplimiento de una cualquiera de las condiciones generales aqu\u00ed estipuladas no implicar\u00e1 una renuncia con car\u00e1cter general al cumplimiento de otra condici\u00f3n o condiciones, ni crear\u00e1 un derecho adquirido para la otra parte.<\/p>\n<h2>Ley aplicable y jurisdicci\u00f3n<\/h2>\n<p>La prestaci\u00f3n del servicio del Sitio Web y las presentes Condiciones Generales de Uso del Sitio Web se rigen por la ley espa\u00f1ola. En la medida en que as\u00ed lo permita la ley, las partes, con renuncia expresa a cualquier otro fuero que pudiera corresponderles, acuerdan someterse a la jurisdicci\u00f3n de los Juzgados y Tribunales de la ciudad de Barcelona.<\/p>\n<\/div><\/div><\/div><\/div><\/div><\/div><\/div><\/section>\n","protected":false},"excerpt":{"rendered":"Pol\u00edtica de privacidad Responsable del tratamiento Identidad: City Escape, S.L., como responsable de \u00abThe City Escape Barcelona\u00bb NIF: B10791507 Direcci\u00f3n postal: C\/ Llobregat 4B, Local 11, Terrassa, 08223 Email de contacto: barcelona@thecityescaperoom.com The City Escape Room, como responsable del sitio web, de conformidad con lo dispuesto en el Reglamento (UE) 2016\/679, de 27 de abril,...","protected":false},"author":1,"featured_media":2844,"parent":0,"menu_order":0,"comment_status":"closed","ping_status":"closed","template":"","meta":[],"yoast_head":"<!-- This site is optimized with the Yoast SEO plugin v19.1 - https:\/\/yoast.com\/wordpress\/plugins\/seo\/ -->\n<title>Pol\u00edtica de Privacidad elementsescaperoom.com<\/title>\n<meta name=\"description\" content=\"Pol\u00edtica de Privacidad elementsescaperoom.com\" \/>\n<meta name=\"robots\" content=\"index, follow, max-snippet:-1, max-image-preview:large, max-video-preview:-1\" \/>\n<link rel=\"canonical\" href=\"https:\/\/thecityescaperoom.com\/barcelona\/politica-privacidad\/\" \/>\n<meta property=\"og:locale\" content=\"es_ES\" \/>\n<meta property=\"og:type\" content=\"article\" \/>\n<meta property=\"og:title\" content=\"Pol\u00edtica de Privacidad elementsescaperoom.com\" \/>\n<meta property=\"og:description\" content=\"Pol\u00edtica de Privacidad elementsescaperoom.com\" \/>\n<meta property=\"og:url\" content=\"https:\/\/thecityescaperoom.com\/barcelona\/politica-privacidad\/\" \/>\n<meta property=\"og:site_name\" content=\"The City Escape Room\" \/>\n<meta property=\"article:publisher\" content=\"https:\/\/fb.me\/elementsescaperoom\" \/>\n<meta property=\"article:modified_time\" content=\"2022-10-20T20:02:43+00:00\" \/>\n<meta property=\"og:image\" content=\"https:\/\/thecityescaperoom.com\/barcelona\/wp-content\/uploads\/2022\/05\/elements-escape-room.jpg\" \/>\n\t<meta property=\"og:image:width\" content=\"1201\" \/>\n\t<meta property=\"og:image:height\" content=\"629\" \/>\n\t<meta property=\"og:image:type\" content=\"image\/jpeg\" \/>\n<meta name=\"twitter:card\" content=\"summary_large_image\" \/>\n<meta name=\"twitter:site\" content=\"@elementsescape\" \/>\n<meta name=\"twitter:label1\" content=\"Tiempo de lectura\" \/>\n\t<meta name=\"twitter:data1\" content=\"5 minutos\" \/>\n<script type=\"application\/ld+json\" class=\"yoast-schema-graph\">{\"@context\":\"https:\/\/schema.org\",\"@graph\":[{\"@type\":\"WebSite\",\"@id\":\"https:\/\/thecityescaperoom.com\/barcelona\/#website\",\"url\":\"https:\/\/thecityescaperoom.com\/barcelona\/\",\"name\":\"The City Escape Room\",\"description\":\"The City Escape Room\",\"potentialAction\":[{\"@type\":\"SearchAction\",\"target\":{\"@type\":\"EntryPoint\",\"urlTemplate\":\"https:\/\/thecityescaperoom.com\/barcelona\/?s={search_term_string}\"},\"query-input\":\"required name=search_term_string\"}],\"inLanguage\":\"es\"},{\"@type\":\"ImageObject\",\"inLanguage\":\"es\",\"@id\":\"https:\/\/thecityescaperoom.com\/barcelona\/politica-privacidad\/#primaryimage\",\"url\":\"https:\/\/thecityescaperoom.com\/barcelona\/wp-content\/uploads\/2022\/05\/elements-escape-room.jpg\",\"contentUrl\":\"https:\/\/thecityescaperoom.com\/barcelona\/wp-content\/uploads\/2022\/05\/elements-escape-room.jpg\",\"width\":1201,\"height\":629,\"caption\":\"Elements - Escape Room Barcelona\"},{\"@type\":\"WebPage\",\"@id\":\"https:\/\/thecityescaperoom.com\/barcelona\/politica-privacidad\/#webpage\",\"url\":\"https:\/\/thecityescaperoom.com\/barcelona\/politica-privacidad\/\",\"name\":\"Pol\u00edtica de Privacidad elementsescaperoom.com\",\"isPartOf\":{\"@id\":\"https:\/\/thecityescaperoom.com\/barcelona\/#website\"},\"primaryImageOfPage\":{\"@id\":\"https:\/\/thecityescaperoom.com\/barcelona\/politica-privacidad\/#primaryimage\"},\"datePublished\":\"2020-10-07T08:26:25+00:00\",\"dateModified\":\"2022-10-20T20:02:43+00:00\",\"description\":\"Pol\u00edtica de Privacidad elementsescaperoom.com\",\"breadcrumb\":{\"@id\":\"https:\/\/thecityescaperoom.com\/barcelona\/politica-privacidad\/#breadcrumb\"},\"inLanguage\":\"es\",\"potentialAction\":[{\"@type\":\"ReadAction\",\"target\":[\"https:\/\/thecityescaperoom.com\/barcelona\/politica-privacidad\/\"]}]},{\"@type\":\"BreadcrumbList\",\"@id\":\"https:\/\/thecityescaperoom.com\/barcelona\/politica-privacidad\/#breadcrumb\",\"itemListElement\":[{\"@type\":\"ListItem\",\"position\":1,\"name\":\"Portada\",\"item\":\"https:\/\/thecityescaperoom.com\/barcelona\/\"},{\"@type\":\"ListItem\",\"position\":2,\"name\":\"Pol\u00edtica de privacidad\"}]}]}<\/script>\n<!-- \/ Yoast SEO plugin. -->","yoast_head_json":{"title":"Pol\u00edtica de Privacidad elementsescaperoom.com","description":"Pol\u00edtica de Privacidad elementsescaperoom.com","robots":{"index":"index","follow":"follow","max-snippet":"max-snippet:-1","max-image-preview":"max-image-preview:large","max-video-preview":"max-video-preview:-1"},"canonical":"https:\/\/thecityescaperoom.com\/barcelona\/politica-privacidad\/","og_locale":"es_ES","og_type":"article","og_title":"Pol\u00edtica de Privacidad elementsescaperoom.com","og_description":"Pol\u00edtica de Privacidad elementsescaperoom.com","og_url":"https:\/\/thecityescaperoom.com\/barcelona\/politica-privacidad\/","og_site_name":"The City Escape Room","article_publisher":"https:\/\/fb.me\/elementsescaperoom","article_modified_time":"2022-10-20T20:02:43+00:00","og_image":[{"width":1201,"height":629,"url":"https:\/\/thecityescaperoom.com\/barcelona\/wp-content\/uploads\/2022\/05\/elements-escape-room.jpg","type":"image\/jpeg"}],"twitter_card":"summary_large_image","twitter_site":"@elementsescape","twitter_misc":{"Tiempo de lectura":"5 minutos"},"schema":{"@context":"https:\/\/schema.org","@graph":[{"@type":"WebSite","@id":"https:\/\/thecityescaperoom.com\/barcelona\/#website","url":"https:\/\/thecityescaperoom.com\/barcelona\/","name":"The City Escape Room","description":"The City Escape Room","potentialAction":[{"@type":"SearchAction","target":{"@type":"EntryPoint","urlTemplate":"https:\/\/thecityescaperoom.com\/barcelona\/?s={search_term_string}"},"query-input":"required name=search_term_string"}],"inLanguage":"es"},{"@type":"ImageObject","inLanguage":"es","@id":"https:\/\/thecityescaperoom.com\/barcelona\/politica-privacidad\/#primaryimage","url":"https:\/\/thecityescaperoom.com\/barcelona\/wp-content\/uploads\/2022\/05\/elements-escape-room.jpg","contentUrl":"https:\/\/thecityescaperoom.com\/barcelona\/wp-content\/uploads\/2022\/05\/elements-escape-room.jpg","width":1201,"height":629,"caption":"Elements - Escape Room Barcelona"},{"@type":"WebPage","@id":"https:\/\/thecityescaperoom.com\/barcelona\/politica-privacidad\/#webpage","url":"https:\/\/thecityescaperoom.com\/barcelona\/politica-privacidad\/","name":"Pol\u00edtica de Privacidad elementsescaperoom.com","isPartOf":{"@id":"https:\/\/thecityescaperoom.com\/barcelona\/#website"},"primaryImageOfPage":{"@id":"https:\/\/thecityescaperoom.com\/barcelona\/politica-privacidad\/#primaryimage"},"datePublished":"2020-10-07T08:26:25+00:00","dateModified":"2022-10-20T20:02:43+00:00","description":"Pol\u00edtica de Privacidad elementsescaperoom.com","breadcrumb":{"@id":"https:\/\/thecityescaperoom.com\/barcelona\/politica-privacidad\/#breadcrumb"},"inLanguage":"es","potentialAction":[{"@type":"ReadAction","target":["https:\/\/thecityescaperoom.com\/barcelona\/politica-privacidad\/"]}]},{"@type":"BreadcrumbList","@id":"https:\/\/thecityescaperoom.com\/barcelona\/politica-privacidad\/#breadcrumb","itemListElement":[{"@type":"ListItem","position":1,"name":"Portada","item":"https:\/\/thecityescaperoom.com\/barcelona\/"},{"@type":"ListItem","position":2,"name":"Pol\u00edtica de privacidad"}]}]}},"_links":{"self":[{"href":"https:\/\/thecityescaperoom.com\/barcelona\/wp-json\/wp\/v2\/pages\/3"}],"collection":[{"href":"https:\/\/thecityescaperoom.com\/barcelona\/wp-json\/wp\/v2\/pages"}],"about":[{"href":"https:\/\/thecityescaperoom.com\/barcelona\/wp-json\/wp\/v2\/types\/page"}],"author":[{"embeddable":true,"href":"https:\/\/thecityescaperoom.com\/barcelona\/wp-json\/wp\/v2\/users\/1"}],"replies":[{"embeddable":true,"href":"https:\/\/thecityescaperoom.com\/barcelona\/wp-json\/wp\/v2\/comments?post=3"}],"version-history":[{"count":8,"href":"https:\/\/thecityescaperoom.com\/barcelona\/wp-json\/wp\/v2\/pages\/3\/revisions"}],"predecessor-version":[{"id":3286,"href":"https:\/\/thecityescaperoom.com\/barcelona\/wp-json\/wp\/v2\/pages\/3\/revisions\/3286"}],"wp:featuredmedia":[{"embeddable":true,"href":"https:\/\/thecityescaperoom.com\/barcelona\/wp-json\/wp\/v2\/media\/2844"}],"wp:attachment":[{"href":"https:\/\/thecityescaperoom.com\/barcelona\/wp-json\/wp\/v2\/media?parent=3"}],"curies":[{"name":"wp","href":"https:\/\/api.w.org\/{rel}","templated":true}]}}