{"id":3338,"date":"2022-11-27T18:35:24","date_gmt":"2022-11-27T18:35:24","guid":{"rendered":"https:\/\/thecityescaperoom.com\/barcelona\/?page_id=3338"},"modified":"2025-09-02T20:47:03","modified_gmt":"2025-09-02T20:47:03","slug":"juegos","status":"publish","type":"page","link":"https:\/\/thecityescaperoom.com\/barcelona\/juegos\/","title":{"rendered":"Juegos"},"content":{"rendered":"<section class=\"l-section wpb_row us_custom_54edbb2f height_medium\"><div class=\"l-section-h i-cf\"><div class=\"g-cols vc_row via_flex valign_top type_default\"><div class=\"vc_col-sm-12 wpb_column vc_column_container has_bg_color\"><div class=\"vc_column-inner us_custom_54edbb2f\"><div class=\"wpb_wrapper\"><div class=\"wpb_text_column\"><div class=\"wpb_wrapper\"><h1 style=\"text-align: center;\"><span style=\"color: #ffffff;\"><strong>Nuestros juegos<\/strong><\/span><\/h1>\n<\/div><\/div><\/div><\/div><\/div><\/div><\/div><\/section><section class=\"l-section wpb_row us_custom_54edbb2f height_medium\"><div class=\"l-section-h i-cf\"><div class=\"g-cols vc_row via_flex valign_top type_default\"><div class=\"vc_col-sm-8 wpb_column vc_column_container\"><div class=\"vc_column-inner\"><div class=\"wpb_wrapper\"><div class=\"wpb_text_column\"><div class=\"wpb_wrapper\"><p><span style=\"color: #ffffff;\">La resistencia que lucha contra Parker no descansa. En su pugna por derrotar al tirano y recuperar el poder, la resistencia cuenta con varios locales clandestinos desde los que se organizan los ataques incesantes al r\u00e9gimen. En esos locales, pasarlo bien est\u00e1 permitido y re\u00edr es obligado. A continuaci\u00f3n puedes ver los distintos locales clandestinos de The City Escape Room Barcelona, en los que os esperamos muy pronto para derrotar al tirano Neil Parker:<\/span><\/p>\n<\/div><\/div><div class=\"w-html\">  <div class=\"ct-grid\">\n    <a class=\"ct-room\" href=\"\/barcelona\/estudio-de-television\/\" style=\"background: #047788\">\n      <img src=\"https:\/\/thecityescaperoom.com\/barcelona\/wp-content\/uploads\/2022\/10\/estudio-de-television.png\" \/>\n      <h3>Estudio de televisi\u00f3n<\/h3>\n  \n      <div class=\"ct-iconography\">\n        <div>\n          <img title=\"Duraci\u00f3n\" src=\"https:\/\/thecityescaperoom.com\/barcelona\/wp-content\/uploads\/2022\/10\/reloj.png\" \/>\n          <span>75 min<\/span>\n        <\/div>\n        <div>\n          <img title=\"N\u00famero de jugadores\" src=\"https:\/\/thecityescaperoom.com\/barcelona\/wp-content\/uploads\/2022\/10\/grupos-e1664804262775.png\" \/>\n          <span>2-4<\/span>\n        <\/div>\n        <div>\n          <img title=\"Dificultad\" src=\"https:\/\/thecityescaperoom.com\/barcelona\/wp-content\/uploads\/2022\/10\/volumen.png\" \/>\n          <span>Medio<\/span>\n        <\/div>\n      <\/div>\n    <\/a>\n  \n    <a class=\"ct-room\" href=\"\/barcelona\/academia-de-cocina-megachef\/\" style=\"background: #be36ad\">\n      <img src=\"https:\/\/thecityescaperoom.com\/barcelona\/wp-content\/uploads\/2022\/10\/academia-de-cocina.png\" \/>\n      <h3>Academia de cocina<\/h3>\n  \n      <div class=\"ct-iconography\">\n        <div>\n          <img title=\"Duraci\u00f3n\" src=\"https:\/\/thecityescaperoom.com\/barcelona\/wp-content\/uploads\/2022\/10\/reloj.png\" \/>\n          <span>75 min<\/span>\n        <\/div>\n        <div>\n          <img title=\"N\u00famero de jugadores\" src=\"https:\/\/thecityescaperoom.com\/barcelona\/wp-content\/uploads\/2022\/10\/grupos-e1664804262775.png\" \/>\n          <span>4-16<\/span>\n        <\/div>\n        <div>\n          <img title=\"Dificultad\" src=\"https:\/\/thecityescaperoom.com\/barcelona\/wp-content\/uploads\/2022\/10\/volumen.png\" \/>\n          <span>Medio\/Alto<\/span>\n        <\/div>\n      <\/div>\n    <\/a>\n  \n    <a class=\"ct-room\" href=\"\/barcelona\/la-taberna\/\" style=\"background: #a732ff\">\n      <img src=\"https:\/\/thecityescaperoom.com\/barcelona\/wp-content\/uploads\/2023\/05\/la-taberna-1.png\" \/>\n      <h3>La taberna<\/h3>\n  \n      <div class=\"ct-iconography\">\n        <div>\n          <img title=\"Duraci\u00f3n\" src=\"https:\/\/thecityescaperoom.com\/barcelona\/wp-content\/uploads\/2022\/10\/reloj.png\" \/>\n          <span>120 min<\/span>\n        <\/div>\n        <div>\n          <img title=\"N\u00famero de jugadores\" src=\"https:\/\/thecityescaperoom.com\/barcelona\/wp-content\/uploads\/2022\/10\/grupos-e1664804262775.png\" \/>\n          <span>2-7<\/span>\n        <\/div>\n        <div>\n          <img title=\"Dificultad\" src=\"https:\/\/thecityescaperoom.com\/barcelona\/wp-content\/uploads\/2022\/10\/volumen.png\" \/>\n          <span>Medio<\/span>\n        <\/div>\n      <\/div>\n    <\/a>\n  \n    <a class=\"ct-room\" href=\"\/barcelona\/la-lanzadera\/\" style=\"background: #d332ff\">\n      <img src=\"https:\/\/thecityescaperoom.com\/barcelona\/wp-content\/uploads\/2023\/12\/lanzadera.jpg\" \/>\n      <h3>La lanzadera<\/h3>\n  \n      <div class=\"ct-iconography\">\n        <div>\n          <img title=\"Duraci\u00f3n\" src=\"https:\/\/thecityescaperoom.com\/barcelona\/wp-content\/uploads\/2022\/10\/reloj.png\" \/>\n          <span>60 min<\/span>\n        <\/div>\n        <div>\n          <img title=\"N\u00famero de jugadores\" src=\"https:\/\/thecityescaperoom.com\/barcelona\/wp-content\/uploads\/2022\/10\/grupos-e1664804262775.png\" \/>\n          <span>2-18<\/span>\n        <\/div>\n        <div>\n          <img title=\"Dificultad\" src=\"https:\/\/thecityescaperoom.com\/barcelona\/wp-content\/uploads\/2023\/12\/icons8-joystick-64.png\" \/>\n          <span>Arcade<\/span>\n        <\/div>\n      <\/div>\n    <\/a>\n          <a class=\"ct-room\" href=\"\/barcelona\/la-agencia\/\" style=\"background: #3a7cd2\">\n            <img src=\"https:\/\/thecityescaperoom.com\/barcelona\/wp-content\/uploads\/2024\/07\/la-agencia-virtual-game.jpg\" \/>\n            <h3>La agencia<\/h3>\n        \n            <div class=\"ct-iconography\">\n              <div>\n                <img title=\"Duraci\u00f3n\" src=\"https:\/\/thecityescaperoom.com\/barcelona\/wp-content\/uploads\/2022\/10\/reloj.png\" \/>\n                <span>60 min<\/span>\n              <\/div>\n              <div>\n                <img title=\"N\u00famero de jugadores\" src=\"https:\/\/thecityescaperoom.com\/barcelona\/wp-content\/uploads\/2022\/10\/grupos-e1664804262775.png\" \/>\n                <span>2-8<\/span>\n              <\/div>\n              <div>\n                <img title=\"Tipo de juego\" src=\"https:\/\/thecityescaperoom.com\/barcelona\/wp-content\/uploads\/2023\/12\/icons8-joystick-64.png\" \/>\n                <span>Realidad Virtual<\/span>\n              <\/div>\n            <\/div>\n          <\/a>\n\n        <a class=\"ct-room\" href=\"\/barcelona\/base-secreta\/\" style=\"background: #de1943\">\n          <img src=\"https:\/\/thecityescaperoom.com\/barcelona\/wp-content\/uploads\/2024\/08\/imagen-codigo-rojo-juegos.jpg\" \/>\n          <h3>Base secreta: C\u00f3digo rojo<\/h3>\n      \n          <div class=\"ct-iconography\">\n            <div>\n              <img title=\"Duraci\u00f3n\" src=\"https:\/\/thecityescaperoom.com\/barcelona\/wp-content\/uploads\/2022\/10\/reloj.png\" \/>\n              <span>80 min<\/span>\n            <\/div>\n            <div>\n              <img title=\"N\u00famero de jugadores\" src=\"https:\/\/thecityescaperoom.com\/barcelona\/wp-content\/uploads\/2022\/10\/grupos-e1664804262775.png\" \/>\n              <span>2-8<\/span>\n            <\/div>\n            <div>\n              <img title=\"Dificultad\" src=\"https:\/\/thecityescaperoom.com\/barcelona\/wp-content\/uploads\/2022\/10\/volumen.png\" \/>\n              <span>Medio<\/span>\n            <\/div>\n          <\/div>\n        <\/a>\n  <\/div><\/div><\/div><\/div><\/div><div class=\"vc_col-sm-4 wpb_column vc_column_container\"><div class=\"vc_column-inner\"><div class=\"wpb_wrapper\"><div class=\"w-image align_none\"><div class=\"w-image-h\"><img width=\"2480\" height=\"3508\" src=\"https:\/\/thecityescaperoom.com\/barcelona\/wp-content\/uploads\/2022\/11\/plano_city_escape_room_terrassa.png\" class=\"attachment-full size-full\" alt=\"Plano City Escape Room Terrassa\" decoding=\"async\" loading=\"lazy\" srcset=\"https:\/\/thecityescaperoom.com\/barcelona\/wp-content\/uploads\/2022\/11\/plano_city_escape_room_terrassa.png 2480w, https:\/\/thecityescaperoom.com\/barcelona\/wp-content\/uploads\/2022\/11\/plano_city_escape_room_terrassa-212x300.png 212w, https:\/\/thecityescaperoom.com\/barcelona\/wp-content\/uploads\/2022\/11\/plano_city_escape_room_terrassa-724x1024.png 724w, https:\/\/thecityescaperoom.com\/barcelona\/wp-content\/uploads\/2022\/11\/plano_city_escape_room_terrassa-163x230.png 163w\" sizes=\"(max-width: 2480px) 100vw, 2480px\" \/><\/div><\/div><\/div><\/div><\/div><\/div><\/div><\/section>\n","protected":false},"excerpt":{"rendered":"Nuestros juegos La resistencia que lucha contra Parker no descansa. En su pugna por derrotar al tirano y recuperar el poder, la resistencia cuenta con varios locales clandestinos desde los que se organizan los ataques incesantes al r\u00e9gimen. En esos locales, pasarlo bien est\u00e1 permitido y re\u00edr es obligado. A continuaci\u00f3n puedes ver los distintos...","protected":false},"author":2,"featured_media":3162,"parent":0,"menu_order":0,"comment_status":"closed","ping_status":"closed","template":"","meta":[],"yoast_head":"<!-- This site is optimized with the Yoast SEO plugin v19.1 - https:\/\/yoast.com\/wordpress\/plugins\/seo\/ -->\n<title>Juegos - The City Escape Room<\/title>\n<meta name=\"description\" content=\"The City Escape Room, tiene los mejores juegos de escape room de la provincia de Barcelona, ubicado en Terrassa, junto al Parc Vall\u00e8s\" \/>\n<meta name=\"robots\" content=\"index, follow, max-snippet:-1, max-image-preview:large, max-video-preview:-1\" \/>\n<link rel=\"canonical\" href=\"https:\/\/thecityescaperoom.com\/barcelona\/juegos\/\" \/>\n<meta property=\"og:locale\" content=\"es_ES\" \/>\n<meta property=\"og:type\" content=\"article\" \/>\n<meta property=\"og:title\" content=\"Juegos - The City Escape Room\" \/>\n<meta property=\"og:description\" content=\"The City Escape Room, tiene los mejores juegos de escape room de la provincia de Barcelona, ubicado en Terrassa, junto al Parc Vall\u00e8s\" \/>\n<meta property=\"og:url\" content=\"https:\/\/thecityescaperoom.com\/barcelona\/juegos\/\" \/>\n<meta property=\"og:site_name\" content=\"The City Escape Room\" \/>\n<meta property=\"article:publisher\" content=\"https:\/\/fb.me\/elementsescaperoom\" \/>\n<meta property=\"article:modified_time\" content=\"2025-09-02T20:47:03+00:00\" \/>\n<meta property=\"og:image\" content=\"https:\/\/thecityescaperoom.com\/barcelona\/wp-content\/uploads\/2022\/10\/banner-the-city.png\" \/>\n\t<meta property=\"og:image:width\" content=\"1920\" \/>\n\t<meta property=\"og:image:height\" content=\"804\" \/>\n\t<meta property=\"og:image:type\" content=\"image\/png\" \/>\n<meta name=\"twitter:card\" content=\"summary_large_image\" \/>\n<meta name=\"twitter:site\" content=\"@elementsescape\" \/>\n<meta name=\"twitter:label1\" content=\"Tiempo de lectura\" \/>\n\t<meta name=\"twitter:data1\" content=\"1 minuto\" \/>\n<script type=\"application\/ld+json\" class=\"yoast-schema-graph\">{\"@context\":\"https:\/\/schema.org\",\"@graph\":[{\"@type\":\"WebSite\",\"@id\":\"https:\/\/thecityescaperoom.com\/barcelona\/#website\",\"url\":\"https:\/\/thecityescaperoom.com\/barcelona\/\",\"name\":\"The City Escape Room\",\"description\":\"The City Escape Room\",\"potentialAction\":[{\"@type\":\"SearchAction\",\"target\":{\"@type\":\"EntryPoint\",\"urlTemplate\":\"https:\/\/thecityescaperoom.com\/barcelona\/?s={search_term_string}\"},\"query-input\":\"required name=search_term_string\"}],\"inLanguage\":\"es\"},{\"@type\":\"ImageObject\",\"inLanguage\":\"es\",\"@id\":\"https:\/\/thecityescaperoom.com\/barcelona\/juegos\/#primaryimage\",\"url\":\"https:\/\/thecityescaperoom.com\/barcelona\/wp-content\/uploads\/2022\/10\/banner-the-city.png\",\"contentUrl\":\"https:\/\/thecityescaperoom.com\/barcelona\/wp-content\/uploads\/2022\/10\/banner-the-city.png\",\"width\":1920,\"height\":804,\"caption\":\"The City Escape Room Barcelona\"},{\"@type\":\"WebPage\",\"@id\":\"https:\/\/thecityescaperoom.com\/barcelona\/juegos\/#webpage\",\"url\":\"https:\/\/thecityescaperoom.com\/barcelona\/juegos\/\",\"name\":\"Juegos - The City Escape Room\",\"isPartOf\":{\"@id\":\"https:\/\/thecityescaperoom.com\/barcelona\/#website\"},\"primaryImageOfPage\":{\"@id\":\"https:\/\/thecityescaperoom.com\/barcelona\/juegos\/#primaryimage\"},\"datePublished\":\"2022-11-27T18:35:24+00:00\",\"dateModified\":\"2025-09-02T20:47:03+00:00\",\"description\":\"The City Escape Room, tiene los mejores juegos de escape room de la provincia de Barcelona, ubicado en Terrassa, junto al Parc Vall\u00e8s\",\"breadcrumb\":{\"@id\":\"https:\/\/thecityescaperoom.com\/barcelona\/juegos\/#breadcrumb\"},\"inLanguage\":\"es\",\"potentialAction\":[{\"@type\":\"ReadAction\",\"target\":[\"https:\/\/thecityescaperoom.com\/barcelona\/juegos\/\"]}]},{\"@type\":\"BreadcrumbList\",\"@id\":\"https:\/\/thecityescaperoom.com\/barcelona\/juegos\/#breadcrumb\",\"itemListElement\":[{\"@type\":\"ListItem\",\"position\":1,\"name\":\"Portada\",\"item\":\"https:\/\/thecityescaperoom.com\/barcelona\/\"},{\"@type\":\"ListItem\",\"position\":2,\"name\":\"Juegos\"}]}]}<\/script>\n<!-- \/ Yoast SEO plugin. -->","yoast_head_json":{"title":"Juegos - The City Escape Room","description":"The City Escape Room, tiene los mejores juegos de escape room de la provincia de Barcelona, ubicado en Terrassa, junto al Parc Vall\u00e8s","robots":{"index":"index","follow":"follow","max-snippet":"max-snippet:-1","max-image-preview":"max-image-preview:large","max-video-preview":"max-video-preview:-1"},"canonical":"https:\/\/thecityescaperoom.com\/barcelona\/juegos\/","og_locale":"es_ES","og_type":"article","og_title":"Juegos - The City Escape Room","og_description":"The City Escape Room, tiene los mejores juegos de escape room de la provincia de Barcelona, ubicado en Terrassa, junto al Parc Vall\u00e8s","og_url":"https:\/\/thecityescaperoom.com\/barcelona\/juegos\/","og_site_name":"The City Escape Room","article_publisher":"https:\/\/fb.me\/elementsescaperoom","article_modified_time":"2025-09-02T20:47:03+00:00","og_image":[{"width":1920,"height":804,"url":"https:\/\/thecityescaperoom.com\/barcelona\/wp-content\/uploads\/2022\/10\/banner-the-city.png","type":"image\/png"}],"twitter_card":"summary_large_image","twitter_site":"@elementsescape","twitter_misc":{"Tiempo de lectura":"1 minuto"},"schema":{"@context":"https:\/\/schema.org","@graph":[{"@type":"WebSite","@id":"https:\/\/thecityescaperoom.com\/barcelona\/#website","url":"https:\/\/thecityescaperoom.com\/barcelona\/","name":"The City Escape Room","description":"The City Escape Room","potentialAction":[{"@type":"SearchAction","target":{"@type":"EntryPoint","urlTemplate":"https:\/\/thecityescaperoom.com\/barcelona\/?s={search_term_string}"},"query-input":"required name=search_term_string"}],"inLanguage":"es"},{"@type":"ImageObject","inLanguage":"es","@id":"https:\/\/thecityescaperoom.com\/barcelona\/juegos\/#primaryimage","url":"https:\/\/thecityescaperoom.com\/barcelona\/wp-content\/uploads\/2022\/10\/banner-the-city.png","contentUrl":"https:\/\/thecityescaperoom.com\/barcelona\/wp-content\/uploads\/2022\/10\/banner-the-city.png","width":1920,"height":804,"caption":"The City Escape Room Barcelona"},{"@type":"WebPage","@id":"https:\/\/thecityescaperoom.com\/barcelona\/juegos\/#webpage","url":"https:\/\/thecityescaperoom.com\/barcelona\/juegos\/","name":"Juegos - The City Escape Room","isPartOf":{"@id":"https:\/\/thecityescaperoom.com\/barcelona\/#website"},"primaryImageOfPage":{"@id":"https:\/\/thecityescaperoom.com\/barcelona\/juegos\/#primaryimage"},"datePublished":"2022-11-27T18:35:24+00:00","dateModified":"2025-09-02T20:47:03+00:00","description":"The City Escape Room, tiene los mejores juegos de escape room de la provincia de Barcelona, ubicado en Terrassa, junto al Parc Vall\u00e8s","breadcrumb":{"@id":"https:\/\/thecityescaperoom.com\/barcelona\/juegos\/#breadcrumb"},"inLanguage":"es","potentialAction":[{"@type":"ReadAction","target":["https:\/\/thecityescaperoom.com\/barcelona\/juegos\/"]}]},{"@type":"BreadcrumbList","@id":"https:\/\/thecityescaperoom.com\/barcelona\/juegos\/#breadcrumb","itemListElement":[{"@type":"ListItem","position":1,"name":"Portada","item":"https:\/\/thecityescaperoom.com\/barcelona\/"},{"@type":"ListItem","position":2,"name":"Juegos"}]}]}},"_links":{"self":[{"href":"https:\/\/thecityescaperoom.com\/barcelona\/wp-json\/wp\/v2\/pages\/3338"}],"collection":[{"href":"https:\/\/thecityescaperoom.com\/barcelona\/wp-json\/wp\/v2\/pages"}],"about":[{"href":"https:\/\/thecityescaperoom.com\/barcelona\/wp-json\/wp\/v2\/types\/page"}],"author":[{"embeddable":true,"href":"https:\/\/thecityescaperoom.com\/barcelona\/wp-json\/wp\/v2\/users\/2"}],"replies":[{"embeddable":true,"href":"https:\/\/thecityescaperoom.com\/barcelona\/wp-json\/wp\/v2\/comments?post=3338"}],"version-history":[{"count":28,"href":"https:\/\/thecityescaperoom.com\/barcelona\/wp-json\/wp\/v2\/pages\/3338\/revisions"}],"predecessor-version":[{"id":3834,"href":"https:\/\/thecityescaperoom.com\/barcelona\/wp-json\/wp\/v2\/pages\/3338\/revisions\/3834"}],"wp:featuredmedia":[{"embeddable":true,"href":"https:\/\/thecityescaperoom.com\/barcelona\/wp-json\/wp\/v2\/media\/3162"}],"wp:attachment":[{"href":"https:\/\/thecityescaperoom.com\/barcelona\/wp-json\/wp\/v2\/media?parent=3338"}],"curies":[{"name":"wp","href":"https:\/\/api.w.org\/{rel}","templated":true}]}}