{"id":3452,"date":"2023-05-08T08:37:15","date_gmt":"2023-05-08T08:37:15","guid":{"rendered":"https:\/\/thecityescaperoom.com\/barcelona\/?page_id=3452"},"modified":"2025-06-25T21:37:49","modified_gmt":"2025-06-25T21:37:49","slug":"la-taberna","status":"publish","type":"page","link":"https:\/\/thecityescaperoom.com\/barcelona\/la-taberna\/","title":{"rendered":"La Taberna"},"content":{"rendered":"<section class=\"l-section wpb_row us_custom_f791410b has_text_color height_large with_img\" id=\"herobanner\"><div class=\"l-section-img\" style=\"background-image: url(https:\/\/thecityescaperoom.com\/barcelona\/wp-content\/uploads\/2023\/05\/banner-la-taberna.png);\" data-img-width=\"1920\" data-img-height=\"728\"><\/div><div class=\"l-section-h i-cf\"><div class=\"g-cols vc_row via_flex valign_middle type_default\"><div class=\"vc_col-sm-12 wpb_column vc_column_container\"><div class=\"vc_column-inner us_custom_bfc0abad\"><div class=\"wpb_wrapper\"><div class=\"w-image us_custom_c254ce97 img-ini align_center\"><div class=\"w-image-h\"><img width=\"3533\" height=\"3534\" src=\"https:\/\/thecityescaperoom.com\/barcelona\/wp-content\/uploads\/2023\/05\/TABERNA_LOGO@2x.png\" class=\"attachment-full size-full\" alt=\"\" decoding=\"async\" loading=\"lazy\" srcset=\"https:\/\/thecityescaperoom.com\/barcelona\/wp-content\/uploads\/2023\/05\/TABERNA_LOGO@2x.png 3533w, https:\/\/thecityescaperoom.com\/barcelona\/wp-content\/uploads\/2023\/05\/TABERNA_LOGO@2x-300x300.png 300w, https:\/\/thecityescaperoom.com\/barcelona\/wp-content\/uploads\/2023\/05\/TABERNA_LOGO@2x-1024x1024.png 1024w, https:\/\/thecityescaperoom.com\/barcelona\/wp-content\/uploads\/2023\/05\/TABERNA_LOGO@2x-150x150.png 150w, https:\/\/thecityescaperoom.com\/barcelona\/wp-content\/uploads\/2023\/05\/TABERNA_LOGO@2x-230x230.png 230w\" sizes=\"(max-width: 3533px) 100vw, 3533px\" \/><\/div><\/div>[vc_custom_heading text=\u00bbLA TABERNA\u00bb font_container=\u00bbtag:h1|text_align:center\u00bb use_theme_fonts=\u00bbyes\u00bb css=\u00bb%7B%22default%22%3A%7B%22font-weight%22%3A%22700%22%2C%22font-size%22%3A%2236px%22%2C%22margin-bottom%22%3A%226px%22%2C%22padding-bottom%22%3A%220%22%7D%2C%22tablets%22%3A%7B%22font-weight%22%3A%22800%22%2C%22font-size%22%3A%223rem%22%7D%2C%22mobiles%22%3A%7B%22color%22%3A%22%23ffffff%22%2C%22font-weight%22%3A%22800%22%2C%22font-size%22%3A%223rem%22%7D%7D\u00bb]<div class=\"wpb_text_column us_custom_4a335424 has_text_color\"><div class=\"wpb_wrapper\"><p style=\"text-align: center; font-size: 21px; margin-top: 0;\">\u00a1Vive una aventura de leyenda en La Taberna!<\/p>\n<\/div><\/div><div class=\"g-cols wpb_row via_flex valign_top type_default\"><div class=\"vc_col-sm-6 vc_col-xs-6 wpb_column vc_column_container\"><div class=\"vc_column-inner\"><div class=\"wpb_wrapper\"><div class=\"w-btn-wrapper align_right\"><a class=\"w-btn us-btn-style_1 us_custom_f0c8cafb has_text_color\" title=\"Bono regalo\" href=\"https:\/\/thecityescaperoom.com\/barcelona\/bono-regalo\/\"><span class=\"w-btn-label\">REGALAR<\/span><\/a><\/div><\/div><\/div><\/div><div class=\"vc_col-sm-6 vc_col-xs-6 wpb_column vc_column_container\"><div class=\"vc_column-inner\"><div class=\"wpb_wrapper\"><div class=\"w-btn-wrapper align_none\"><a class=\"w-btn us-btn-style_1 us_custom_f0c8cafb has_text_color\" title=\"Reserva La taberna\" href=\"https:\/\/thecityescaperoom.com\/barcelona\/reserva-la-taberna\/\"><span class=\"w-btn-label\">RESERVAR<\/span><\/a><\/div><\/div><\/div><\/div><\/div><\/div><\/div><\/div><\/div><\/div><\/section><section class=\"l-section wpb_row us_custom_5fd62819 icoico has_text_color height_small\"><div class=\"l-section-h i-cf\"><div class=\"g-cols vc_row via_flex valign_top type_default\"><div class=\"vc_col-sm-4 vc_col-xs-4 wpb_column vc_column_container\"><div class=\"vc_column-inner\"><div class=\"wpb_wrapper\"><div class=\"w-iconbox iconpos_top style_default color_custom align_center no_text\"><div class=\"w-iconbox-icon\" style=\"font-size:45px;color:#ffffff;\"><i class=\"far fa-users\"><\/i><\/div><div class=\"w-iconbox-meta\"><h4 class=\"w-iconbox-title\" style=\"font-size:1.2rem;\">2-7 Jugadores<\/h4><\/div><\/div><\/div><\/div><\/div><div class=\"vc_col-sm-4 vc_col-xs-4 wpb_column vc_column_container\"><div class=\"vc_column-inner\"><div class=\"wpb_wrapper\"><div class=\"w-iconbox iconpos_top style_default color_custom align_center no_text\"><div class=\"w-iconbox-icon\" style=\"font-size:45px;color:#ffffff;\"><i class=\"far fa-alarm-clock\"><\/i><\/div><div class=\"w-iconbox-meta\"><h4 class=\"w-iconbox-title\" style=\"font-size:1.2rem;\">Tiempo 120 min.<\/h4><\/div><\/div><\/div><\/div><\/div><div class=\"vc_col-sm-4 vc_col-xs-4 wpb_column vc_column_container\"><div class=\"vc_column-inner\"><div class=\"wpb_wrapper\"><div class=\"w-iconbox iconpos_top style_default color_custom align_center no_text\"><div class=\"w-iconbox-icon\" style=\"font-size:45px;color:#ffffff;\"><i class=\"far fa-chart-bar\"><\/i><\/div><div class=\"w-iconbox-meta\"><h4 class=\"w-iconbox-title\" style=\"font-size:1.2rem;\">Dificultad Media\/Alta<\/h4><\/div><\/div><\/div><\/div><\/div><\/div><\/div><\/section><section class=\"l-section wpb_row height_medium\"><div class=\"l-section-h i-cf\"><div class=\"g-cols vc_row via_flex valign_top type_default\"><div class=\"vc_col-sm-12 wpb_column vc_column_container\"><div class=\"vc_column-inner\"><div class=\"wpb_wrapper\"><div class=\"g-cols wpb_row via_flex valign_top type_default\"><div class=\"vc_col-sm-3\/5 wpb_column vc_column_container\"><div class=\"vc_column-inner\"><div class=\"wpb_wrapper\"><div class=\"wpb_text_column us_custom_4a335424 has_text_color\"><div class=\"wpb_wrapper\"><p style=\"text-align: center; font-size: 21px; margin-top: 0;\">\u00a1Ven a la Taberna y vive una aventura como ninguna!<\/p>\n<\/div><\/div><div class=\"wpb_text_column us_custom_8f97baf3\"><div class=\"wpb_wrapper\"><p>Neil Parker viene de un largo linaje de dinero y poder, pero poco se sabe de los or\u00edgenes de su familia. El r\u00e9gimen totalitario del tirano es muy cuidadoso con los pocos detalles que se cuentan de sus ancestros: grandes batallas, mucho honor y alguna traici\u00f3n&#8230;<\/p>\n<p>Habladur\u00edas sin mucho fundamento dicen que formaron parte de la aristocracia austroh\u00fangara, y otras historias se remontan al mism\u00edsimo Genghis Khan. Pero la realidad es bien distinta. El or\u00edgen de los Parker fue humilde, y como muchas historias que merece la pena contar, empez\u00f3 en una Taberna.<\/p>\n<p>Adentraos en la historia de Neil Ferdinand, el verdadero ancestro del tirano de la City, para descubrir lo que arranc\u00f3 400 a\u00f1os atr\u00e1s y a\u00fan sigue vivo en la Taberna de The City Escape Room Barcelona.<\/p>\n<\/div><\/div><div class=\"w-btn-wrapper align_none\"><a class=\"w-btn us-btn-style_1 us_custom_45a58b74\" title=\"Reserva La taberna\" rel=\"nofollow\" href=\"https:\/\/thecityescaperoom.com\/barcelona\/reserva-la-taberna\/\"><span class=\"w-btn-label\">RESERVAR<\/span><\/a><\/div><\/div><\/div><\/div><div class=\"vc_col-sm-2\/5 wpb_column vc_column_container\"><div class=\"vc_column-inner\"><div class=\"wpb_wrapper\"><div class=\"w-image align_center\"><div class=\"w-image-h\"><img width=\"600\" height=\"580\" src=\"https:\/\/thecityescaperoom.com\/barcelona\/wp-content\/uploads\/2023\/05\/imagenes-taberna.png\" class=\"attachment-full size-full\" alt=\"\" decoding=\"async\" loading=\"lazy\" srcset=\"https:\/\/thecityescaperoom.com\/barcelona\/wp-content\/uploads\/2023\/05\/imagenes-taberna.png 600w, https:\/\/thecityescaperoom.com\/barcelona\/wp-content\/uploads\/2023\/05\/imagenes-taberna-300x290.png 300w, https:\/\/thecityescaperoom.com\/barcelona\/wp-content\/uploads\/2023\/05\/imagenes-taberna-230x222.png 230w\" sizes=\"(max-width: 600px) 100vw, 600px\" \/><\/div><\/div><\/div><\/div><\/div><\/div><\/div><\/div><\/div><\/div><\/div><\/section><section class=\"l-section wpb_row us_custom_11582849 has_text_color height_medium\"><div class=\"l-section-h i-cf\"><div class=\"g-cols vc_row via_flex valign_top type_default\"><div class=\"vc_col-sm-12 wpb_column vc_column_container\"><div class=\"vc_column-inner\"><div class=\"wpb_wrapper\"><div class=\"wpb_text_column\"><div class=\"wpb_wrapper\"><h2 style=\"text-align: center;\"><strong>Mensaje de la Resistencia:<\/strong><\/h2>\n<p style=\"text-align: center;\">Los or\u00edgenes verdaderos de la familia Parker son de vital importancia para la Resistencia. Completad este viaje en la historia del linaje del tirano para sacar todos los trapos sucios de Neil Parker y as\u00ed conseguir desprestigiar al r\u00e9gimen. \u00a1Os necesitamos!<\/p>\n<\/div><\/div><div class=\"w-btn-wrapper align_none\"><a class=\"w-btn us-btn-style_1 us_custom_45a58b74\" title=\"Reserva La Taberna\" href=\"https:\/\/thecityescaperoom.com\/barcelona\/reserva-la-taberna\/\"><span class=\"w-btn-label\">SI EST\u00c1S PREPARADO HAZ CLICK<\/span><\/a><\/div><\/div><\/div><\/div><\/div><\/div><\/section><section class=\"l-section wpb_row us_custom_f79f9eb1 height_medium\"><div class=\"l-section-h i-cf\"><div class=\"g-cols vc_row via_flex valign_middle type_default\"><div class=\"vc_col-sm-6 wpb_column vc_column_container\"><div class=\"vc_column-inner\"><div class=\"wpb_wrapper\"><div class=\"w-image us_custom_b34c6c83 imgprice align_none\"><div class=\"w-image-h\"><img width=\"1024\" height=\"1024\" src=\"https:\/\/thecityescaperoom.com\/barcelona\/wp-content\/uploads\/2025\/06\/precios-taberna-1024x1024.png\" class=\"attachment-large size-large\" alt=\"\" decoding=\"async\" loading=\"lazy\" srcset=\"https:\/\/thecityescaperoom.com\/barcelona\/wp-content\/uploads\/2025\/06\/precios-taberna-1024x1024.png 1024w, https:\/\/thecityescaperoom.com\/barcelona\/wp-content\/uploads\/2025\/06\/precios-taberna-300x300.png 300w, https:\/\/thecityescaperoom.com\/barcelona\/wp-content\/uploads\/2025\/06\/precios-taberna-150x150.png 150w, https:\/\/thecityescaperoom.com\/barcelona\/wp-content\/uploads\/2025\/06\/precios-taberna-230x230.png 230w, https:\/\/thecityescaperoom.com\/barcelona\/wp-content\/uploads\/2025\/06\/precios-taberna.png 1050w\" sizes=\"(max-width: 1024px) 100vw, 1024px\" \/><\/div><\/div><div class=\"wpb_text_column\"><div class=\"wpb_wrapper\"><p>La sesi\u00f3n de las 23.59 tiene un suplemento de 30 \u20ac<\/p>\n<\/div><\/div><\/div><\/div><\/div><div class=\"vc_col-sm-6 wpb_column vc_column_container\"><div class=\"vc_column-inner\"><div class=\"wpb_wrapper\"><div class=\"wpb_text_column\"><div class=\"wpb_wrapper\"><h3>\u00a1Vive una aventura de pel\u00edcula!<\/h3>\n<p>La Taberna es un juego dise\u00f1ado para ser toda una aventura cinematogr\u00e1fica desde el primer minuto.<\/p>\n<p>Con una ambientaci\u00f3n de pel\u00edcula, un mont\u00f3n de personajes y mucha acci\u00f3n, podr\u00e1s vivir en primera persona una aventura que dar\u00e1 mucho que contar&#8230; Pero no lo hagas, lo que pasa en la Taberna, se queda en la Taberna. \u00a1As\u00ed que no esperes m\u00e1s y ven a comprobarlo en primera persona!<\/p>\n<p>*Al tratarse de un juego de aventura, se requiere de cierta agilidad para avanzar en la aventura. Se recomienda ir con ropa c\u00f3moda y calzado cerrado<\/p>\n<p>**Por ser un juego complejo y con mucha acci\u00f3n, solo se recomienda ser 2 jugadores cuando estos sean muy expertos<\/p>\n<p>***Por limitaciones de espacio en algunas de las salas, se recomienda no ser grupos de m\u00e1s de 6 jugadores. Excepcionalmente se pueden hacer grupos de 7 personas, pero en ning\u00fan caso se puede exceder esta cifra<\/p>\n<\/div><\/div><\/div><\/div><\/div><\/div><\/div><\/section><section class=\"l-section wpb_row height_medium\"><div class=\"l-section-overlay\" style=\"background:#bb2eef\"><\/div><div class=\"l-section-h i-cf\"><div class=\"g-cols vc_row via_flex valign_middle type_default\"><div class=\"vc_col-sm-2 wpb_column vc_column_container\"><div class=\"vc_column-inner\"><div class=\"wpb_wrapper\"><\/div><\/div><\/div><div class=\"vc_col-sm-8 wpb_column vc_column_container\"><div class=\"vc_column-inner\"><div class=\"wpb_wrapper\">[vc_custom_heading text=\u00bbInscr\u00edbete a nuestra newsletter<br \/>\ny no te pierdas nada\u00bb font_container=\u00bbtag:h3|text_align:center\u00bb use_theme_fonts=\u00bbyes\u00bb css=\u00bb%7B%22default%22%3A%7B%22font-weight%22%3A%22700%22%2C%22font-size%22%3A%223rem%22%7D%2C%22tablets%22%3A%7B%22font-weight%22%3A%22700%22%2C%22font-size%22%3A%223rem%22%7D%2C%22mobiles%22%3A%7B%22font-weight%22%3A%22700%22%2C%22font-size%22%3A%222.1rem%22%7D%7D\u00bb]<div class=\"wpb_text_column inlines\"><div class=\"wpb_wrapper\"><div role=\"form\" class=\"wpcf7\" id=\"wpcf7-f302-o1\" lang=\"es-ES\" dir=\"ltr\">\n<div class=\"screen-reader-response\"><p role=\"status\" aria-live=\"polite\" aria-atomic=\"true\"><\/p> <ul><\/ul><\/div>\n<form action=\"\/barcelona\/wp-json\/wp\/v2\/pages\/3452#wpcf7-f302-o1\" method=\"post\" class=\"wpcf7-form init\" novalidate=\"novalidate\" data-status=\"init\">\n<div style=\"display: none;\">\n<input type=\"hidden\" name=\"_wpcf7\" value=\"302\" \/>\n<input type=\"hidden\" name=\"_wpcf7_version\" value=\"5.6\" \/>\n<input type=\"hidden\" name=\"_wpcf7_locale\" value=\"es_ES\" \/>\n<input type=\"hidden\" name=\"_wpcf7_unit_tag\" value=\"wpcf7-f302-o1\" \/>\n<input type=\"hidden\" name=\"_wpcf7_container_post\" value=\"0\" \/>\n<input type=\"hidden\" name=\"_wpcf7_posted_data_hash\" value=\"\" \/>\n<\/div>\n<p><span class=\"wpcf7-form-control-wrap\" data-name=\"your-email\"><input type=\"email\" name=\"your-email\" value=\"\" size=\"40\" class=\"wpcf7-form-control wpcf7-text wpcf7-email wpcf7-validates-as-required wpcf7-validates-as-email\" aria-required=\"true\" aria-invalid=\"false\" placeholder=\"Correo electr\u00f3nico\" \/><\/span><input type=\"submit\" value=\"Enviar\" class=\"wpcf7-form-control has-spinner wpcf7-submit w-btn us-btn-style_3\" \/><\/p>\n<input type='hidden' class='wpcf7-pum' value='{\"closepopup\":false,\"closedelay\":0,\"openpopup\":false,\"openpopup_id\":0}' \/><div class=\"wpcf7-response-output\" aria-hidden=\"true\"><\/div><\/form><\/div>\n<\/div><\/div><\/div><\/div><\/div><div class=\"vc_col-sm-2 wpb_column vc_column_container\"><div class=\"vc_column-inner\"><div class=\"wpb_wrapper\"><\/div><\/div><\/div><\/div><\/div><\/section>\n","protected":false},"excerpt":{"rendered":"[vc_custom_heading text=\"LA TABERNA\" font_container=\"tag:h1|text_align:center\" use_theme_fonts=\"yes\" css=\"%7B%22default%22%3A%7B%22font-weight%22%3A%22700%22%2C%22font-size%22%3A%2236px%22%2C%22margin-bottom%22%3A%226px%22%2C%22padding-bottom%22%3A%220%22%7D%2C%22tablets%22%3A%7B%22font-weight%22%3A%22800%22%2C%22font-size%22%3A%223rem%22%7D%2C%22mobiles%22%3A%7B%22color%22%3A%22%23ffffff%22%2C%22font-weight%22%3A%22800%22%2C%22font-size%22%3A%223rem%22%7D%7D\"]\u00a1Vive una aventura de leyenda en La Taberna! REGALARRESERVAR2-7 JugadoresTiempo 120 min.Dificultad Media\/Alta\u00a1Ven a la Taberna y vive una aventura como ninguna! Neil Parker viene de un largo linaje de dinero y poder, pero poco se sabe de los or\u00edgenes de su familia. El r\u00e9gimen totalitario del tirano es muy...","protected":false},"author":1,"featured_media":3502,"parent":0,"menu_order":0,"comment_status":"closed","ping_status":"closed","template":"","meta":[],"yoast_head":"<!-- This site is optimized with the Yoast SEO plugin v19.1 - https:\/\/yoast.com\/wordpress\/plugins\/seo\/ -->\n<title>La Taberna - The City Escape Room<\/title>\n<meta name=\"description\" content=\"Vivid una aventura de leyenda en la Taberna, el escape room que te llevar\u00e1 a una aventura de hace m\u00e1s de 400 a\u00f1os\" \/>\n<meta name=\"robots\" content=\"index, follow, max-snippet:-1, max-image-preview:large, max-video-preview:-1\" \/>\n<link rel=\"canonical\" href=\"https:\/\/thecityescaperoom.com\/barcelona\/la-taberna\/\" \/>\n<meta property=\"og:locale\" content=\"es_ES\" \/>\n<meta property=\"og:type\" content=\"article\" \/>\n<meta property=\"og:title\" content=\"La Taberna - The City Escape Room\" \/>\n<meta property=\"og:description\" content=\"Vivid una aventura de leyenda en la Taberna, el escape room que te llevar\u00e1 a una aventura de hace m\u00e1s de 400 a\u00f1os\" \/>\n<meta property=\"og:url\" content=\"https:\/\/thecityescaperoom.com\/barcelona\/la-taberna\/\" \/>\n<meta property=\"og:site_name\" content=\"The City Escape Room\" \/>\n<meta property=\"article:publisher\" content=\"https:\/\/fb.me\/elementsescaperoom\" \/>\n<meta property=\"article:modified_time\" content=\"2025-06-25T21:37:49+00:00\" \/>\n<meta property=\"og:image\" content=\"https:\/\/thecityescaperoom.com\/barcelona\/wp-content\/uploads\/2023\/06\/taberna.jpg\" \/>\n\t<meta property=\"og:image:width\" content=\"1627\" \/>\n\t<meta property=\"og:image:height\" content=\"852\" \/>\n\t<meta property=\"og:image:type\" content=\"image\/jpeg\" \/>\n<meta name=\"twitter:card\" content=\"summary_large_image\" \/>\n<meta name=\"twitter:image\" content=\"https:\/\/thecityescaperoom.com\/barcelona\/wp-content\/uploads\/2023\/06\/taberna.jpg\" \/>\n<meta name=\"twitter:site\" content=\"@elementsescape\" \/>\n<meta name=\"twitter:label1\" content=\"Tiempo de lectura\" \/>\n\t<meta name=\"twitter:data1\" content=\"3 minutos\" \/>\n<script type=\"application\/ld+json\" class=\"yoast-schema-graph\">{\"@context\":\"https:\/\/schema.org\",\"@graph\":[{\"@type\":\"WebSite\",\"@id\":\"https:\/\/thecityescaperoom.com\/barcelona\/#website\",\"url\":\"https:\/\/thecityescaperoom.com\/barcelona\/\",\"name\":\"The City Escape Room\",\"description\":\"The City Escape Room\",\"potentialAction\":[{\"@type\":\"SearchAction\",\"target\":{\"@type\":\"EntryPoint\",\"urlTemplate\":\"https:\/\/thecityescaperoom.com\/barcelona\/?s={search_term_string}\"},\"query-input\":\"required name=search_term_string\"}],\"inLanguage\":\"es\"},{\"@type\":\"ImageObject\",\"inLanguage\":\"es\",\"@id\":\"https:\/\/thecityescaperoom.com\/barcelona\/la-taberna\/#primaryimage\",\"url\":\"https:\/\/thecityescaperoom.com\/barcelona\/wp-content\/uploads\/2023\/06\/taberna.jpg\",\"contentUrl\":\"https:\/\/thecityescaperoom.com\/barcelona\/wp-content\/uploads\/2023\/06\/taberna.jpg\",\"width\":1627,\"height\":852},{\"@type\":\"WebPage\",\"@id\":\"https:\/\/thecityescaperoom.com\/barcelona\/la-taberna\/#webpage\",\"url\":\"https:\/\/thecityescaperoom.com\/barcelona\/la-taberna\/\",\"name\":\"La Taberna - The City Escape Room\",\"isPartOf\":{\"@id\":\"https:\/\/thecityescaperoom.com\/barcelona\/#website\"},\"primaryImageOfPage\":{\"@id\":\"https:\/\/thecityescaperoom.com\/barcelona\/la-taberna\/#primaryimage\"},\"datePublished\":\"2023-05-08T08:37:15+00:00\",\"dateModified\":\"2025-06-25T21:37:49+00:00\",\"description\":\"Vivid una aventura de leyenda en la Taberna, el escape room que te llevar\u00e1 a una aventura de hace m\u00e1s de 400 a\u00f1os\",\"breadcrumb\":{\"@id\":\"https:\/\/thecityescaperoom.com\/barcelona\/la-taberna\/#breadcrumb\"},\"inLanguage\":\"es\",\"potentialAction\":[{\"@type\":\"ReadAction\",\"target\":[\"https:\/\/thecityescaperoom.com\/barcelona\/la-taberna\/\"]}]},{\"@type\":\"BreadcrumbList\",\"@id\":\"https:\/\/thecityescaperoom.com\/barcelona\/la-taberna\/#breadcrumb\",\"itemListElement\":[{\"@type\":\"ListItem\",\"position\":1,\"name\":\"Portada\",\"item\":\"https:\/\/thecityescaperoom.com\/barcelona\/\"},{\"@type\":\"ListItem\",\"position\":2,\"name\":\"La Taberna\"}]}]}<\/script>\n<!-- \/ Yoast SEO plugin. -->","yoast_head_json":{"title":"La Taberna - The City Escape Room","description":"Vivid una aventura de leyenda en la Taberna, el escape room que te llevar\u00e1 a una aventura de hace m\u00e1s de 400 a\u00f1os","robots":{"index":"index","follow":"follow","max-snippet":"max-snippet:-1","max-image-preview":"max-image-preview:large","max-video-preview":"max-video-preview:-1"},"canonical":"https:\/\/thecityescaperoom.com\/barcelona\/la-taberna\/","og_locale":"es_ES","og_type":"article","og_title":"La Taberna - The City Escape Room","og_description":"Vivid una aventura de leyenda en la Taberna, el escape room que te llevar\u00e1 a una aventura de hace m\u00e1s de 400 a\u00f1os","og_url":"https:\/\/thecityescaperoom.com\/barcelona\/la-taberna\/","og_site_name":"The City Escape Room","article_publisher":"https:\/\/fb.me\/elementsescaperoom","article_modified_time":"2025-06-25T21:37:49+00:00","og_image":[{"width":1627,"height":852,"url":"https:\/\/thecityescaperoom.com\/barcelona\/wp-content\/uploads\/2023\/06\/taberna.jpg","type":"image\/jpeg"}],"twitter_card":"summary_large_image","twitter_image":"https:\/\/thecityescaperoom.com\/barcelona\/wp-content\/uploads\/2023\/06\/taberna.jpg","twitter_site":"@elementsescape","twitter_misc":{"Tiempo de lectura":"3 minutos"},"schema":{"@context":"https:\/\/schema.org","@graph":[{"@type":"WebSite","@id":"https:\/\/thecityescaperoom.com\/barcelona\/#website","url":"https:\/\/thecityescaperoom.com\/barcelona\/","name":"The City Escape Room","description":"The City Escape Room","potentialAction":[{"@type":"SearchAction","target":{"@type":"EntryPoint","urlTemplate":"https:\/\/thecityescaperoom.com\/barcelona\/?s={search_term_string}"},"query-input":"required name=search_term_string"}],"inLanguage":"es"},{"@type":"ImageObject","inLanguage":"es","@id":"https:\/\/thecityescaperoom.com\/barcelona\/la-taberna\/#primaryimage","url":"https:\/\/thecityescaperoom.com\/barcelona\/wp-content\/uploads\/2023\/06\/taberna.jpg","contentUrl":"https:\/\/thecityescaperoom.com\/barcelona\/wp-content\/uploads\/2023\/06\/taberna.jpg","width":1627,"height":852},{"@type":"WebPage","@id":"https:\/\/thecityescaperoom.com\/barcelona\/la-taberna\/#webpage","url":"https:\/\/thecityescaperoom.com\/barcelona\/la-taberna\/","name":"La Taberna - The City Escape Room","isPartOf":{"@id":"https:\/\/thecityescaperoom.com\/barcelona\/#website"},"primaryImageOfPage":{"@id":"https:\/\/thecityescaperoom.com\/barcelona\/la-taberna\/#primaryimage"},"datePublished":"2023-05-08T08:37:15+00:00","dateModified":"2025-06-25T21:37:49+00:00","description":"Vivid una aventura de leyenda en la Taberna, el escape room que te llevar\u00e1 a una aventura de hace m\u00e1s de 400 a\u00f1os","breadcrumb":{"@id":"https:\/\/thecityescaperoom.com\/barcelona\/la-taberna\/#breadcrumb"},"inLanguage":"es","potentialAction":[{"@type":"ReadAction","target":["https:\/\/thecityescaperoom.com\/barcelona\/la-taberna\/"]}]},{"@type":"BreadcrumbList","@id":"https:\/\/thecityescaperoom.com\/barcelona\/la-taberna\/#breadcrumb","itemListElement":[{"@type":"ListItem","position":1,"name":"Portada","item":"https:\/\/thecityescaperoom.com\/barcelona\/"},{"@type":"ListItem","position":2,"name":"La Taberna"}]}]}},"_links":{"self":[{"href":"https:\/\/thecityescaperoom.com\/barcelona\/wp-json\/wp\/v2\/pages\/3452"}],"collection":[{"href":"https:\/\/thecityescaperoom.com\/barcelona\/wp-json\/wp\/v2\/pages"}],"about":[{"href":"https:\/\/thecityescaperoom.com\/barcelona\/wp-json\/wp\/v2\/types\/page"}],"author":[{"embeddable":true,"href":"https:\/\/thecityescaperoom.com\/barcelona\/wp-json\/wp\/v2\/users\/1"}],"replies":[{"embeddable":true,"href":"https:\/\/thecityescaperoom.com\/barcelona\/wp-json\/wp\/v2\/comments?post=3452"}],"version-history":[{"count":25,"href":"https:\/\/thecityescaperoom.com\/barcelona\/wp-json\/wp\/v2\/pages\/3452\/revisions"}],"predecessor-version":[{"id":3823,"href":"https:\/\/thecityescaperoom.com\/barcelona\/wp-json\/wp\/v2\/pages\/3452\/revisions\/3823"}],"wp:featuredmedia":[{"embeddable":true,"href":"https:\/\/thecityescaperoom.com\/barcelona\/wp-json\/wp\/v2\/media\/3502"}],"wp:attachment":[{"href":"https:\/\/thecityescaperoom.com\/barcelona\/wp-json\/wp\/v2\/media?parent=3452"}],"curies":[{"name":"wp","href":"https:\/\/api.w.org\/{rel}","templated":true}]}}