{"id":3570,"date":"2023-12-14T13:07:58","date_gmt":"2023-12-14T13:07:58","guid":{"rendered":"https:\/\/thecityescaperoom.com\/barcelona\/?page_id=3570"},"modified":"2025-06-25T21:44:28","modified_gmt":"2025-06-25T21:44:28","slug":"la-lanzadera","status":"publish","type":"page","link":"https:\/\/thecityescaperoom.com\/barcelona\/la-lanzadera\/","title":{"rendered":"La Lanzadera &#8211; SPARK81"},"content":{"rendered":"<section class=\"l-section wpb_row us_custom_f791410b has_text_color height_large with_img\" id=\"herobanner\"><div class=\"l-section-img\" style=\"background-image: url(https:\/\/thecityescaperoom.com\/barcelona\/wp-content\/uploads\/2024\/09\/Lanzadera-suelo-interactivo-scaled.jpg);background-repeat: no-repeat;\" data-img-width=\"2560\" data-img-height=\"1709\"><\/div><div class=\"l-section-h i-cf\"><div class=\"g-cols vc_row via_flex valign_middle type_default\"><div class=\"vc_col-sm-12 wpb_column vc_column_container\"><div class=\"vc_column-inner us_custom_e9158644\"><div class=\"wpb_wrapper\"><div class=\"w-image us_custom_c254ce97 img-ini align_center\"><div class=\"w-image-h\"><img width=\"150\" height=\"150\" src=\"https:\/\/thecityescaperoom.com\/barcelona\/wp-content\/uploads\/2023\/12\/ICONO-LANZADERA.png\" class=\"attachment-full size-full\" alt=\"\" decoding=\"async\" loading=\"lazy\" \/><\/div><\/div>[vc_custom_heading text=\u00bbLA LANZADERA &#8211; SPARK81&#8243; font_container=\u00bbtag:h1|text_align:center\u00bb use_theme_fonts=\u00bbyes\u00bb css=\u00bb%7B%22default%22%3A%7B%22font-weight%22%3A%22700%22%2C%22font-size%22%3A%2236px%22%2C%22margin-bottom%22%3A%226px%22%2C%22padding-bottom%22%3A%220%22%7D%2C%22tablets%22%3A%7B%22font-weight%22%3A%22800%22%2C%22font-size%22%3A%223rem%22%7D%2C%22mobiles%22%3A%7B%22color%22%3A%22%23ffffff%22%2C%22font-weight%22%3A%22800%22%2C%22font-size%22%3A%223rem%22%7D%7D\u00bb]<div class=\"wpb_text_column us_custom_4a335424 has_text_color\"><div class=\"wpb_wrapper\"><p style=\"text-align: center; font-size: 21px; margin-top: 0;\">\u00a1Lleva el juego al siguiente nivel en La Lanzadera SPARK81!<\/p>\n<\/div><\/div><div class=\"g-cols wpb_row via_flex valign_top type_default\"><div class=\"vc_col-sm-6 vc_col-xs-6 wpb_column vc_column_container\"><div class=\"vc_column-inner\"><div class=\"wpb_wrapper\"><div class=\"w-btn-wrapper align_right\"><a class=\"w-btn us-btn-style_1 us_custom_f0c8cafb has_text_color\" title=\"Bono regalo\" href=\"https:\/\/thecityescaperoom.com\/barcelona\/bono-regalo\/\"><span class=\"w-btn-label\">REGALAR<\/span><\/a><\/div><\/div><\/div><\/div><div class=\"vc_col-sm-6 vc_col-xs-6 wpb_column vc_column_container\"><div class=\"vc_column-inner\"><div class=\"wpb_wrapper\"><div class=\"w-btn-wrapper align_none\"><a class=\"w-btn us-btn-style_1 us_custom_f0c8cafb has_text_color\" title=\"Reserva La Lanzadera\" href=\"https:\/\/thecityescaperoom.com\/barcelona\/reserva-la-lanzadera\/\"><span class=\"w-btn-label\">RESERVAR<\/span><\/a><\/div><\/div><\/div><\/div><\/div><\/div><\/div><\/div><\/div><\/div><\/section><section class=\"l-section wpb_row us_custom_5fd62819 iconos has_text_color height_small\"><div class=\"l-section-h i-cf\"><div class=\"g-cols vc_row via_flex valign_top type_default\"><div class=\"vc_col-sm-3 wpb_column vc_column_container icon\"><div class=\"vc_column-inner\"><div class=\"wpb_wrapper\"><div class=\"w-iconbox iconpos_top style_default color_custom align_center no_text\"><div class=\"w-iconbox-icon\" style=\"color:#ffffff;\"><i class=\"far fa-users\"><\/i><\/div><div class=\"w-iconbox-meta\"><h4 class=\"w-iconbox-title\" style=\"font-size:0.9rem;\">2-6 por equipo<\/h4><\/div><\/div><\/div><\/div><\/div><div class=\"vc_col-sm-3 wpb_column vc_column_container icon\"><div class=\"vc_column-inner\"><div class=\"wpb_wrapper\"><div class=\"w-iconbox iconpos_top style_default color_custom align_center no_text\"><div class=\"w-iconbox-icon\" style=\"color:#ffffff;\"><i class=\"far fa-user-plus\"><\/i><\/div><div class=\"w-iconbox-meta\"><h4 class=\"w-iconbox-title\" style=\"font-size:0.9rem;\">Hasta 24 personas<\/h4><\/div><\/div><\/div><\/div><\/div><div class=\"vc_col-sm-3 wpb_column vc_column_container icon\"><div class=\"vc_column-inner\"><div class=\"wpb_wrapper\"><div class=\"w-iconbox iconpos_top style_default color_custom align_center no_text\"><div class=\"w-iconbox-icon\" style=\"color:#ffffff;\"><i class=\"far fa-alarm-clock\"><\/i><\/div><div class=\"w-iconbox-meta\"><h4 class=\"w-iconbox-title\" style=\"font-size:0.9rem;\">Tiempo 60 min.<\/h4><\/div><\/div><\/div><\/div><\/div><div class=\"vc_col-sm-3 wpb_column vc_column_container icon\"><div class=\"vc_column-inner\"><div class=\"wpb_wrapper\"><div class=\"w-iconbox iconpos_top style_default color_custom align_center no_text\"><div class=\"w-iconbox-icon\" style=\"color:#ffffff;\"><i class=\"far fa-joystick\"><\/i><\/div><div class=\"w-iconbox-meta\"><h4 class=\"w-iconbox-title\" style=\"font-size:0.9rem;\">Juego de arcade<\/h4><\/div><\/div><\/div><\/div><\/div><\/div><\/div><\/section><section class=\"l-section wpb_row height_medium\"><div class=\"l-section-h i-cf\"><div class=\"g-cols vc_row via_flex valign_top type_default\"><div class=\"vc_col-sm-12 wpb_column vc_column_container\"><div class=\"vc_column-inner\"><div class=\"wpb_wrapper\"><div class=\"g-cols wpb_row via_flex valign_top type_default\"><div class=\"vc_col-sm-3\/5 wpb_column vc_column_container\"><div class=\"vc_column-inner\"><div class=\"wpb_wrapper\"><div class=\"wpb_text_column us_custom_4a335424 has_text_color\"><div class=\"wpb_wrapper\"><p style=\"text-align: center; font-size: 21px; margin-top: 0;\">\u00a1M\u00e9tete dentro de un videojuego en La Lanzadera SPARK81!<\/p>\n<\/div><\/div><div class=\"wpb_text_column us_custom_8f97baf3\"><div class=\"wpb_wrapper\"><p>La <strong>Lanzadera &#8211;\u00a0<a href=\"https:\/\/www.spark81.com\/\">SPARK81<\/a><\/strong> es un <b>espacio de acci\u00f3n arcade<\/b>. En cada sala puedes encontrar diferentes retos a los que te enfrentar\u00e1s con tu equipo para conseguir la puntuaci\u00f3n m\u00e1s alta. Puedes venir a jugar tantas veces como quieras para superar tu puntuaci\u00f3n.<\/p>\n<p>Re\u00fane a tu equipo de 2 a 6 personas, y disfruta como un ni\u00f1o de los juegos de Dianas, Botones, Mosaico y Gaming disponibles actualmente en nuestras instalaciones. Podr\u00e9is jugar hasta un total de 24 personas separados en cuatro equipos (para grupos grandes de m\u00e1s de 6 personas, contacta con nosotros antes de reservar para poder bloquear varias franjas en paralelo). Corre, salta, lanza, piensa y sobre todo, disfruta sin parar en una experiencia sin igual. \u00bfA qu\u00e9 esperas para venir a jugar?<\/p>\n<p><em>Juego no apto para personas con daltonismo.<\/em><\/p>\n<p><em>La Lanzadera NO es un escape room, sino un juego en formato arcade.<\/em><\/p>\n<\/div><\/div><div class=\"w-btn-wrapper align_none\"><a class=\"w-btn us-btn-style_1 us_custom_45a58b74\" title=\"Reserva La Lanzadera\" rel=\"nofollow\" href=\"https:\/\/thecityescaperoom.com\/barcelona\/reserva-la-lanzadera\"><span class=\"w-btn-label\">RESERVAR<\/span><\/a><\/div><\/div><\/div><\/div><div class=\"vc_col-sm-2\/5 wpb_column vc_column_container\"><div class=\"vc_column-inner\"><div class=\"wpb_wrapper\"><div class=\"w-image align_center\"><div class=\"w-image-h\"><img width=\"598\" height=\"587\" src=\"https:\/\/thecityescaperoom.com\/barcelona\/wp-content\/uploads\/2024\/02\/lanzadera_imagen_landing.jpg\" class=\"attachment-full size-full\" alt=\"\" decoding=\"async\" loading=\"lazy\" srcset=\"https:\/\/thecityescaperoom.com\/barcelona\/wp-content\/uploads\/2024\/02\/lanzadera_imagen_landing.jpg 598w, https:\/\/thecityescaperoom.com\/barcelona\/wp-content\/uploads\/2024\/02\/lanzadera_imagen_landing-300x294.jpg 300w, https:\/\/thecityescaperoom.com\/barcelona\/wp-content\/uploads\/2024\/02\/lanzadera_imagen_landing-230x226.jpg 230w\" sizes=\"(max-width: 598px) 100vw, 598px\" \/><\/div><\/div><\/div><\/div><\/div><\/div><\/div><\/div><\/div><\/div><\/div><\/section><section class=\"l-section wpb_row us_custom_f79f9eb1 height_medium\"><div class=\"l-section-h i-cf\"><div class=\"g-cols vc_row via_flex valign_middle type_default\"><div class=\"vc_col-sm-6 wpb_column vc_column_container\"><div class=\"vc_column-inner\"><div class=\"wpb_wrapper\"><div class=\"w-image us_custom_b34c6c83 imgprice align_none\"><div class=\"w-image-h\"><img width=\"1024\" height=\"1024\" src=\"https:\/\/thecityescaperoom.com\/barcelona\/wp-content\/uploads\/2025\/06\/lanzadera-precios-1024x1024.png\" class=\"attachment-large size-large\" alt=\"\" decoding=\"async\" loading=\"lazy\" srcset=\"https:\/\/thecityescaperoom.com\/barcelona\/wp-content\/uploads\/2025\/06\/lanzadera-precios-1024x1024.png 1024w, https:\/\/thecityescaperoom.com\/barcelona\/wp-content\/uploads\/2025\/06\/lanzadera-precios-300x300.png 300w, https:\/\/thecityescaperoom.com\/barcelona\/wp-content\/uploads\/2025\/06\/lanzadera-precios-150x150.png 150w, https:\/\/thecityescaperoom.com\/barcelona\/wp-content\/uploads\/2025\/06\/lanzadera-precios-230x230.png 230w, https:\/\/thecityescaperoom.com\/barcelona\/wp-content\/uploads\/2025\/06\/lanzadera-precios.png 1050w\" sizes=\"(max-width: 1024px) 100vw, 1024px\" \/><\/div><\/div><div class=\"wpb_text_column\"><div class=\"wpb_wrapper\"><\/div><\/div><\/div><\/div><\/div><div class=\"vc_col-sm-6 wpb_column vc_column_container\"><div class=\"vc_column-inner\"><div class=\"wpb_wrapper\"><div class=\"wpb_text_column\"><div class=\"wpb_wrapper\"><h3>\u00a1Desc\u00fabre la nueva forma de jugar!<\/h3>\n<p>La Lanzadera &#8211; SPARK81 es un juego de estilo arcade con un formato muy peculiar, en el que te meter\u00e1s dentro de los propios juegos. Adem\u00e1s, el estilo arcade significa que podr\u00e1s volver a jugar tantas veces como te apetezca. Constantemente estamos creando nuevos juegos y nuevos niveles, es por ello que te <b>recomendamos volver a venir a jugar<\/b>\u00a0para seguir sumando puntos e intentar superar el r\u00e9cord de cada sala.<\/p>\n<h3 class=\"text-right\">Organiza el mejor Team Building o cumplea\u00f1os<\/h3>\n<p class=\"text-right\">No encontrar\u00e1s ninguna opci\u00f3n mejor que organizar el <strong>Team Building<\/strong> de tu empresa o cumplea\u00f1os en nuestro juego de <strong>La Lanzadera &#8211; SPARK81<\/strong>. En nuestro local podr\u00e9is disfrutar del Team Building m\u00e1s interactivo y entretenido del mercado. Para <strong>grupos grandes<\/strong> (de m\u00e1s de 6 personas), contacta con nosotros y lo organizaremos todo a medida para que vuestro equipo disfrute sin parar.<\/p>\n<p>Adem\u00e1s, disponemos de una sala polivalente para la organizaci\u00f3n de cumplea\u00f1os, teambuildings o todo tipo de fiestas para combinar con nuestros juegos. En este <a href=\"https:\/\/thecityescaperoom.com\/barcelona\/celebraciones\/\">link<\/a> pod\u00e9is ver toda la informaci\u00f3n.<\/p>\n<\/div><\/div><\/div><\/div><\/div><\/div><\/div><\/section><section class=\"l-section wpb_row height_medium\"><div class=\"l-section-overlay\" style=\"background:#bb2eef\"><\/div><div class=\"l-section-h i-cf\"><div class=\"g-cols vc_row via_flex valign_middle type_default\"><div class=\"vc_col-sm-2 wpb_column vc_column_container\"><div class=\"vc_column-inner\"><div class=\"wpb_wrapper\"><\/div><\/div><\/div><div class=\"vc_col-sm-8 wpb_column vc_column_container\"><div class=\"vc_column-inner\"><div class=\"wpb_wrapper\">[vc_custom_heading text=\u00bbInscr\u00edbete a nuestra newsletter<br \/>\ny no te pierdas nada\u00bb font_container=\u00bbtag:h3|text_align:center\u00bb use_theme_fonts=\u00bbyes\u00bb css=\u00bb%7B%22default%22%3A%7B%22font-weight%22%3A%22700%22%2C%22font-size%22%3A%223rem%22%7D%2C%22tablets%22%3A%7B%22font-weight%22%3A%22700%22%2C%22font-size%22%3A%223rem%22%7D%2C%22mobiles%22%3A%7B%22font-weight%22%3A%22700%22%2C%22font-size%22%3A%222.1rem%22%7D%7D\u00bb]<div class=\"wpb_text_column inlines\"><div class=\"wpb_wrapper\"><div role=\"form\" class=\"wpcf7\" id=\"wpcf7-f302-o1\" lang=\"es-ES\" dir=\"ltr\">\n<div class=\"screen-reader-response\"><p role=\"status\" aria-live=\"polite\" aria-atomic=\"true\"><\/p> <ul><\/ul><\/div>\n<form action=\"\/barcelona\/wp-json\/wp\/v2\/pages\/3570#wpcf7-f302-o1\" method=\"post\" class=\"wpcf7-form init\" novalidate=\"novalidate\" data-status=\"init\">\n<div style=\"display: none;\">\n<input type=\"hidden\" name=\"_wpcf7\" value=\"302\" \/>\n<input type=\"hidden\" name=\"_wpcf7_version\" value=\"5.6\" \/>\n<input type=\"hidden\" name=\"_wpcf7_locale\" value=\"es_ES\" \/>\n<input type=\"hidden\" name=\"_wpcf7_unit_tag\" value=\"wpcf7-f302-o1\" \/>\n<input type=\"hidden\" name=\"_wpcf7_container_post\" value=\"0\" \/>\n<input type=\"hidden\" name=\"_wpcf7_posted_data_hash\" value=\"\" \/>\n<\/div>\n<p><span class=\"wpcf7-form-control-wrap\" data-name=\"your-email\"><input type=\"email\" name=\"your-email\" value=\"\" size=\"40\" class=\"wpcf7-form-control wpcf7-text wpcf7-email wpcf7-validates-as-required wpcf7-validates-as-email\" aria-required=\"true\" aria-invalid=\"false\" placeholder=\"Correo electr\u00f3nico\" \/><\/span><input type=\"submit\" value=\"Enviar\" class=\"wpcf7-form-control has-spinner wpcf7-submit w-btn us-btn-style_3\" \/><\/p>\n<input type='hidden' class='wpcf7-pum' value='{\"closepopup\":false,\"closedelay\":0,\"openpopup\":false,\"openpopup_id\":0}' \/><div class=\"wpcf7-response-output\" aria-hidden=\"true\"><\/div><\/form><\/div>\n<\/div><\/div><\/div><\/div><\/div><div class=\"vc_col-sm-2 wpb_column vc_column_container\"><div class=\"vc_column-inner\"><div class=\"wpb_wrapper\"><\/div><\/div><\/div><\/div><\/div><\/section>\n","protected":false},"excerpt":{"rendered":"[vc_custom_heading text=\"LA LANZADERA - SPARK81\" font_container=\"tag:h1|text_align:center\" use_theme_fonts=\"yes\" css=\"%7B%22default%22%3A%7B%22font-weight%22%3A%22700%22%2C%22font-size%22%3A%2236px%22%2C%22margin-bottom%22%3A%226px%22%2C%22padding-bottom%22%3A%220%22%7D%2C%22tablets%22%3A%7B%22font-weight%22%3A%22800%22%2C%22font-size%22%3A%223rem%22%7D%2C%22mobiles%22%3A%7B%22color%22%3A%22%23ffffff%22%2C%22font-weight%22%3A%22800%22%2C%22font-size%22%3A%223rem%22%7D%7D\"]\u00a1Lleva el juego al siguiente nivel en La Lanzadera SPARK81! REGALARRESERVAR2-6 por equipoHasta 24 personasTiempo 60 min.Juego de arcade\u00a1M\u00e9tete dentro de un videojuego en La Lanzadera SPARK81! La Lanzadera &#8211;\u00a0SPARK81 es un espacio de acci\u00f3n arcade. En cada sala puedes encontrar diferentes retos a los que te enfrentar\u00e1s...","protected":false},"author":1,"featured_media":3545,"parent":0,"menu_order":0,"comment_status":"closed","ping_status":"closed","template":"","meta":[],"yoast_head":"<!-- This site is optimized with the Yoast SEO plugin v19.1 - https:\/\/yoast.com\/wordpress\/plugins\/seo\/ -->\n<title>La Lanzadera SPARK81 - The City Escape Room<\/title>\n<meta name=\"description\" content=\"Difrutad como ni\u00f1os en La Lanzadera SPARK81, el juego arcade m\u00e1s interactivo para pasarlo bien sin parar de moverse\" \/>\n<meta name=\"robots\" content=\"index, follow, max-snippet:-1, max-image-preview:large, max-video-preview:-1\" \/>\n<link rel=\"canonical\" href=\"https:\/\/thecityescaperoom.com\/barcelona\/la-lanzadera\/\" \/>\n<meta property=\"og:locale\" content=\"es_ES\" \/>\n<meta property=\"og:type\" content=\"article\" \/>\n<meta property=\"og:title\" content=\"La Lanzadera SPARK81 - The City Escape Room\" \/>\n<meta property=\"og:description\" content=\"Difrutad como ni\u00f1os en La Lanzadera SPARK81, el juego arcade m\u00e1s interactivo para pasarlo bien sin parar de moverse\" \/>\n<meta property=\"og:url\" content=\"https:\/\/thecityescaperoom.com\/barcelona\/la-lanzadera\/\" \/>\n<meta property=\"og:site_name\" content=\"The City Escape Room\" \/>\n<meta property=\"article:publisher\" content=\"https:\/\/fb.me\/elementsescaperoom\" \/>\n<meta property=\"article:modified_time\" content=\"2025-06-25T21:44:28+00:00\" \/>\n<meta property=\"og:image\" content=\"https:\/\/thecityescaperoom.com\/barcelona\/wp-content\/uploads\/2023\/12\/lanzadera-2.jpg\" \/>\n\t<meta property=\"og:image:width\" content=\"1627\" \/>\n\t<meta property=\"og:image:height\" content=\"852\" \/>\n\t<meta property=\"og:image:type\" content=\"image\/jpeg\" \/>\n<meta name=\"twitter:card\" content=\"summary_large_image\" \/>\n<meta name=\"twitter:image\" content=\"https:\/\/thecityescaperoom.com\/barcelona\/wp-content\/uploads\/2023\/12\/lanzadera-2.jpg\" \/>\n<meta name=\"twitter:site\" content=\"@elementsescape\" \/>\n<meta name=\"twitter:label1\" content=\"Tiempo de lectura\" \/>\n\t<meta name=\"twitter:data1\" content=\"3 minutos\" \/>\n<script type=\"application\/ld+json\" class=\"yoast-schema-graph\">{\"@context\":\"https:\/\/schema.org\",\"@graph\":[{\"@type\":\"WebSite\",\"@id\":\"https:\/\/thecityescaperoom.com\/barcelona\/#website\",\"url\":\"https:\/\/thecityescaperoom.com\/barcelona\/\",\"name\":\"The City Escape Room\",\"description\":\"The City Escape Room\",\"potentialAction\":[{\"@type\":\"SearchAction\",\"target\":{\"@type\":\"EntryPoint\",\"urlTemplate\":\"https:\/\/thecityescaperoom.com\/barcelona\/?s={search_term_string}\"},\"query-input\":\"required name=search_term_string\"}],\"inLanguage\":\"es\"},{\"@type\":\"ImageObject\",\"inLanguage\":\"es\",\"@id\":\"https:\/\/thecityescaperoom.com\/barcelona\/la-lanzadera\/#primaryimage\",\"url\":\"https:\/\/thecityescaperoom.com\/barcelona\/wp-content\/uploads\/2023\/12\/lanzadera-2.jpg\",\"contentUrl\":\"https:\/\/thecityescaperoom.com\/barcelona\/wp-content\/uploads\/2023\/12\/lanzadera-2.jpg\",\"width\":1627,\"height\":852},{\"@type\":\"WebPage\",\"@id\":\"https:\/\/thecityescaperoom.com\/barcelona\/la-lanzadera\/#webpage\",\"url\":\"https:\/\/thecityescaperoom.com\/barcelona\/la-lanzadera\/\",\"name\":\"La Lanzadera SPARK81 - The City Escape Room\",\"isPartOf\":{\"@id\":\"https:\/\/thecityescaperoom.com\/barcelona\/#website\"},\"primaryImageOfPage\":{\"@id\":\"https:\/\/thecityescaperoom.com\/barcelona\/la-lanzadera\/#primaryimage\"},\"datePublished\":\"2023-12-14T13:07:58+00:00\",\"dateModified\":\"2025-06-25T21:44:28+00:00\",\"description\":\"Difrutad como ni\u00f1os en La Lanzadera SPARK81, el juego arcade m\u00e1s interactivo para pasarlo bien sin parar de moverse\",\"breadcrumb\":{\"@id\":\"https:\/\/thecityescaperoom.com\/barcelona\/la-lanzadera\/#breadcrumb\"},\"inLanguage\":\"es\",\"potentialAction\":[{\"@type\":\"ReadAction\",\"target\":[\"https:\/\/thecityescaperoom.com\/barcelona\/la-lanzadera\/\"]}]},{\"@type\":\"BreadcrumbList\",\"@id\":\"https:\/\/thecityescaperoom.com\/barcelona\/la-lanzadera\/#breadcrumb\",\"itemListElement\":[{\"@type\":\"ListItem\",\"position\":1,\"name\":\"Portada\",\"item\":\"https:\/\/thecityescaperoom.com\/barcelona\/\"},{\"@type\":\"ListItem\",\"position\":2,\"name\":\"La Lanzadera &#8211; SPARK81\"}]}]}<\/script>\n<!-- \/ Yoast SEO plugin. -->","yoast_head_json":{"title":"La Lanzadera SPARK81 - The City Escape Room","description":"Difrutad como ni\u00f1os en La Lanzadera SPARK81, el juego arcade m\u00e1s interactivo para pasarlo bien sin parar de moverse","robots":{"index":"index","follow":"follow","max-snippet":"max-snippet:-1","max-image-preview":"max-image-preview:large","max-video-preview":"max-video-preview:-1"},"canonical":"https:\/\/thecityescaperoom.com\/barcelona\/la-lanzadera\/","og_locale":"es_ES","og_type":"article","og_title":"La Lanzadera SPARK81 - The City Escape Room","og_description":"Difrutad como ni\u00f1os en La Lanzadera SPARK81, el juego arcade m\u00e1s interactivo para pasarlo bien sin parar de moverse","og_url":"https:\/\/thecityescaperoom.com\/barcelona\/la-lanzadera\/","og_site_name":"The City Escape Room","article_publisher":"https:\/\/fb.me\/elementsescaperoom","article_modified_time":"2025-06-25T21:44:28+00:00","og_image":[{"width":1627,"height":852,"url":"https:\/\/thecityescaperoom.com\/barcelona\/wp-content\/uploads\/2023\/12\/lanzadera-2.jpg","type":"image\/jpeg"}],"twitter_card":"summary_large_image","twitter_image":"https:\/\/thecityescaperoom.com\/barcelona\/wp-content\/uploads\/2023\/12\/lanzadera-2.jpg","twitter_site":"@elementsescape","twitter_misc":{"Tiempo de lectura":"3 minutos"},"schema":{"@context":"https:\/\/schema.org","@graph":[{"@type":"WebSite","@id":"https:\/\/thecityescaperoom.com\/barcelona\/#website","url":"https:\/\/thecityescaperoom.com\/barcelona\/","name":"The City Escape Room","description":"The City Escape Room","potentialAction":[{"@type":"SearchAction","target":{"@type":"EntryPoint","urlTemplate":"https:\/\/thecityescaperoom.com\/barcelona\/?s={search_term_string}"},"query-input":"required name=search_term_string"}],"inLanguage":"es"},{"@type":"ImageObject","inLanguage":"es","@id":"https:\/\/thecityescaperoom.com\/barcelona\/la-lanzadera\/#primaryimage","url":"https:\/\/thecityescaperoom.com\/barcelona\/wp-content\/uploads\/2023\/12\/lanzadera-2.jpg","contentUrl":"https:\/\/thecityescaperoom.com\/barcelona\/wp-content\/uploads\/2023\/12\/lanzadera-2.jpg","width":1627,"height":852},{"@type":"WebPage","@id":"https:\/\/thecityescaperoom.com\/barcelona\/la-lanzadera\/#webpage","url":"https:\/\/thecityescaperoom.com\/barcelona\/la-lanzadera\/","name":"La Lanzadera SPARK81 - The City Escape Room","isPartOf":{"@id":"https:\/\/thecityescaperoom.com\/barcelona\/#website"},"primaryImageOfPage":{"@id":"https:\/\/thecityescaperoom.com\/barcelona\/la-lanzadera\/#primaryimage"},"datePublished":"2023-12-14T13:07:58+00:00","dateModified":"2025-06-25T21:44:28+00:00","description":"Difrutad como ni\u00f1os en La Lanzadera SPARK81, el juego arcade m\u00e1s interactivo para pasarlo bien sin parar de moverse","breadcrumb":{"@id":"https:\/\/thecityescaperoom.com\/barcelona\/la-lanzadera\/#breadcrumb"},"inLanguage":"es","potentialAction":[{"@type":"ReadAction","target":["https:\/\/thecityescaperoom.com\/barcelona\/la-lanzadera\/"]}]},{"@type":"BreadcrumbList","@id":"https:\/\/thecityescaperoom.com\/barcelona\/la-lanzadera\/#breadcrumb","itemListElement":[{"@type":"ListItem","position":1,"name":"Portada","item":"https:\/\/thecityescaperoom.com\/barcelona\/"},{"@type":"ListItem","position":2,"name":"La Lanzadera &#8211; SPARK81"}]}]}},"_links":{"self":[{"href":"https:\/\/thecityescaperoom.com\/barcelona\/wp-json\/wp\/v2\/pages\/3570"}],"collection":[{"href":"https:\/\/thecityescaperoom.com\/barcelona\/wp-json\/wp\/v2\/pages"}],"about":[{"href":"https:\/\/thecityescaperoom.com\/barcelona\/wp-json\/wp\/v2\/types\/page"}],"author":[{"embeddable":true,"href":"https:\/\/thecityescaperoom.com\/barcelona\/wp-json\/wp\/v2\/users\/1"}],"replies":[{"embeddable":true,"href":"https:\/\/thecityescaperoom.com\/barcelona\/wp-json\/wp\/v2\/comments?post=3570"}],"version-history":[{"count":19,"href":"https:\/\/thecityescaperoom.com\/barcelona\/wp-json\/wp\/v2\/pages\/3570\/revisions"}],"predecessor-version":[{"id":3825,"href":"https:\/\/thecityescaperoom.com\/barcelona\/wp-json\/wp\/v2\/pages\/3570\/revisions\/3825"}],"wp:featuredmedia":[{"embeddable":true,"href":"https:\/\/thecityescaperoom.com\/barcelona\/wp-json\/wp\/v2\/media\/3545"}],"wp:attachment":[{"href":"https:\/\/thecityescaperoom.com\/barcelona\/wp-json\/wp\/v2\/media?parent=3570"}],"curies":[{"name":"wp","href":"https:\/\/api.w.org\/{rel}","templated":true}]}}