{"id":3613,"date":"2024-03-04T14:02:34","date_gmt":"2024-03-04T14:02:34","guid":{"rendered":"https:\/\/thecityescaperoom.com\/barcelona\/?page_id=3613"},"modified":"2025-12-15T10:14:12","modified_gmt":"2025-12-15T10:14:12","slug":"celebraciones","status":"publish","type":"page","link":"https:\/\/thecityescaperoom.com\/barcelona\/celebraciones\/","title":{"rendered":"Celebraciones"},"content":{"rendered":"<section class=\"l-section wpb_row us_custom_ba5590e9 has_text_color height_medium with_img\"><div class=\"l-section-img\" style=\"background-image: url(https:\/\/thecityescaperoom.com\/barcelona\/wp-content\/uploads\/2022\/10\/BANNER-RESERVAS.png);\" data-img-width=\"1920\" data-img-height=\"728\"><\/div><div class=\"l-section-h i-cf\"><div class=\"g-cols vc_row via_flex valign_top type_default\"><div class=\"vc_col-sm-12 wpb_column vc_column_container\"><div class=\"vc_column-inner\"><div class=\"wpb_wrapper\">[vc_custom_heading text=\u00bbCelebraciones\u00bb font_container=\u00bbtag:h1|text_align:center\u00bb use_theme_fonts=\u00bbyes\u00bb css=\u00bb%7B%22default%22%3A%7B%22color%22%3A%22%23ffffff%22%2C%22font-weight%22%3A%22700%22%2C%22font-size%22%3A%224rem%22%2C%22line-height%22%3A%221%22%7D%7D\u00bb]<div class=\"wpb_text_column\"><div class=\"wpb_wrapper\"><h3 style=\"text-align: center;\">Organiza tu celebraci\u00f3n perfecta en The City Escape Room Barcelona<\/h3>\n<\/div><\/div><\/div><\/div><\/div><\/div><\/div><\/section><section class=\"l-section wpb_row us_custom_5fd62819 icoico has_text_color height_small\"><div class=\"l-section-h i-cf\"><div class=\"g-cols vc_row via_flex valign_top type_default\"><div class=\"vc_col-sm-3 vc_col-xs-4 wpb_column vc_column_container\"><div class=\"vc_column-inner\"><div class=\"wpb_wrapper\"><div class=\"w-iconbox iconpos_top style_default color_custom align_center no_text\"><div class=\"w-iconbox-icon\" style=\"font-size:45px;color:#ffffff;\"><i class=\"far fa-users\"><\/i><\/div><div class=\"w-iconbox-meta\"><h4 class=\"w-iconbox-title\" style=\"font-size:1.2rem;\">Hasta 30 personas<\/h4><\/div><\/div><\/div><\/div><\/div><div class=\"vc_col-sm-3 vc_col-xs-4 wpb_column vc_column_container\"><div class=\"vc_column-inner\"><div class=\"wpb_wrapper\"><div class=\"w-iconbox iconpos_top style_default color_custom align_center no_text\"><div class=\"w-iconbox-icon\" style=\"font-size:45px;color:#ffffff;\"><i class=\"far fa-alarm-clock\"><\/i><\/div><div class=\"w-iconbox-meta\"><h4 class=\"w-iconbox-title\" style=\"font-size:1.2rem;\">En franjas de 1h<\/h4><\/div><\/div><\/div><\/div><\/div><div class=\"vc_col-sm-3 vc_col-xs-4 wpb_column vc_column_container\"><div class=\"vc_column-inner\"><div class=\"wpb_wrapper\"><div class=\"w-iconbox iconpos_top style_default color_custom align_center no_text\"><div class=\"w-iconbox-icon\" style=\"font-size:45px;color:#ffffff;\"><i class=\"far fa-coffee\"><\/i><\/div><div class=\"w-iconbox-meta\"><h4 class=\"w-iconbox-title\" style=\"font-size:1.2rem;\">Servicio de bebidas<\/h4><\/div><\/div><\/div><\/div><\/div><div class=\"vc_col-sm-3 wpb_column vc_column_container\"><div class=\"vc_column-inner\"><div class=\"wpb_wrapper\"><div class=\"w-iconbox iconpos_top style_default color_custom align_center no_text\"><div class=\"w-iconbox-icon\" style=\"font-size:45px;color:#ffffff;\"><i class=\"far fa-birthday-cake\"><\/i><\/div><div class=\"w-iconbox-meta\"><h4 class=\"w-iconbox-title\" style=\"font-size:1.2rem;\">Posibilidad de traer comida<\/h4><\/div><\/div><\/div><\/div><\/div><\/div><\/div><\/section><section class=\"l-section wpb_row height_medium\"><div class=\"l-section-h i-cf\"><div class=\"g-cols vc_row via_flex valign_top type_default\"><div class=\"vc_col-sm-12 wpb_column vc_column_container\"><div class=\"vc_column-inner\"><div class=\"wpb_wrapper\"><div class=\"g-cols wpb_row via_flex valign_top type_default\"><div class=\"vc_col-sm-3\/5 wpb_column vc_column_container\"><div class=\"vc_column-inner\"><div class=\"wpb_wrapper\"><div class=\"wpb_text_column us_custom_4a335424 has_text_color\"><div class=\"wpb_wrapper\"><p style=\"text-align: center; font-size: 21px; margin-top: 0;\">\u00a1Celebra tu fiesta en The City Escape Room!<\/p>\n<\/div><\/div><div class=\"wpb_text_column us_custom_8f97baf3\"><div class=\"wpb_wrapper\"><p><span style=\"font-weight: 400;\">En The City Escape Room Barcelona disponemos de una sala polivalente para la celebraci\u00f3n de cumplea\u00f1os, teambuildings o todo tipo de fiestas para combinar con cualquiera de nuestros juegos pensados para grupos grandes.<\/span><\/p>\n<p><span style=\"font-weight: 400;\">Despu\u00e9s de competir con tus compa\u00f1eros en la <a href=\"https:\/\/thecityescaperoom.com\/barcelona\/academia-de-cocina-megachef\/\">Academia de Cocina<\/a>, o tras correr y saltar sin parar en la <a href=\"https:\/\/thecityescaperoom.com\/barcelona\/la-lanzadera\/\">Lanzadera Spark81<\/a>, o incluso visitando otros mundos en <a href=\"https:\/\/thecityescaperoom.com\/barcelona\/la-agencia\/\">La Agencia<\/a> de Realidad Virtual (en este <a href=\"https:\/\/thecityescaperoom.com\/barcelona\/wp-content\/uploads\/2025\/10\/Team_building_Agencia_VR_web.pdf\">pdf<\/a> puedes ver packs para organizar team buildings), no hay nada mejor que tomar un refresco o caf\u00e9 en buena compa\u00f1\u00eda para acabar de cerrar la jornada. Tambi\u00e9n puedes jugar tranquilamente juegos <em>vintage<\/em> en nuestro rinc\u00f3n de <em>gaming<\/em>, o simplemente, descansar un rato.\u00a0<\/span><\/p>\n<p><span style=\"font-weight: 400;\">En el caso de fiestas infantiles, se puden traer elementos decorativos o incluso el pastel, siempre y cuando lo dej\u00e9is todo bien recogido tras la actividad. <\/span><\/p>\n<p>La sala se alquila en franjas de 60 minutos, con un coste de 50 \u20ac \/ h (alquiler de media sala, para grupos de hasta 8 personas) o 100 \u20ac \/ h (alquiler de la sala completa). Las bebidas, caf\u00e9s y dem\u00e1s que se lleguen a consumir, se os cobrar\u00e1n en acabar la celebraci\u00f3n. Disponemos de varios packs de cumplea\u00f1os, que se pueden contratar con antelaci\u00f3n mediante nuestro tel\u00e9fono o WhatsApp (<a href=\"tel: 682 289 441\">682 289 441<\/a>). Pod\u00e9is ver toda la oferta de nuestros packs en este <a href=\"https:\/\/thecityescaperoom.com\/barcelona\/wp-content\/uploads\/2025\/02\/Sala-celebraciones-The-City-Escape-Room-v3.pdf\">pdf<\/a>.<\/p>\n<p><em><strong>En ning\u00fan caso se podr\u00e1n traer bebidas de fuera del recinto<\/strong>.<\/em><\/p>\n<\/div><\/div><div class=\"w-btn-wrapper align_none\"><a class=\"w-btn us-btn-style_1 us_custom_45a58b74\" title=\"Contacto\" href=\"https:\/\/thecityescaperoom.com\/barcelona\/#donde\"><span class=\"w-btn-label\">CONT\u00c1CTANOS PARA RESERVAR<\/span><\/a><\/div><\/div><\/div><\/div><div class=\"vc_col-sm-2\/5 wpb_column vc_column_container\"><div class=\"vc_column-inner\"><div class=\"wpb_wrapper\"><div class=\"w-image align_center\"><div class=\"w-image-h\"><img width=\"598\" height=\"587\" src=\"https:\/\/thecityescaperoom.com\/barcelona\/wp-content\/uploads\/2024\/05\/sala-meriendas-v2.jpg\" class=\"attachment-full size-full\" alt=\"\" decoding=\"async\" loading=\"lazy\" srcset=\"https:\/\/thecityescaperoom.com\/barcelona\/wp-content\/uploads\/2024\/05\/sala-meriendas-v2.jpg 598w, https:\/\/thecityescaperoom.com\/barcelona\/wp-content\/uploads\/2024\/05\/sala-meriendas-v2-300x294.jpg 300w, https:\/\/thecityescaperoom.com\/barcelona\/wp-content\/uploads\/2024\/05\/sala-meriendas-v2-230x226.jpg 230w\" sizes=\"(max-width: 598px) 100vw, 598px\" \/><\/div><\/div><\/div><\/div><\/div><\/div><\/div><\/div><\/div><\/div><\/div><\/section><section class=\"l-section wpb_row us_custom_11582849 has_text_color height_medium\"><div class=\"l-section-h i-cf\"><div class=\"g-cols vc_row via_flex valign_top type_default\"><div class=\"vc_col-sm-12 wpb_column vc_column_container\"><div class=\"vc_column-inner\"><div class=\"wpb_wrapper\"><div class=\"wpb_text_column\"><div class=\"wpb_wrapper\"><h2 style=\"text-align: center;\"><strong>\u00a1Disfrutad viendo jugar a los m\u00e1s peques!<\/strong><\/h2>\n<p style=\"text-align: center;\">En caso que el grupo est\u00e9 jugando en la Lanzadera Spark81, en la misma sala de celebraciones dispon\u00e9is de una TV para poder verlos jugar durante todo el rato. As\u00ed que mientras esper\u00e1is a que terminen de jugar y vay\u00e1is preparandolo todo, podr\u00e9is disfrutar de verlos jugar como nunca.<\/p>\n<\/div><\/div><div class=\"w-btn-wrapper align_none\"><a class=\"w-btn us-btn-style_1 us_custom_45a58b74\" title=\"Contacto\" href=\"https:\/\/thecityescaperoom.com\/barcelona\/#donde\"><span class=\"w-btn-label\">SI EST\u00c1S PREPARADO HAZ CLICK<\/span><\/a><\/div><\/div><\/div><\/div><\/div><\/div><\/section>\n","protected":false},"excerpt":{"rendered":"[vc_custom_heading text=\"Celebraciones\" font_container=\"tag:h1|text_align:center\" use_theme_fonts=\"yes\" css=\"%7B%22default%22%3A%7B%22color%22%3A%22%23ffffff%22%2C%22font-weight%22%3A%22700%22%2C%22font-size%22%3A%224rem%22%2C%22line-height%22%3A%221%22%7D%7D\"]Organiza tu celebraci\u00f3n perfecta en The City Escape Room Barcelona Hasta 30 personasEn franjas de 1hServicio de bebidasPosibilidad de traer comida\u00a1Celebra tu fiesta en The City Escape Room! En The City Escape Room Barcelona disponemos de una sala polivalente para la celebraci\u00f3n de cumplea\u00f1os, teambuildings o todo tipo de fiestas para...","protected":false},"author":2,"featured_media":3504,"parent":0,"menu_order":0,"comment_status":"closed","ping_status":"closed","template":"","meta":[],"yoast_head":"<!-- This site is optimized with the Yoast SEO plugin v19.1 - https:\/\/yoast.com\/wordpress\/plugins\/seo\/ -->\n<title>Celebraciones - The City Escape Room<\/title>\n<meta name=\"description\" content=\"Organiza tu celebraci\u00f3n perfecta en nuestra sala polivalente de The City Escape Room, mientras disfrutas del mejor ocio en Terrassa\" \/>\n<meta name=\"robots\" content=\"index, follow, max-snippet:-1, max-image-preview:large, max-video-preview:-1\" \/>\n<link rel=\"canonical\" href=\"https:\/\/thecityescaperoom.com\/barcelona\/celebraciones\/\" \/>\n<meta property=\"og:locale\" content=\"es_ES\" \/>\n<meta property=\"og:type\" content=\"article\" \/>\n<meta property=\"og:title\" content=\"Celebraciones - The City Escape Room\" \/>\n<meta property=\"og:description\" content=\"Organiza tu celebraci\u00f3n perfecta en nuestra sala polivalente de The City Escape Room, mientras disfrutas del mejor ocio en Terrassa\" \/>\n<meta property=\"og:url\" content=\"https:\/\/thecityescaperoom.com\/barcelona\/celebraciones\/\" \/>\n<meta property=\"og:site_name\" content=\"The City Escape Room\" \/>\n<meta property=\"article:publisher\" content=\"https:\/\/fb.me\/elementsescaperoom\" \/>\n<meta property=\"article:modified_time\" content=\"2025-12-15T10:14:12+00:00\" \/>\n<meta property=\"og:image\" content=\"https:\/\/thecityescaperoom.com\/barcelona\/wp-content\/uploads\/2023\/06\/imagen_generica-The-City-Barna.jpg\" \/>\n\t<meta property=\"og:image:width\" content=\"1627\" \/>\n\t<meta property=\"og:image:height\" content=\"852\" \/>\n\t<meta property=\"og:image:type\" content=\"image\/jpeg\" \/>\n<meta name=\"twitter:card\" content=\"summary_large_image\" \/>\n<meta name=\"twitter:site\" content=\"@elementsescape\" \/>\n<meta name=\"twitter:label1\" content=\"Tiempo de lectura\" \/>\n\t<meta name=\"twitter:data1\" content=\"2 minutos\" \/>\n<script type=\"application\/ld+json\" class=\"yoast-schema-graph\">{\"@context\":\"https:\/\/schema.org\",\"@graph\":[{\"@type\":\"WebSite\",\"@id\":\"https:\/\/thecityescaperoom.com\/barcelona\/#website\",\"url\":\"https:\/\/thecityescaperoom.com\/barcelona\/\",\"name\":\"The City Escape Room\",\"description\":\"The City Escape Room\",\"potentialAction\":[{\"@type\":\"SearchAction\",\"target\":{\"@type\":\"EntryPoint\",\"urlTemplate\":\"https:\/\/thecityescaperoom.com\/barcelona\/?s={search_term_string}\"},\"query-input\":\"required name=search_term_string\"}],\"inLanguage\":\"es\"},{\"@type\":\"ImageObject\",\"inLanguage\":\"es\",\"@id\":\"https:\/\/thecityescaperoom.com\/barcelona\/celebraciones\/#primaryimage\",\"url\":\"https:\/\/thecityescaperoom.com\/barcelona\/wp-content\/uploads\/2023\/06\/imagen_generica-The-City-Barna.jpg\",\"contentUrl\":\"https:\/\/thecityescaperoom.com\/barcelona\/wp-content\/uploads\/2023\/06\/imagen_generica-The-City-Barna.jpg\",\"width\":1627,\"height\":852},{\"@type\":\"WebPage\",\"@id\":\"https:\/\/thecityescaperoom.com\/barcelona\/celebraciones\/#webpage\",\"url\":\"https:\/\/thecityescaperoom.com\/barcelona\/celebraciones\/\",\"name\":\"Celebraciones - The City Escape Room\",\"isPartOf\":{\"@id\":\"https:\/\/thecityescaperoom.com\/barcelona\/#website\"},\"primaryImageOfPage\":{\"@id\":\"https:\/\/thecityescaperoom.com\/barcelona\/celebraciones\/#primaryimage\"},\"datePublished\":\"2024-03-04T14:02:34+00:00\",\"dateModified\":\"2025-12-15T10:14:12+00:00\",\"description\":\"Organiza tu celebraci\u00f3n perfecta en nuestra sala polivalente de The City Escape Room, mientras disfrutas del mejor ocio en Terrassa\",\"breadcrumb\":{\"@id\":\"https:\/\/thecityescaperoom.com\/barcelona\/celebraciones\/#breadcrumb\"},\"inLanguage\":\"es\",\"potentialAction\":[{\"@type\":\"ReadAction\",\"target\":[\"https:\/\/thecityescaperoom.com\/barcelona\/celebraciones\/\"]}]},{\"@type\":\"BreadcrumbList\",\"@id\":\"https:\/\/thecityescaperoom.com\/barcelona\/celebraciones\/#breadcrumb\",\"itemListElement\":[{\"@type\":\"ListItem\",\"position\":1,\"name\":\"Portada\",\"item\":\"https:\/\/thecityescaperoom.com\/barcelona\/\"},{\"@type\":\"ListItem\",\"position\":2,\"name\":\"Celebraciones\"}]}]}<\/script>\n<!-- \/ Yoast SEO plugin. -->","yoast_head_json":{"title":"Celebraciones - The City Escape Room","description":"Organiza tu celebraci\u00f3n perfecta en nuestra sala polivalente de The City Escape Room, mientras disfrutas del mejor ocio en Terrassa","robots":{"index":"index","follow":"follow","max-snippet":"max-snippet:-1","max-image-preview":"max-image-preview:large","max-video-preview":"max-video-preview:-1"},"canonical":"https:\/\/thecityescaperoom.com\/barcelona\/celebraciones\/","og_locale":"es_ES","og_type":"article","og_title":"Celebraciones - The City Escape Room","og_description":"Organiza tu celebraci\u00f3n perfecta en nuestra sala polivalente de The City Escape Room, mientras disfrutas del mejor ocio en Terrassa","og_url":"https:\/\/thecityescaperoom.com\/barcelona\/celebraciones\/","og_site_name":"The City Escape Room","article_publisher":"https:\/\/fb.me\/elementsescaperoom","article_modified_time":"2025-12-15T10:14:12+00:00","og_image":[{"width":1627,"height":852,"url":"https:\/\/thecityescaperoom.com\/barcelona\/wp-content\/uploads\/2023\/06\/imagen_generica-The-City-Barna.jpg","type":"image\/jpeg"}],"twitter_card":"summary_large_image","twitter_site":"@elementsescape","twitter_misc":{"Tiempo de lectura":"2 minutos"},"schema":{"@context":"https:\/\/schema.org","@graph":[{"@type":"WebSite","@id":"https:\/\/thecityescaperoom.com\/barcelona\/#website","url":"https:\/\/thecityescaperoom.com\/barcelona\/","name":"The City Escape Room","description":"The City Escape Room","potentialAction":[{"@type":"SearchAction","target":{"@type":"EntryPoint","urlTemplate":"https:\/\/thecityescaperoom.com\/barcelona\/?s={search_term_string}"},"query-input":"required name=search_term_string"}],"inLanguage":"es"},{"@type":"ImageObject","inLanguage":"es","@id":"https:\/\/thecityescaperoom.com\/barcelona\/celebraciones\/#primaryimage","url":"https:\/\/thecityescaperoom.com\/barcelona\/wp-content\/uploads\/2023\/06\/imagen_generica-The-City-Barna.jpg","contentUrl":"https:\/\/thecityescaperoom.com\/barcelona\/wp-content\/uploads\/2023\/06\/imagen_generica-The-City-Barna.jpg","width":1627,"height":852},{"@type":"WebPage","@id":"https:\/\/thecityescaperoom.com\/barcelona\/celebraciones\/#webpage","url":"https:\/\/thecityescaperoom.com\/barcelona\/celebraciones\/","name":"Celebraciones - The City Escape Room","isPartOf":{"@id":"https:\/\/thecityescaperoom.com\/barcelona\/#website"},"primaryImageOfPage":{"@id":"https:\/\/thecityescaperoom.com\/barcelona\/celebraciones\/#primaryimage"},"datePublished":"2024-03-04T14:02:34+00:00","dateModified":"2025-12-15T10:14:12+00:00","description":"Organiza tu celebraci\u00f3n perfecta en nuestra sala polivalente de The City Escape Room, mientras disfrutas del mejor ocio en Terrassa","breadcrumb":{"@id":"https:\/\/thecityescaperoom.com\/barcelona\/celebraciones\/#breadcrumb"},"inLanguage":"es","potentialAction":[{"@type":"ReadAction","target":["https:\/\/thecityescaperoom.com\/barcelona\/celebraciones\/"]}]},{"@type":"BreadcrumbList","@id":"https:\/\/thecityescaperoom.com\/barcelona\/celebraciones\/#breadcrumb","itemListElement":[{"@type":"ListItem","position":1,"name":"Portada","item":"https:\/\/thecityescaperoom.com\/barcelona\/"},{"@type":"ListItem","position":2,"name":"Celebraciones"}]}]}},"_links":{"self":[{"href":"https:\/\/thecityescaperoom.com\/barcelona\/wp-json\/wp\/v2\/pages\/3613"}],"collection":[{"href":"https:\/\/thecityescaperoom.com\/barcelona\/wp-json\/wp\/v2\/pages"}],"about":[{"href":"https:\/\/thecityescaperoom.com\/barcelona\/wp-json\/wp\/v2\/types\/page"}],"author":[{"embeddable":true,"href":"https:\/\/thecityescaperoom.com\/barcelona\/wp-json\/wp\/v2\/users\/2"}],"replies":[{"embeddable":true,"href":"https:\/\/thecityescaperoom.com\/barcelona\/wp-json\/wp\/v2\/comments?post=3613"}],"version-history":[{"count":26,"href":"https:\/\/thecityescaperoom.com\/barcelona\/wp-json\/wp\/v2\/pages\/3613\/revisions"}],"predecessor-version":[{"id":3849,"href":"https:\/\/thecityescaperoom.com\/barcelona\/wp-json\/wp\/v2\/pages\/3613\/revisions\/3849"}],"wp:featuredmedia":[{"embeddable":true,"href":"https:\/\/thecityescaperoom.com\/barcelona\/wp-json\/wp\/v2\/media\/3504"}],"wp:attachment":[{"href":"https:\/\/thecityescaperoom.com\/barcelona\/wp-json\/wp\/v2\/media?parent=3613"}],"curies":[{"name":"wp","href":"https:\/\/api.w.org\/{rel}","templated":true}]}}