{"id":3711,"date":"2024-07-29T10:32:00","date_gmt":"2024-07-29T10:32:00","guid":{"rendered":"https:\/\/thecityescaperoom.com\/barcelona\/?page_id=3711"},"modified":"2025-06-25T21:51:51","modified_gmt":"2025-06-25T21:51:51","slug":"base-secreta","status":"publish","type":"page","link":"https:\/\/thecityescaperoom.com\/barcelona\/base-secreta\/","title":{"rendered":"La base secreta: C\u00f3digo Rojo"},"content":{"rendered":"<section class=\"l-section wpb_row us_custom_f791410b has_text_color height_large with_img\" id=\"herobanner\"><div class=\"l-section-img\" style=\"background-image: url(https:\/\/thecityescaperoom.com\/barcelona\/wp-content\/uploads\/2024\/07\/codigo-rojo-header.png);background-position: top center;\" data-img-width=\"1920\" data-img-height=\"590\"><\/div><div class=\"l-section-h i-cf\"><div class=\"g-cols vc_row via_flex valign_middle type_default\"><div class=\"vc_col-sm-12 wpb_column vc_column_container\"><div class=\"vc_column-inner us_custom_bfc0abad\"><div class=\"wpb_wrapper\"><div class=\"w-image us_custom_c254ce97 img-ini align_center\"><div class=\"w-image-h\"><img width=\"163\" height=\"300\" src=\"https:\/\/thecityescaperoom.com\/barcelona\/wp-content\/uploads\/2024\/07\/codigo-rojo-icono-163x300.png\" class=\"attachment-medium size-medium\" alt=\"\" decoding=\"async\" loading=\"lazy\" srcset=\"https:\/\/thecityescaperoom.com\/barcelona\/wp-content\/uploads\/2024\/07\/codigo-rojo-icono-163x300.png 163w, https:\/\/thecityescaperoom.com\/barcelona\/wp-content\/uploads\/2024\/07\/codigo-rojo-icono-556x1024.png 556w, https:\/\/thecityescaperoom.com\/barcelona\/wp-content\/uploads\/2024\/07\/codigo-rojo-icono-125x230.png 125w, https:\/\/thecityescaperoom.com\/barcelona\/wp-content\/uploads\/2024\/07\/codigo-rojo-icono.png 1430w\" sizes=\"(max-width: 163px) 100vw, 163px\" \/><\/div><\/div>[vc_custom_heading text=\u00bbLA BASE SECRETA: C\u00d3DIGO ROJO\u00bb font_container=\u00bbtag:h1|text_align:center\u00bb use_theme_fonts=\u00bbyes\u00bb css=\u00bb%7B%22default%22%3A%7B%22font-weight%22%3A%22700%22%2C%22font-size%22%3A%2236px%22%2C%22margin-bottom%22%3A%220%22%2C%22padding-bottom%22%3A%220%22%7D%2C%22tablets%22%3A%7B%22font-weight%22%3A%22800%22%2C%22font-size%22%3A%223rem%22%7D%2C%22mobiles%22%3A%7B%22color%22%3A%22%23ffffff%22%2C%22font-weight%22%3A%22800%22%2C%22font-size%22%3A%223rem%22%7D%7D\u00bb]<div class=\"wpb_text_column\"><div class=\"wpb_wrapper\"><p style=\"text-align: center; font-size: 21px; margin-top: 0;\">\u00a1Destruye el armamento nuclear de Neil Parker!<\/p>\n<\/div><\/div><div class=\"g-cols wpb_row via_flex valign_top type_default\"><div class=\"vc_col-sm-6 vc_col-xs-6 wpb_column vc_column_container\"><div class=\"vc_column-inner\"><div class=\"wpb_wrapper\"><div class=\"w-btn-wrapper align_right\"><a class=\"w-btn us-btn-style_1 us_custom_8505d6e2 has_text_color\" title=\"Bono regalo\" href=\"https:\/\/thecityescaperoom.com\/barcelona\/bono-regalo\/\"><span class=\"w-btn-label\">REGALAR<\/span><\/a><\/div><\/div><\/div><\/div><div class=\"vc_col-sm-6 vc_col-xs-6 wpb_column vc_column_container\"><div class=\"vc_column-inner\"><div class=\"wpb_wrapper\"><div class=\"w-btn-wrapper align_none\"><a class=\"w-btn us-btn-style_1 us_custom_8505d6e2 has_text_color\" title=\"Reserva La base secreta: C\u00f3digo Rojo\" href=\"https:\/\/thecityescaperoom.com\/barcelona\/reserva-base-secreta\/\"><span class=\"w-btn-label\">RESERVAR<\/span><\/a><\/div><\/div><\/div><\/div><\/div><\/div><\/div><\/div><\/div><\/div><\/section><section class=\"l-section wpb_row us_custom_5fd62819 icoico has_text_color height_small\"><div class=\"l-section-h i-cf\"><div class=\"g-cols vc_row via_flex valign_top type_default\"><div class=\"vc_col-sm-3 vc_col-xs-4 wpb_column vc_column_container\"><div class=\"vc_column-inner\"><div class=\"wpb_wrapper\"><div class=\"w-iconbox iconpos_top style_default color_custom align_center no_text\"><div class=\"w-iconbox-icon\" style=\"font-size:45px;color:#ffffff;\"><i class=\"far fa-users\"><\/i><\/div><div class=\"w-iconbox-meta\"><h4 class=\"w-iconbox-title\" style=\"font-size:1.2rem;\">2-8 jugadores<\/h4><\/div><\/div><\/div><\/div><\/div><div class=\"vc_col-sm-3 vc_col-xs-4 wpb_column vc_column_container\"><div class=\"vc_column-inner\"><div class=\"wpb_wrapper\"><div class=\"w-iconbox iconpos_top style_default color_custom align_center no_text\"><div class=\"w-iconbox-icon\" style=\"font-size:45px;color:#ffffff;\"><i class=\"far fa-alarm-clock\"><\/i><\/div><div class=\"w-iconbox-meta\"><h4 class=\"w-iconbox-title\" style=\"font-size:1.2rem;\">Tiempo 80 min.<\/h4><\/div><\/div><\/div><\/div><\/div><div class=\"vc_col-sm-3 vc_col-xs-4 wpb_column vc_column_container\"><div class=\"vc_column-inner\"><div class=\"wpb_wrapper\"><div class=\"w-iconbox iconpos_top style_default color_custom align_center no_text\"><div class=\"w-iconbox-icon\" style=\"font-size:45px;color:#ffffff;\"><i class=\"far fa-chart-bar\"><\/i><\/div><div class=\"w-iconbox-meta\"><h4 class=\"w-iconbox-title\" style=\"font-size:1.2rem;\">Dificultad Media<\/h4><\/div><\/div><\/div><\/div><\/div><div class=\"vc_col-sm-3 wpb_column vc_column_container\"><div class=\"vc_column-inner\"><div class=\"wpb_wrapper\"><div class=\"w-iconbox iconpos_top style_default color_custom align_center no_text\"><div class=\"w-iconbox-icon\" style=\"font-size:45px;color:#ffffff;\"><i class=\"far fa-map\"><\/i><\/div><div class=\"w-iconbox-meta\"><h4 class=\"w-iconbox-title\" style=\"font-size:1.2rem;\">City Centre (C\/ Nicolau Tall\u00f3, 108)<\/h4><\/div><\/div><\/div><\/div><\/div><\/div><\/div><\/section><section class=\"l-section wpb_row height_medium\"><div class=\"l-section-h i-cf\"><div class=\"g-cols vc_row via_flex valign_top type_default\"><div class=\"vc_col-sm-12 wpb_column vc_column_container\"><div class=\"vc_column-inner\"><div class=\"wpb_wrapper\"><div class=\"g-cols wpb_row via_flex valign_top type_default\"><div class=\"vc_col-sm-3\/5 wpb_column vc_column_container\"><div class=\"vc_column-inner\"><div class=\"wpb_wrapper\"><div class=\"wpb_text_column us_custom_4a335424 has_text_color\"><div class=\"wpb_wrapper\"><p style=\"text-align: center; font-size: 21px; margin-top: 0;\">Infiltraros en la base secreta a las afueras de The City<\/p>\n<\/div><\/div><div class=\"wpb_text_column us_custom_8f97baf3\"><div class=\"wpb_wrapper\"><p>La Resistencia ha descubierto una base militar secreta de Neil Parker a las afueras de The City Barcelona: el tirano no solo quiere imponer su yugo, sino que est\u00e1 preparando un armamento nuclear nunca antes visto. Tememos que los ciudadanos est\u00e9n en peligro y os necesitamos para evitar que acabe con el mundo tal y como lo conocemos.<\/p>\n<p>No sabemos en qu\u00e9 forma ni estado se encuentra el material nuclear ni tampoco d\u00f3nde lo esconden, pero confiamos en vuestras capacidades para resolver este caso de vital importancia. La vida en The City depende de vosotros: \u00a1infiltraos en su base y detenedle!<\/p>\n<p>*No rejugable de su anterior versi\u00f3n Operaci\u00f3n: C\u00f3digo Rojo<br \/>\n**Local City Centre: Calle Nicolau Tall\u00f3, 108 (Terrassa)<\/p>\n<\/div><\/div><div class=\"w-btn-wrapper align_none\"><a class=\"w-btn us-btn-style_1 us_custom_45a58b74\" title=\"Reserva La Agencia Virtual Game\" href=\"https:\/\/thecityescaperoom.com\/barcelona\/reserva-base-secreta\/\"><span class=\"w-btn-label\">RESERVAR<\/span><\/a><\/div><\/div><\/div><\/div><div class=\"vc_col-sm-2\/5 wpb_column vc_column_container\"><div class=\"vc_column-inner\"><div class=\"wpb_wrapper\"><div class=\"w-image align_center\"><div class=\"w-image-h\"><img width=\"600\" height=\"580\" src=\"https:\/\/thecityescaperoom.com\/barcelona\/wp-content\/uploads\/2024\/07\/codigo-rojo-imagenes.jpg\" class=\"attachment-full size-full\" alt=\"\" decoding=\"async\" loading=\"lazy\" srcset=\"https:\/\/thecityescaperoom.com\/barcelona\/wp-content\/uploads\/2024\/07\/codigo-rojo-imagenes.jpg 600w, https:\/\/thecityescaperoom.com\/barcelona\/wp-content\/uploads\/2024\/07\/codigo-rojo-imagenes-300x290.jpg 300w, https:\/\/thecityescaperoom.com\/barcelona\/wp-content\/uploads\/2024\/07\/codigo-rojo-imagenes-230x222.jpg 230w\" sizes=\"(max-width: 600px) 100vw, 600px\" \/><\/div><\/div><\/div><\/div><\/div><\/div><\/div><\/div><\/div><\/div><\/div><\/section><section class=\"l-section wpb_row us_custom_11582849 has_text_color height_medium\"><div class=\"l-section-h i-cf\"><div class=\"g-cols vc_row via_flex valign_top type_default\"><div class=\"vc_col-sm-12 wpb_column vc_column_container\"><div class=\"vc_column-inner\"><div class=\"wpb_wrapper\"><div class=\"wpb_text_column\"><div class=\"wpb_wrapper\"><h2 style=\"text-align: center;\"><strong>Mensaje de la Resistencia:<\/strong><\/h2>\n<p style=\"text-align: center;\">Los soldados del orden de Neil Parker disponen de un armamento de \u00faltima tecnolog\u00eda con el que someten a la poblaci\u00f3n de The City. Pero han llegado demasdiado lejos: nos informan de que est\u00e1n fabricando un nuevo armamento nuclear devastador. Desconocen nuestra informaci\u00f3n, por lo que jugamos con ventaja. Pero solo tenemos una oportunidad de destruir su base secreta. \u00a1Confiamos en vosotros!<\/p>\n<\/div><\/div><div class=\"w-btn-wrapper align_none\"><a class=\"w-btn us-btn-style_1 us_custom_45a58b74\" title=\"Reserva La base secreta: C\u00f3digo Rojo\" href=\"https:\/\/thecityescaperoom.com\/barcelona\/reserva-base-secreta\/\"><span class=\"w-btn-label\">SI EST\u00c1S PREPARADO, HAZ CLICK AQU\u00cd<\/span><\/a><\/div><\/div><\/div><\/div><\/div><\/div><\/section><section class=\"l-section wpb_row height_medium\"><div class=\"l-section-h i-cf\"><div class=\"g-cols vc_row via_flex valign_middle type_default\"><div class=\"vc_col-sm-6 wpb_column vc_column_container\"><div class=\"vc_column-inner\"><div class=\"wpb_wrapper\"><div class=\"w-image us_custom_b34c6c83 imgprice align_none\"><div class=\"w-image-h\"><img width=\"1024\" height=\"1024\" src=\"https:\/\/thecityescaperoom.com\/barcelona\/wp-content\/uploads\/2025\/06\/PRECIO-BASE-SECRETA-1024x1024.png\" class=\"attachment-large size-large\" alt=\"\" decoding=\"async\" loading=\"lazy\" srcset=\"https:\/\/thecityescaperoom.com\/barcelona\/wp-content\/uploads\/2025\/06\/PRECIO-BASE-SECRETA-1024x1024.png 1024w, https:\/\/thecityescaperoom.com\/barcelona\/wp-content\/uploads\/2025\/06\/PRECIO-BASE-SECRETA-300x300.png 300w, https:\/\/thecityescaperoom.com\/barcelona\/wp-content\/uploads\/2025\/06\/PRECIO-BASE-SECRETA-150x150.png 150w, https:\/\/thecityescaperoom.com\/barcelona\/wp-content\/uploads\/2025\/06\/PRECIO-BASE-SECRETA-230x230.png 230w, https:\/\/thecityescaperoom.com\/barcelona\/wp-content\/uploads\/2025\/06\/PRECIO-BASE-SECRETA.png 1050w\" sizes=\"(max-width: 1024px) 100vw, 1024px\" \/><\/div><\/div><\/div><\/div><\/div><div class=\"vc_col-sm-6 wpb_column vc_column_container\"><div class=\"vc_column-inner\"><div class=\"wpb_wrapper\"><div class=\"wpb_text_column\"><div class=\"wpb_wrapper\"><h3>Una experiencia con ambientaci\u00f3n inmersiva<\/h3>\n<p>La Base Secreta: C\u00f3digo Rojo cuenta con una ambientaci\u00f3n y decorados que hacen que te metas de lleno en la historia, con una sensaci\u00f3n de realismo que har\u00e1 que no sientas que es un juego.<\/p>\n<p>Consta de pruebas de todo tipo: tanto l\u00f3gicas, f\u00edsicas como de habilidad. Por ello se requiere algo de forma f\u00edsica.<\/p>\n<p>\u00a1As\u00ed que no lo dudes! Si buscas una experiencia de acci\u00f3n, re\u00fane a tus amigos y haz tu reserva.<\/p>\n<p><strong>IMPORTANTE<\/strong>:<br \/>\nNo es rejugable de su anterior versi\u00f3n Operaci\u00f3n C\u00f3digo Rojo.<br \/>\nSe encuentra en un nuevo local en Cale NIcolau Tall\u00f3 108, Terrassa .<\/p>\n<\/div><\/div><\/div><\/div><\/div><\/div><\/div><\/section><section class=\"l-section wpb_row height_medium\"><div class=\"l-section-overlay\" style=\"background:#bb2eef\"><\/div><div class=\"l-section-h i-cf\"><div class=\"g-cols vc_row via_flex valign_middle type_default\"><div class=\"vc_col-sm-2 wpb_column vc_column_container\"><div class=\"vc_column-inner\"><div class=\"wpb_wrapper\"><\/div><\/div><\/div><div class=\"vc_col-sm-8 wpb_column vc_column_container\"><div class=\"vc_column-inner\"><div class=\"wpb_wrapper\">[vc_custom_heading text=\u00bbInscr\u00edbete a nuestra newsletter<br \/>\ny no te pierdas nada\u00bb font_container=\u00bbtag:h3|text_align:center\u00bb use_theme_fonts=\u00bbyes\u00bb css=\u00bb%7B%22default%22%3A%7B%22font-weight%22%3A%22700%22%2C%22font-size%22%3A%223rem%22%7D%2C%22tablets%22%3A%7B%22font-weight%22%3A%22700%22%2C%22font-size%22%3A%223rem%22%7D%2C%22mobiles%22%3A%7B%22font-weight%22%3A%22700%22%2C%22font-size%22%3A%222.1rem%22%7D%7D\u00bb]<div class=\"wpb_text_column inlines\"><div class=\"wpb_wrapper\"><div role=\"form\" class=\"wpcf7\" id=\"wpcf7-f302-o1\" lang=\"es-ES\" dir=\"ltr\">\n<div class=\"screen-reader-response\"><p role=\"status\" aria-live=\"polite\" aria-atomic=\"true\"><\/p> <ul><\/ul><\/div>\n<form action=\"\/barcelona\/wp-json\/wp\/v2\/pages\/3711#wpcf7-f302-o1\" method=\"post\" class=\"wpcf7-form init\" novalidate=\"novalidate\" data-status=\"init\">\n<div style=\"display: none;\">\n<input type=\"hidden\" name=\"_wpcf7\" value=\"302\" \/>\n<input type=\"hidden\" name=\"_wpcf7_version\" value=\"5.6\" \/>\n<input type=\"hidden\" name=\"_wpcf7_locale\" value=\"es_ES\" \/>\n<input type=\"hidden\" name=\"_wpcf7_unit_tag\" value=\"wpcf7-f302-o1\" \/>\n<input type=\"hidden\" name=\"_wpcf7_container_post\" value=\"0\" \/>\n<input type=\"hidden\" name=\"_wpcf7_posted_data_hash\" value=\"\" \/>\n<\/div>\n<p><span class=\"wpcf7-form-control-wrap\" data-name=\"your-email\"><input type=\"email\" name=\"your-email\" value=\"\" size=\"40\" class=\"wpcf7-form-control wpcf7-text wpcf7-email wpcf7-validates-as-required wpcf7-validates-as-email\" aria-required=\"true\" aria-invalid=\"false\" placeholder=\"Correo electr\u00f3nico\" \/><\/span><input type=\"submit\" value=\"Enviar\" class=\"wpcf7-form-control has-spinner wpcf7-submit w-btn us-btn-style_3\" \/><\/p>\n<input type='hidden' class='wpcf7-pum' value='{\"closepopup\":false,\"closedelay\":0,\"openpopup\":false,\"openpopup_id\":0}' \/><div class=\"wpcf7-response-output\" aria-hidden=\"true\"><\/div><\/form><\/div>\n<\/div><\/div><\/div><\/div><\/div><div class=\"vc_col-sm-2 wpb_column vc_column_container\"><div class=\"vc_column-inner\"><div class=\"wpb_wrapper\"><\/div><\/div><\/div><\/div><\/div><\/section>\n","protected":false},"excerpt":{"rendered":"[vc_custom_heading text=\"LA BASE SECRETA: C\u00d3DIGO ROJO\" font_container=\"tag:h1|text_align:center\" use_theme_fonts=\"yes\" css=\"%7B%22default%22%3A%7B%22font-weight%22%3A%22700%22%2C%22font-size%22%3A%2236px%22%2C%22margin-bottom%22%3A%220%22%2C%22padding-bottom%22%3A%220%22%7D%2C%22tablets%22%3A%7B%22font-weight%22%3A%22800%22%2C%22font-size%22%3A%223rem%22%7D%2C%22mobiles%22%3A%7B%22color%22%3A%22%23ffffff%22%2C%22font-weight%22%3A%22800%22%2C%22font-size%22%3A%223rem%22%7D%7D\"]\u00a1Destruye el armamento nuclear de Neil Parker! REGALARRESERVAR2-8 jugadoresTiempo 80 min.Dificultad MediaCity Centre (C\/ Nicolau Tall\u00f3, 108)Infiltraros en la base secreta a las afueras de The City La Resistencia ha descubierto una base militar secreta de Neil Parker a las afueras de The City Barcelona: el tirano...","protected":false},"author":1,"featured_media":3720,"parent":0,"menu_order":0,"comment_status":"closed","ping_status":"closed","template":"","meta":[],"yoast_head":"<!-- This site is optimized with the Yoast SEO plugin v19.1 - https:\/\/yoast.com\/wordpress\/plugins\/seo\/ -->\n<title>La base secreta: C\u00f3digo Rojo - The City Escape Room<\/title>\n<meta name=\"description\" content=\"La Base Secreta: C\u00f3digo Rojo cuenta con una ambientaci\u00f3n y decorados que hacen que te metas de lleno en la historia, con una sensaci\u00f3n de realismo que har\u00e1 que no sientas que es un juego.\" \/>\n<meta name=\"robots\" content=\"index, follow, max-snippet:-1, max-image-preview:large, max-video-preview:-1\" \/>\n<link rel=\"canonical\" href=\"https:\/\/thecityescaperoom.com\/barcelona\/base-secreta\/\" \/>\n<meta property=\"og:locale\" content=\"es_ES\" \/>\n<meta property=\"og:type\" content=\"article\" \/>\n<meta property=\"og:title\" content=\"La base secreta: C\u00f3digo Rojo - The City Escape Room\" \/>\n<meta property=\"og:description\" content=\"La Base Secreta: C\u00f3digo Rojo cuenta con una ambientaci\u00f3n y decorados que hacen que te metas de lleno en la historia, con una sensaci\u00f3n de realismo que har\u00e1 que no sientas que es un juego.\" \/>\n<meta property=\"og:url\" content=\"https:\/\/thecityescaperoom.com\/barcelona\/base-secreta\/\" \/>\n<meta property=\"og:site_name\" content=\"The City Escape Room\" \/>\n<meta property=\"article:publisher\" content=\"https:\/\/fb.me\/elementsescaperoom\" \/>\n<meta property=\"article:modified_time\" content=\"2025-06-25T21:51:51+00:00\" \/>\n<meta property=\"og:image\" content=\"https:\/\/thecityescaperoom.com\/barcelona\/wp-content\/uploads\/2024\/07\/codigo-rojo-thumbnail.jpg\" \/>\n\t<meta property=\"og:image:width\" content=\"1627\" \/>\n\t<meta property=\"og:image:height\" content=\"852\" \/>\n\t<meta property=\"og:image:type\" content=\"image\/jpeg\" \/>\n<meta name=\"twitter:card\" content=\"summary_large_image\" \/>\n<meta name=\"twitter:image\" content=\"https:\/\/thecityescaperoom.com\/barcelona\/wp-content\/uploads\/2024\/07\/codigo-rojo-thumbnail.jpg\" \/>\n<meta name=\"twitter:site\" content=\"@elementsescape\" \/>\n<meta name=\"twitter:label1\" content=\"Tiempo de lectura\" \/>\n\t<meta name=\"twitter:data1\" content=\"2 minutos\" \/>\n<script type=\"application\/ld+json\" class=\"yoast-schema-graph\">{\"@context\":\"https:\/\/schema.org\",\"@graph\":[{\"@type\":\"WebSite\",\"@id\":\"https:\/\/thecityescaperoom.com\/barcelona\/#website\",\"url\":\"https:\/\/thecityescaperoom.com\/barcelona\/\",\"name\":\"The City Escape Room\",\"description\":\"The City Escape Room\",\"potentialAction\":[{\"@type\":\"SearchAction\",\"target\":{\"@type\":\"EntryPoint\",\"urlTemplate\":\"https:\/\/thecityescaperoom.com\/barcelona\/?s={search_term_string}\"},\"query-input\":\"required name=search_term_string\"}],\"inLanguage\":\"es\"},{\"@type\":\"ImageObject\",\"inLanguage\":\"es\",\"@id\":\"https:\/\/thecityescaperoom.com\/barcelona\/base-secreta\/#primaryimage\",\"url\":\"https:\/\/thecityescaperoom.com\/barcelona\/wp-content\/uploads\/2024\/07\/codigo-rojo-thumbnail.jpg\",\"contentUrl\":\"https:\/\/thecityescaperoom.com\/barcelona\/wp-content\/uploads\/2024\/07\/codigo-rojo-thumbnail.jpg\",\"width\":1627,\"height\":852},{\"@type\":\"WebPage\",\"@id\":\"https:\/\/thecityescaperoom.com\/barcelona\/base-secreta\/#webpage\",\"url\":\"https:\/\/thecityescaperoom.com\/barcelona\/base-secreta\/\",\"name\":\"La base secreta: C\u00f3digo Rojo - The City Escape Room\",\"isPartOf\":{\"@id\":\"https:\/\/thecityescaperoom.com\/barcelona\/#website\"},\"primaryImageOfPage\":{\"@id\":\"https:\/\/thecityescaperoom.com\/barcelona\/base-secreta\/#primaryimage\"},\"datePublished\":\"2024-07-29T10:32:00+00:00\",\"dateModified\":\"2025-06-25T21:51:51+00:00\",\"description\":\"La Base Secreta: C\u00f3digo Rojo cuenta con una ambientaci\u00f3n y decorados que hacen que te metas de lleno en la historia, con una sensaci\u00f3n de realismo que har\u00e1 que no sientas que es un juego.\",\"breadcrumb\":{\"@id\":\"https:\/\/thecityescaperoom.com\/barcelona\/base-secreta\/#breadcrumb\"},\"inLanguage\":\"es\",\"potentialAction\":[{\"@type\":\"ReadAction\",\"target\":[\"https:\/\/thecityescaperoom.com\/barcelona\/base-secreta\/\"]}]},{\"@type\":\"BreadcrumbList\",\"@id\":\"https:\/\/thecityescaperoom.com\/barcelona\/base-secreta\/#breadcrumb\",\"itemListElement\":[{\"@type\":\"ListItem\",\"position\":1,\"name\":\"Portada\",\"item\":\"https:\/\/thecityescaperoom.com\/barcelona\/\"},{\"@type\":\"ListItem\",\"position\":2,\"name\":\"La base secreta: C\u00f3digo Rojo\"}]}]}<\/script>\n<!-- \/ Yoast SEO plugin. -->","yoast_head_json":{"title":"La base secreta: C\u00f3digo Rojo - The City Escape Room","description":"La Base Secreta: C\u00f3digo Rojo cuenta con una ambientaci\u00f3n y decorados que hacen que te metas de lleno en la historia, con una sensaci\u00f3n de realismo que har\u00e1 que no sientas que es un juego.","robots":{"index":"index","follow":"follow","max-snippet":"max-snippet:-1","max-image-preview":"max-image-preview:large","max-video-preview":"max-video-preview:-1"},"canonical":"https:\/\/thecityescaperoom.com\/barcelona\/base-secreta\/","og_locale":"es_ES","og_type":"article","og_title":"La base secreta: C\u00f3digo Rojo - The City Escape Room","og_description":"La Base Secreta: C\u00f3digo Rojo cuenta con una ambientaci\u00f3n y decorados que hacen que te metas de lleno en la historia, con una sensaci\u00f3n de realismo que har\u00e1 que no sientas que es un juego.","og_url":"https:\/\/thecityescaperoom.com\/barcelona\/base-secreta\/","og_site_name":"The City Escape Room","article_publisher":"https:\/\/fb.me\/elementsescaperoom","article_modified_time":"2025-06-25T21:51:51+00:00","og_image":[{"width":1627,"height":852,"url":"https:\/\/thecityescaperoom.com\/barcelona\/wp-content\/uploads\/2024\/07\/codigo-rojo-thumbnail.jpg","type":"image\/jpeg"}],"twitter_card":"summary_large_image","twitter_image":"https:\/\/thecityescaperoom.com\/barcelona\/wp-content\/uploads\/2024\/07\/codigo-rojo-thumbnail.jpg","twitter_site":"@elementsescape","twitter_misc":{"Tiempo de lectura":"2 minutos"},"schema":{"@context":"https:\/\/schema.org","@graph":[{"@type":"WebSite","@id":"https:\/\/thecityescaperoom.com\/barcelona\/#website","url":"https:\/\/thecityescaperoom.com\/barcelona\/","name":"The City Escape Room","description":"The City Escape Room","potentialAction":[{"@type":"SearchAction","target":{"@type":"EntryPoint","urlTemplate":"https:\/\/thecityescaperoom.com\/barcelona\/?s={search_term_string}"},"query-input":"required name=search_term_string"}],"inLanguage":"es"},{"@type":"ImageObject","inLanguage":"es","@id":"https:\/\/thecityescaperoom.com\/barcelona\/base-secreta\/#primaryimage","url":"https:\/\/thecityescaperoom.com\/barcelona\/wp-content\/uploads\/2024\/07\/codigo-rojo-thumbnail.jpg","contentUrl":"https:\/\/thecityescaperoom.com\/barcelona\/wp-content\/uploads\/2024\/07\/codigo-rojo-thumbnail.jpg","width":1627,"height":852},{"@type":"WebPage","@id":"https:\/\/thecityescaperoom.com\/barcelona\/base-secreta\/#webpage","url":"https:\/\/thecityescaperoom.com\/barcelona\/base-secreta\/","name":"La base secreta: C\u00f3digo Rojo - The City Escape Room","isPartOf":{"@id":"https:\/\/thecityescaperoom.com\/barcelona\/#website"},"primaryImageOfPage":{"@id":"https:\/\/thecityescaperoom.com\/barcelona\/base-secreta\/#primaryimage"},"datePublished":"2024-07-29T10:32:00+00:00","dateModified":"2025-06-25T21:51:51+00:00","description":"La Base Secreta: C\u00f3digo Rojo cuenta con una ambientaci\u00f3n y decorados que hacen que te metas de lleno en la historia, con una sensaci\u00f3n de realismo que har\u00e1 que no sientas que es un juego.","breadcrumb":{"@id":"https:\/\/thecityescaperoom.com\/barcelona\/base-secreta\/#breadcrumb"},"inLanguage":"es","potentialAction":[{"@type":"ReadAction","target":["https:\/\/thecityescaperoom.com\/barcelona\/base-secreta\/"]}]},{"@type":"BreadcrumbList","@id":"https:\/\/thecityescaperoom.com\/barcelona\/base-secreta\/#breadcrumb","itemListElement":[{"@type":"ListItem","position":1,"name":"Portada","item":"https:\/\/thecityescaperoom.com\/barcelona\/"},{"@type":"ListItem","position":2,"name":"La base secreta: C\u00f3digo Rojo"}]}]}},"_links":{"self":[{"href":"https:\/\/thecityescaperoom.com\/barcelona\/wp-json\/wp\/v2\/pages\/3711"}],"collection":[{"href":"https:\/\/thecityescaperoom.com\/barcelona\/wp-json\/wp\/v2\/pages"}],"about":[{"href":"https:\/\/thecityescaperoom.com\/barcelona\/wp-json\/wp\/v2\/types\/page"}],"author":[{"embeddable":true,"href":"https:\/\/thecityescaperoom.com\/barcelona\/wp-json\/wp\/v2\/users\/1"}],"replies":[{"embeddable":true,"href":"https:\/\/thecityescaperoom.com\/barcelona\/wp-json\/wp\/v2\/comments?post=3711"}],"version-history":[{"count":10,"href":"https:\/\/thecityescaperoom.com\/barcelona\/wp-json\/wp\/v2\/pages\/3711\/revisions"}],"predecessor-version":[{"id":3827,"href":"https:\/\/thecityescaperoom.com\/barcelona\/wp-json\/wp\/v2\/pages\/3711\/revisions\/3827"}],"wp:featuredmedia":[{"embeddable":true,"href":"https:\/\/thecityescaperoom.com\/barcelona\/wp-json\/wp\/v2\/media\/3720"}],"wp:attachment":[{"href":"https:\/\/thecityescaperoom.com\/barcelona\/wp-json\/wp\/v2\/media?parent=3711"}],"curies":[{"name":"wp","href":"https:\/\/api.w.org\/{rel}","templated":true}]}}