{"id":3724,"date":"2024-07-29T12:21:22","date_gmt":"2024-07-29T12:21:22","guid":{"rendered":"https:\/\/thecityescaperoom.com\/barcelona\/?page_id=3724"},"modified":"2025-04-23T22:53:49","modified_gmt":"2025-04-23T22:53:49","slug":"reserva-base-secreta","status":"publish","type":"page","link":"https:\/\/thecityescaperoom.com\/barcelona\/reserva-base-secreta\/","title":{"rendered":"Reserva La base secreta: C\u00f3digo Rojo"},"content":{"rendered":"<section class=\"l-section wpb_row us_custom_6df4bc3a has_text_color height_medium with_img\"><div class=\"l-section-img\" style=\"background-image: url(https:\/\/thecityescaperoom.com\/barcelona\/wp-content\/uploads\/2022\/10\/BANNER-RESERVAS.png);\" data-img-width=\"1920\" data-img-height=\"728\"><\/div><div class=\"l-section-h i-cf\"><div class=\"g-cols vc_row via_flex valign_top type_default\"><div class=\"vc_col-sm-12 wpb_column vc_column_container\"><div class=\"vc_column-inner\"><div class=\"wpb_wrapper\">[vc_custom_heading text=\u00bbReservas\u00bb font_container=\u00bbtag:h1|text_align:center\u00bb use_theme_fonts=\u00bbyes\u00bb css=\u00bb%7B%22default%22%3A%7B%22color%22%3A%22%23ffffff%22%2C%22font-weight%22%3A%22700%22%2C%22font-size%22%3A%224rem%22%2C%22line-height%22%3A%221%22%7D%7D\u00bb]<div class=\"wpb_text_column\"><div class=\"wpb_wrapper\"><div class=\"wpb_text_column\">\n<div class=\"wpb_wrapper\">\n<p style=\"text-align: center;\">No esperes m\u00e1s y disfruta de nuestras experiencias en The City Escape Room Barcelona<\/p>\n<\/div>\n<\/div>\n<\/div><\/div><\/div><\/div><\/div><\/div><\/div><\/section><section class=\"l-section wpb_row height_medium\"><div class=\"l-section-h i-cf\"><div class=\"g-cols vc_row via_flex valign_top type_default\"><div class=\"vc_col-sm-12 wpb_column vc_column_container\"><div class=\"vc_column-inner\"><div class=\"wpb_wrapper\"><div class=\"wpb_text_column\"><div class=\"wpb_wrapper\"><p>Para realizar tus reservas, selecciona la fecha que quieres venir a jugar, escoge la sala que m\u00e1s te apetezca, selecciona la hora y ya puedes proceder a formalizar la reserva introduciendo tus datos y haciendo el pago de la sesi\u00f3n (v\u00eda una paga y se\u00f1al de 50 \u20ac).<\/p>\n<p>Puedes encontrar\u00a0m\u00e1s informaci\u00f3n y detalles de los distintos juegos\u00a0en esta\u00a0<a href=\"https:\/\/thecityescaperoom.com\/barcelona\/juegos\/\">p\u00e1gina<\/a>. Ten en cuenta que para reservas de \u00faltima hora, debes de llamarnos al +34 682 289 441.<\/p>\n<\/div><\/div>[vc_raw_html]JTNDZGl2JTIwaWQlM0QlMjJhcHAlMjIlMjBkYXRhLXR5cGUlM0QlMjJib29raW5nJTIyJTIwZGF0YS1jYWxlbmRhcnN0eWxlJTNEJTIyTGlnaHQlMjIlMjBkYXRhLXRleHRzdHlsZSUzRCUyMkxpZ2h0JTIyJTIwZGF0YS1nYW1lJTNEJTIyMTAxMTE2JTJDMTAxMTA5JTJDNTg2JTJDNTg1JTJDMTAwNzM4JTJDMTAwODE1JTIyJTIwZGF0YS1jYWxlbmRhciUzRCUyMjElMjIlMjBkYXRhLWxhbmclM0QlMjJlcyUyMiUyMGRhdGEtdG9rZW4lM0QlMjJhRFNuQzNTeDFSOEFmYkVpJTIyJTNFJTNDJTJGZGl2JTNF[\/vc_raw_html]<div class=\"w-message color_blue\"><div class=\"w-message-body\"><p>Nota importante: el sistema de calendario se bloquea autom\u00e1ticamente 12 horas antes de que empiece una sesi\u00f3n. Si quieres hacer reservas de \u00faltima hora, ponte en contacto con nosotros a trav\u00e9s de nuestro tel\u00e9fono (+34 682 289 441) y te atenderemos encantados.<\/p>\n<\/div><\/div><\/div><\/div><\/div><\/div><\/div><\/section><section class=\"l-section wpb_row height_medium\"><div class=\"l-section-h i-cf\"><div class=\"g-cols vc_row via_flex valign_top type_default\"><div class=\"vc_col-sm-12 wpb_column vc_column_container\"><div class=\"vc_column-inner\"><div class=\"wpb_wrapper\"><\/div><\/div><\/div><\/div><\/div><\/section>\n","protected":false},"excerpt":{"rendered":"[vc_custom_heading text=\"Reservas\" font_container=\"tag:h1|text_align:center\" use_theme_fonts=\"yes\" css=\"%7B%22default%22%3A%7B%22color%22%3A%22%23ffffff%22%2C%22font-weight%22%3A%22700%22%2C%22font-size%22%3A%224rem%22%2C%22line-height%22%3A%221%22%7D%7D\"] No esperes m\u00e1s y disfruta de nuestras experiencias en The City Escape Room Barcelona Para realizar tus reservas, selecciona la fecha que quieres venir a jugar, escoge la sala que m\u00e1s te apetezca, selecciona la hora y ya puedes proceder a formalizar la reserva introduciendo tus datos y haciendo el...","protected":false},"author":1,"featured_media":3720,"parent":0,"menu_order":0,"comment_status":"closed","ping_status":"closed","template":"","meta":[],"yoast_head":"<!-- This site is optimized with the Yoast SEO plugin v19.1 - https:\/\/yoast.com\/wordpress\/plugins\/seo\/ -->\n<title>Reservar La base secreta: C\u00f3digo Rojo - The City Escape Room<\/title>\n<meta name=\"description\" content=\"Reserva tu experiencia La base secreta: C\u00f3digo Rojo con The City y ad\u00e9ntrate en el mejor ocio alternativo de Barcelona\" \/>\n<meta name=\"robots\" content=\"index, follow, max-snippet:-1, max-image-preview:large, max-video-preview:-1\" \/>\n<link rel=\"canonical\" href=\"https:\/\/thecityescaperoom.com\/barcelona\/reserva-base-secreta\/\" \/>\n<meta property=\"og:locale\" content=\"es_ES\" \/>\n<meta property=\"og:type\" content=\"article\" \/>\n<meta property=\"og:title\" content=\"Reservar La base secreta: C\u00f3digo Rojo - The City Escape Room\" \/>\n<meta property=\"og:description\" content=\"Reserva tu experiencia La base secreta: C\u00f3digo Rojo con The City y ad\u00e9ntrate en el mejor ocio alternativo de Barcelona\" \/>\n<meta property=\"og:url\" content=\"https:\/\/thecityescaperoom.com\/barcelona\/reserva-base-secreta\/\" \/>\n<meta property=\"og:site_name\" content=\"The City Escape Room\" \/>\n<meta property=\"article:publisher\" content=\"https:\/\/fb.me\/elementsescaperoom\" \/>\n<meta property=\"article:modified_time\" content=\"2025-04-23T22:53:49+00:00\" \/>\n<meta property=\"og:image\" content=\"https:\/\/thecityescaperoom.com\/barcelona\/wp-content\/uploads\/2024\/07\/codigo-rojo-thumbnail.jpg\" \/>\n\t<meta property=\"og:image:width\" content=\"1627\" \/>\n\t<meta property=\"og:image:height\" content=\"852\" \/>\n\t<meta property=\"og:image:type\" content=\"image\/jpeg\" \/>\n<meta name=\"twitter:card\" content=\"summary_large_image\" \/>\n<meta name=\"twitter:site\" content=\"@elementsescape\" \/>\n<meta name=\"twitter:label1\" content=\"Tiempo de lectura\" \/>\n\t<meta name=\"twitter:data1\" content=\"1 minuto\" \/>\n<script type=\"application\/ld+json\" class=\"yoast-schema-graph\">{\"@context\":\"https:\/\/schema.org\",\"@graph\":[{\"@type\":\"WebSite\",\"@id\":\"https:\/\/thecityescaperoom.com\/barcelona\/#website\",\"url\":\"https:\/\/thecityescaperoom.com\/barcelona\/\",\"name\":\"The City Escape Room\",\"description\":\"The City Escape Room\",\"potentialAction\":[{\"@type\":\"SearchAction\",\"target\":{\"@type\":\"EntryPoint\",\"urlTemplate\":\"https:\/\/thecityescaperoom.com\/barcelona\/?s={search_term_string}\"},\"query-input\":\"required name=search_term_string\"}],\"inLanguage\":\"es\"},{\"@type\":\"ImageObject\",\"inLanguage\":\"es\",\"@id\":\"https:\/\/thecityescaperoom.com\/barcelona\/reserva-base-secreta\/#primaryimage\",\"url\":\"https:\/\/thecityescaperoom.com\/barcelona\/wp-content\/uploads\/2024\/07\/codigo-rojo-thumbnail.jpg\",\"contentUrl\":\"https:\/\/thecityescaperoom.com\/barcelona\/wp-content\/uploads\/2024\/07\/codigo-rojo-thumbnail.jpg\",\"width\":1627,\"height\":852},{\"@type\":\"WebPage\",\"@id\":\"https:\/\/thecityescaperoom.com\/barcelona\/reserva-base-secreta\/#webpage\",\"url\":\"https:\/\/thecityescaperoom.com\/barcelona\/reserva-base-secreta\/\",\"name\":\"Reservar La base secreta: C\u00f3digo Rojo - The City Escape Room\",\"isPartOf\":{\"@id\":\"https:\/\/thecityescaperoom.com\/barcelona\/#website\"},\"primaryImageOfPage\":{\"@id\":\"https:\/\/thecityescaperoom.com\/barcelona\/reserva-base-secreta\/#primaryimage\"},\"datePublished\":\"2024-07-29T12:21:22+00:00\",\"dateModified\":\"2025-04-23T22:53:49+00:00\",\"description\":\"Reserva tu experiencia La base secreta: C\u00f3digo Rojo con The City y ad\u00e9ntrate en el mejor ocio alternativo de Barcelona\",\"breadcrumb\":{\"@id\":\"https:\/\/thecityescaperoom.com\/barcelona\/reserva-base-secreta\/#breadcrumb\"},\"inLanguage\":\"es\",\"potentialAction\":[{\"@type\":\"ReadAction\",\"target\":[\"https:\/\/thecityescaperoom.com\/barcelona\/reserva-base-secreta\/\"]}]},{\"@type\":\"BreadcrumbList\",\"@id\":\"https:\/\/thecityescaperoom.com\/barcelona\/reserva-base-secreta\/#breadcrumb\",\"itemListElement\":[{\"@type\":\"ListItem\",\"position\":1,\"name\":\"Portada\",\"item\":\"https:\/\/thecityescaperoom.com\/barcelona\/\"},{\"@type\":\"ListItem\",\"position\":2,\"name\":\"Reserva La base secreta: C\u00f3digo Rojo\"}]}]}<\/script>\n<!-- \/ Yoast SEO plugin. -->","yoast_head_json":{"title":"Reservar La base secreta: C\u00f3digo Rojo - The City Escape Room","description":"Reserva tu experiencia La base secreta: C\u00f3digo Rojo con The City y ad\u00e9ntrate en el mejor ocio alternativo de Barcelona","robots":{"index":"index","follow":"follow","max-snippet":"max-snippet:-1","max-image-preview":"max-image-preview:large","max-video-preview":"max-video-preview:-1"},"canonical":"https:\/\/thecityescaperoom.com\/barcelona\/reserva-base-secreta\/","og_locale":"es_ES","og_type":"article","og_title":"Reservar La base secreta: C\u00f3digo Rojo - The City Escape Room","og_description":"Reserva tu experiencia La base secreta: C\u00f3digo Rojo con The City y ad\u00e9ntrate en el mejor ocio alternativo de Barcelona","og_url":"https:\/\/thecityescaperoom.com\/barcelona\/reserva-base-secreta\/","og_site_name":"The City Escape Room","article_publisher":"https:\/\/fb.me\/elementsescaperoom","article_modified_time":"2025-04-23T22:53:49+00:00","og_image":[{"width":1627,"height":852,"url":"https:\/\/thecityescaperoom.com\/barcelona\/wp-content\/uploads\/2024\/07\/codigo-rojo-thumbnail.jpg","type":"image\/jpeg"}],"twitter_card":"summary_large_image","twitter_site":"@elementsescape","twitter_misc":{"Tiempo de lectura":"1 minuto"},"schema":{"@context":"https:\/\/schema.org","@graph":[{"@type":"WebSite","@id":"https:\/\/thecityescaperoom.com\/barcelona\/#website","url":"https:\/\/thecityescaperoom.com\/barcelona\/","name":"The City Escape Room","description":"The City Escape Room","potentialAction":[{"@type":"SearchAction","target":{"@type":"EntryPoint","urlTemplate":"https:\/\/thecityescaperoom.com\/barcelona\/?s={search_term_string}"},"query-input":"required name=search_term_string"}],"inLanguage":"es"},{"@type":"ImageObject","inLanguage":"es","@id":"https:\/\/thecityescaperoom.com\/barcelona\/reserva-base-secreta\/#primaryimage","url":"https:\/\/thecityescaperoom.com\/barcelona\/wp-content\/uploads\/2024\/07\/codigo-rojo-thumbnail.jpg","contentUrl":"https:\/\/thecityescaperoom.com\/barcelona\/wp-content\/uploads\/2024\/07\/codigo-rojo-thumbnail.jpg","width":1627,"height":852},{"@type":"WebPage","@id":"https:\/\/thecityescaperoom.com\/barcelona\/reserva-base-secreta\/#webpage","url":"https:\/\/thecityescaperoom.com\/barcelona\/reserva-base-secreta\/","name":"Reservar La base secreta: C\u00f3digo Rojo - The City Escape Room","isPartOf":{"@id":"https:\/\/thecityescaperoom.com\/barcelona\/#website"},"primaryImageOfPage":{"@id":"https:\/\/thecityescaperoom.com\/barcelona\/reserva-base-secreta\/#primaryimage"},"datePublished":"2024-07-29T12:21:22+00:00","dateModified":"2025-04-23T22:53:49+00:00","description":"Reserva tu experiencia La base secreta: C\u00f3digo Rojo con The City y ad\u00e9ntrate en el mejor ocio alternativo de Barcelona","breadcrumb":{"@id":"https:\/\/thecityescaperoom.com\/barcelona\/reserva-base-secreta\/#breadcrumb"},"inLanguage":"es","potentialAction":[{"@type":"ReadAction","target":["https:\/\/thecityescaperoom.com\/barcelona\/reserva-base-secreta\/"]}]},{"@type":"BreadcrumbList","@id":"https:\/\/thecityescaperoom.com\/barcelona\/reserva-base-secreta\/#breadcrumb","itemListElement":[{"@type":"ListItem","position":1,"name":"Portada","item":"https:\/\/thecityescaperoom.com\/barcelona\/"},{"@type":"ListItem","position":2,"name":"Reserva La base secreta: C\u00f3digo Rojo"}]}]}},"_links":{"self":[{"href":"https:\/\/thecityescaperoom.com\/barcelona\/wp-json\/wp\/v2\/pages\/3724"}],"collection":[{"href":"https:\/\/thecityescaperoom.com\/barcelona\/wp-json\/wp\/v2\/pages"}],"about":[{"href":"https:\/\/thecityescaperoom.com\/barcelona\/wp-json\/wp\/v2\/types\/page"}],"author":[{"embeddable":true,"href":"https:\/\/thecityescaperoom.com\/barcelona\/wp-json\/wp\/v2\/users\/1"}],"replies":[{"embeddable":true,"href":"https:\/\/thecityescaperoom.com\/barcelona\/wp-json\/wp\/v2\/comments?post=3724"}],"version-history":[{"count":3,"href":"https:\/\/thecityescaperoom.com\/barcelona\/wp-json\/wp\/v2\/pages\/3724\/revisions"}],"predecessor-version":[{"id":3800,"href":"https:\/\/thecityescaperoom.com\/barcelona\/wp-json\/wp\/v2\/pages\/3724\/revisions\/3800"}],"wp:featuredmedia":[{"embeddable":true,"href":"https:\/\/thecityescaperoom.com\/barcelona\/wp-json\/wp\/v2\/media\/3720"}],"wp:attachment":[{"href":"https:\/\/thecityescaperoom.com\/barcelona\/wp-json\/wp\/v2\/media?parent=3724"}],"curies":[{"name":"wp","href":"https:\/\/api.w.org\/{rel}","templated":true}]}}